{"id":46518,"date":"2021-02-21T17:12:37","date_gmt":"2021-02-21T17:12:37","guid":{"rendered":"https:\/\/www.autonvaraosahaku.fi\/?product=vaico-v30-40012-jarrulevyt"},"modified":"2021-02-21T17:12:42","modified_gmt":"2021-02-21T17:12:42","slug":"vaico-v30-40012-jarrulevyt","status":"publish","type":"product","link":"https:\/\/www.autonvaraosahaku.fi\/?product=vaico-v30-40012-jarrulevyt","title":{"rendered":"VAICO V30-40012 Jarrulevyt"},"content":{"rendered":"<p>Asennuspuoli: Taka-akseli, Taka-akseli; Jarrulevyn navan korkeus [mm]: 46,1; Vanne, aukkoja: 5; Korkeus (mm): 55,5; Jarrulevytyyppi: Vakiomalli; Jarrulevyn paksuus (mm): 9; V\u00e4himm\u00e4ispaksuus (mm): 7,3; Ulkol\u00e4pimitta [mm]: 278; keskitt\u00e4misl\u00e4pimitta [mm]: 67; Reik\u00e4ympyr\u00e4-\u00d8 [mm]: 112; Pakkausleveys [cm]: 28, 28; Pakkauskorkeus [mm]: 12, 12; Pakkaussyvyys [cm]: 28, 28; L\u00e4pimitta [mm]: 278; Reik\u00e4-\u00d8 3 [mm]: 8,5; Paino [kg]: 4,568; lis\u00e4tieto: CST99; Valmistusvuosi alkaen: 01\/1990; MERCEDES-BENZ: C-CLASS W203,C-CLASS W202,SLK R170,E-CLASS W210,C-CLASS Coupe CL203,Stufenheck W124,SLK R171,CLK C208,CLK C209,C-CLASS Kombi S202,KOMBI Kombi S124,E-CLASS W124,CLK Cabriolet A208,COUPE C124,CLK Cabriolet A209,E-CLASS Kombi S124,CLC-CLASS CL203,E-CLASS Cabriolet A124,E-CLASS Coupe C124,CABRIOLET A124; CHRYSLER: CROSSFIRE,CROSSFIRE Roadster; 1244230512, 2014230512, 2034230012, 2034230112, 2104230112, 2104230412, A1244230512, A2014230512, A2034230012, A2034230112, A2104230112, A2104230412; Jarrulevy<\/p>\n","protected":false},"excerpt":{"rendered":"<p>VAICO Jarrulevyt V30-40012 Jarrulevy MERCEDES-BENZ,CHRYSLER,C-CLASS W203,C-CLASS W202,SLK R170,E-CLASS W210,C-CLASS Coupe CL203,Stufenheck W124<\/p>\n","protected":false},"featured_media":0,"template":"","meta":{"site-sidebar-layout":"default","site-content-layout":"default","ast-global-header-display":"","ast-main-header-display":"","ast-hfb-above-header-display":"","ast-hfb-below-header-display":"","ast-hfb-mobile-header-display":"","site-post-title":"","ast-breadcrumbs-content":"","ast-featured-img":"","footer-sml-layout":"","theme-transparent-header-meta":"","adv-header-id-meta":"","stick-header-meta":"","header-above-stick-meta":"","header-main-stick-meta":"","header-below-stick-meta":""},"pwb-brand":[330],"product_cat":[66],"product_tag":[],"class_list":{"0":"post-46518","1":"product","2":"type-product","3":"status-publish","5":"pwb-brand-vaico","6":"product_cat-jarrulevyt","7":"desktop-align-left","8":"tablet-align-left","9":"mobile-align-left","11":"first","12":"instock","13":"product-type-external"},"brands":[{"id":330,"name":"VAICO","slug":"vaico"}],"_links":{"self":[{"href":"https:\/\/www.autonvaraosahaku.fi\/index.php?rest_route=\/wp\/v2\/product\/46518","targetHints":{"allow":["GET"]}}],"collection":[{"href":"https:\/\/www.autonvaraosahaku.fi\/index.php?rest_route=\/wp\/v2\/product"}],"about":[{"href":"https:\/\/www.autonvaraosahaku.fi\/index.php?rest_route=\/wp\/v2\/types\/product"}],"wp:attachment":[{"href":"https:\/\/www.autonvaraosahaku.fi\/index.php?rest_route=%2Fwp%2Fv2%2Fmedia&parent=46518"}],"wp:term":[{"taxonomy":"pwb-brand","embeddable":true,"href":"https:\/\/www.autonvaraosahaku.fi\/index.php?rest_route=%2Fwp%2Fv2%2Fpwb-brand&post=46518"},{"taxonomy":"product_cat","embeddable":true,"href":"https:\/\/www.autonvaraosahaku.fi\/index.php?rest_route=%2Fwp%2Fv2%2Fproduct_cat&post=46518"},{"taxonomy":"product_tag","embeddable":true,"href":"https:\/\/www.autonvaraosahaku.fi\/index.php?rest_route=%2Fwp%2Fv2%2Fproduct_tag&post=46518"}],"curies":[{"name":"wp","href":"https:\/\/api.w.org\/{rel}","templated":true}]}}