{"id":46551,"date":"2021-02-21T17:12:48","date_gmt":"2021-02-21T17:12:48","guid":{"rendered":"https:\/\/www.autonvaraosahaku.fi\/?product=mahle-original-oc-288-oljynsuodatin"},"modified":"2021-02-21T17:12:51","modified_gmt":"2021-02-21T17:12:51","slug":"mahle-original-oc-288-oljynsuodatin","status":"publish","type":"product","link":"https:\/\/www.autonvaraosahaku.fi\/?product=mahle-original-oc-288-oljynsuodatin","title":{"rendered":"MAHLE ORIGINAL OC 288 \u00d6ljynsuodatin"},"content":{"rendered":"<p>Suodatintyyppi: Ruuvattava suodatin; L\u00e4pimitta [mm]: 93,2; Korkeus (mm): 101,0; Korkeus 1 (mm): 99,5; Ulkol\u00e4pimitta 2 [mm]: 72,0; Sis\u00e4l\u00e4pimitta 2 [mm]: 62,0; Liitinkierre: M22x1,5; Kiristysmomentti: 20; Suositellun erikoisty\u00f6kalun tuotenumero: OCS 2; Vaihteistomalli: Automatikgetriebe; MAZDA: TRIBUTE EP,MPV II LW; JEEP: GRAND CHEROKEE III WH, WK,GRAND CHEROKEE IV WK, WK2,COMMANDER XK,CHEROKEE KL; FORD USA: EXPLORER U2,EXPLORER U251; CHRYSLER: 300 C Touring LX,300 C LX,SEBRING JS,SEBRING Cabriolet JS,300 C; ROVER: 75 RJ,75 Tourer RJ; FORD: MONDEO III Kombi BWY,MONDEO III B5Y,MAVERICK,MONDEO III Stufenheck B4Y,MONDEO II Kombi BNP,COUGAR EC_,MONDEO II BAP,MONDEO II Stufenheck BFP,MONDEO I Kombi BNP,MONDEO I GBP,MONDEO I Stufenheck GBP; MG: MG ZT- T,MG ZT; DODGE: CALIBER,JOURNEY,AVENGER,DURANGO WD; 00K04884899AC, 04884899AB, 04884899AC, 4884899AB, 4884899AC, 5038041AA, 68045835AA, K04884899AB, K04884899AC, 4884899AB, 4884899AC, 3322581, 3652061, 3904728, 3907428, 3W7E6714AA, 3W7E6714AB, 4137784, 4628534, 5116166, 5117301, 5191626, 6636968, 9U2J6731AA, 9U2J6731AB, F1AE6714BC, F1AE6714BD, F1AZ6731A, F1AZ6731BD, FL820, FL820S, T101853, XW4E6714BA, XW4E6714DA, 19160693, 19160696, 89017527, 4884899AB, 4884899AC, LR029240, AJ0414302B, AJ0414302C, AJ0414302D, AJ0414302E, AJ0414302F, AJ0415302B, AJ5714302, AJTM14302, GY0114302B, LPW000070, LPW000070<\/p>\n","protected":false},"excerpt":{"rendered":"<p>MAHLE ORIGINAL \u00d6ljynsuodatin OC 288  MAZDA,JEEP,FORD USA,TRIBUTE EP,MPV II LW,GRAND CHEROKEE III WH, WK,GRAND CHEROKEE IV WK, WK2,COMMANDER XK<\/p>\n","protected":false},"featured_media":0,"template":"","meta":{"site-sidebar-layout":"default","site-content-layout":"default","ast-global-header-display":"","ast-main-header-display":"","ast-hfb-above-header-display":"","ast-hfb-below-header-display":"","ast-hfb-mobile-header-display":"","site-post-title":"","ast-breadcrumbs-content":"","ast-featured-img":"","footer-sml-layout":"","theme-transparent-header-meta":"","adv-header-id-meta":"","stick-header-meta":"","header-above-stick-meta":"","header-main-stick-meta":"","header-below-stick-meta":""},"pwb-brand":[153],"product_cat":[30],"product_tag":[],"class_list":{"0":"post-46551","1":"product","2":"type-product","3":"status-publish","5":"pwb-brand-mahle-original","6":"product_cat-oljynsuodatin","7":"desktop-align-left","8":"tablet-align-left","9":"mobile-align-left","11":"first","12":"instock","13":"product-type-external"},"brands":[{"id":153,"name":"MAHLE ORIGINAL","slug":"mahle-original"}],"_links":{"self":[{"href":"https:\/\/www.autonvaraosahaku.fi\/index.php?rest_route=\/wp\/v2\/product\/46551","targetHints":{"allow":["GET"]}}],"collection":[{"href":"https:\/\/www.autonvaraosahaku.fi\/index.php?rest_route=\/wp\/v2\/product"}],"about":[{"href":"https:\/\/www.autonvaraosahaku.fi\/index.php?rest_route=\/wp\/v2\/types\/product"}],"wp:attachment":[{"href":"https:\/\/www.autonvaraosahaku.fi\/index.php?rest_route=%2Fwp%2Fv2%2Fmedia&parent=46551"}],"wp:term":[{"taxonomy":"pwb-brand","embeddable":true,"href":"https:\/\/www.autonvaraosahaku.fi\/index.php?rest_route=%2Fwp%2Fv2%2Fpwb-brand&post=46551"},{"taxonomy":"product_cat","embeddable":true,"href":"https:\/\/www.autonvaraosahaku.fi\/index.php?rest_route=%2Fwp%2Fv2%2Fproduct_cat&post=46551"},{"taxonomy":"product_tag","embeddable":true,"href":"https:\/\/www.autonvaraosahaku.fi\/index.php?rest_route=%2Fwp%2Fv2%2Fproduct_tag&post=46551"}],"curies":[{"name":"wp","href":"https:\/\/api.w.org\/{rel}","templated":true}]}}