{"id":46564,"date":"2021-02-21T17:12:54","date_gmt":"2021-02-21T17:12:54","guid":{"rendered":"https:\/\/www.autonvaraosahaku.fi\/?product=vaico-v25-0796-muut-luokat"},"modified":"2021-02-21T17:12:55","modified_gmt":"2021-02-21T17:12:55","slug":"vaico-v25-0796-muut-luokat","status":"publish","type":"product","link":"https:\/\/www.autonvaraosahaku.fi\/?product=vaico-v25-0796-muut-luokat","title":{"rendered":"VAICO V25-0796 Muut luokat"},"content":{"rendered":"<p>Suositeltu vaihtov\u00e4li [vuotta]: 5; Suositeltu vaihtov\u00e4li [km]: 45000; Vaihteistomalli: DCT470, DW6, MPS6 POWERSHIFT, DCT450, 6DCT450, Powershift, 6DCT450-MPS6; Lis\u00e4ksi tarvittavat tuotteet ks. tarvikeluettelo: ; Tilavuus (litra): 6; Vaihteistomalli: kaksoiskytkinvaihteistolle 6 vaiht., Automaattivaihteisto, 6-vaiht.; M\u00e4\u00e4r\u00e4yksikk\u00f6: Sarja; Korvaava tuote\/korvaava tiedote 2: \u00f6ljym\u00e4\u00e4r\u00e4 vakio\u00f6ljynvaihtov\u00e4lille, Tiivisterenkaalla; Lis\u00e4tarvike\/lis\u00e4tieto: Tiivisteill\u00e4; Kytkin: ajon. kaksoiskytkimell\u00e4; Paino [kg]: 6,36; Pakkausleveys [cm]: 25,1; Pakkauskorkeus [mm]: 28,1; Pakkaussyvyys [cm]: 32; FORD: FOCUS II Kombi DA_,MONDEO IV Turnier BA7,FOCUS II DA_,S-MAX WA6,FOCUS III Turnier,GALAXY WA6,KUGA I,C-MAX DM2,FOCUS III,C-MAX II,MONDEO IV BA7,KUGA II DM2,GRAND C-MAX,FOCUS II Stufenheck DA_,FOCUS II Cabriolet,FOCUS III Stufenheck,MONDEO IV Stufenheck BA7,TOURNEO CONNECT \/ GRAND TOURNEO CONNECT Kombi,TRANSIT CONNECT Kasten,MONDEO V Turnier,MONDEO V Stufenheck,GRAND C-MAX Van,GALAXY,MONDEO V Schr\u00e4gheck,C-MAX II Van,TRANSIT CONNECT Kombi,KUGA II Van,FOCUS III Kasten\/Schr\u00e4gheck; RENAULT: TRAFIC III Kasten,TRAFIC III Bus,KADJAR,MEGANE IV B9A\/M_,MEGANE IV Grandtour K9A\/M_,ESPACE V,TALISMAN Grandtour KP_,TALISMAN,MEGANE IV Stufenheck,TRAFIC III Pritsche\/Fahrgestell EG_; VOLVO: V50 MW,XC60,V70 III BW,C30,V60,S40 II MS,C70 II Cabriolet,V40 Schr\u00e4gheck,S80 II AS,S60 II; MITSUBISHI: OUTLANDER XL II CW_W,LANCER SPORTBACK CX_A,LANCER Stufenheck CY\/Z_A; FORD USA: EDGE; 1564960, 1564960kit, 1564965, 1564965kit, 1589089, 1589089kit, 7M5R6C631AB, 7M5R6C631ABkit, 7M5R6C631AC, 7M5R6C631ACkit, 7M5R6C631AD, 7M5R6C631ADkit, 2513A040, 152004740R, 31256837, 31259415, 31259611<\/p>\n","protected":false},"excerpt":{"rendered":"<p>VAICO Tarvikesarja, \u00d6ljynvaihto-Automaattivaihteisto V25-0796  FORD,RENAULT,VOLVO,FOCUS II Kombi DA_,MONDEO IV Turnier BA7,FOCUS II DA_,S-MAX WA6<\/p>\n","protected":false},"featured_media":0,"template":"","meta":{"site-sidebar-layout":"default","site-content-layout":"default","ast-global-header-display":"","ast-main-header-display":"","ast-hfb-above-header-display":"","ast-hfb-below-header-display":"","ast-hfb-mobile-header-display":"","site-post-title":"","ast-breadcrumbs-content":"","ast-featured-img":"","footer-sml-layout":"","theme-transparent-header-meta":"","adv-header-id-meta":"","stick-header-meta":"","header-above-stick-meta":"","header-main-stick-meta":"","header-below-stick-meta":""},"pwb-brand":[330],"product_cat":[37],"product_tag":[],"class_list":{"0":"post-46564","1":"product","2":"type-product","3":"status-publish","5":"pwb-brand-vaico","6":"product_cat-muut-luokat","7":"desktop-align-left","8":"tablet-align-left","9":"mobile-align-left","11":"first","12":"instock","13":"product-type-external"},"brands":[{"id":330,"name":"VAICO","slug":"vaico"}],"_links":{"self":[{"href":"https:\/\/www.autonvaraosahaku.fi\/index.php?rest_route=\/wp\/v2\/product\/46564","targetHints":{"allow":["GET"]}}],"collection":[{"href":"https:\/\/www.autonvaraosahaku.fi\/index.php?rest_route=\/wp\/v2\/product"}],"about":[{"href":"https:\/\/www.autonvaraosahaku.fi\/index.php?rest_route=\/wp\/v2\/types\/product"}],"wp:attachment":[{"href":"https:\/\/www.autonvaraosahaku.fi\/index.php?rest_route=%2Fwp%2Fv2%2Fmedia&parent=46564"}],"wp:term":[{"taxonomy":"pwb-brand","embeddable":true,"href":"https:\/\/www.autonvaraosahaku.fi\/index.php?rest_route=%2Fwp%2Fv2%2Fpwb-brand&post=46564"},{"taxonomy":"product_cat","embeddable":true,"href":"https:\/\/www.autonvaraosahaku.fi\/index.php?rest_route=%2Fwp%2Fv2%2Fproduct_cat&post=46564"},{"taxonomy":"product_tag","embeddable":true,"href":"https:\/\/www.autonvaraosahaku.fi\/index.php?rest_route=%2Fwp%2Fv2%2Fproduct_tag&post=46564"}],"curies":[{"name":"wp","href":"https:\/\/api.w.org\/{rel}","templated":true}]}}