{"id":46567,"date":"2021-02-21T17:12:54","date_gmt":"2021-02-21T17:12:54","guid":{"rendered":"https:\/\/www.autonvaraosahaku.fi\/?product=mahle-original-la-428-s-raitisilmasuodatin"},"modified":"2021-02-21T17:12:55","modified_gmt":"2021-02-21T17:12:55","slug":"mahle-original-la-428-s-raitisilmasuodatin","status":"publish","type":"product","link":"https:\/\/www.autonvaraosahaku.fi\/?product=mahle-original-la-428-s-raitisilmasuodatin","title":{"rendered":"MAHLE ORIGINAL LA 428\/S Raitisilmasuodatin"},"content":{"rendered":"<p>Suodatintyyppi: Hiukkassuodatin; Korkeus (mm): 30,0; Kokonaispituus (mm): 330,0; Pituus 1 (mm): 290,0; Leveys (mm): 97,5, 97,5, 95,0, 95,0; OPEL: GRANDLAND X A18; TOYOTA: PROACE Bus MPY_,PROACE Kasten MDZ_,PROACE Pritsche\/Fahrgestell MDZ_; CITRO\u00cbN: XSARA PICASSO N68,BERLINGO B9,C4 Picasso I UD_,C4 Grand Picasso I UA_,BERLINGO Kasten B9,C4 Grand Picasso II,C4 Picasso II,DS5,BERLINGO Pritsche\/Fahrgestell B9,JUMPY Kasten,SPACETOURER,JUMPY,JUMPY Pritsche\/Fahrgestell; PEUGEOT: 5008,3008,PARTNER Tepee,PARTNER Kasten,PARTNER Pritsche\/Fahrgestell,3008 SUV,EXPERT Kasten,5008 II,TRAVELLER; DS: DS5,DS7 Crossback; VAUXHALL: GRANDLAND X A18; 1609998980, 6447KR, 6447XF, 647992, 647993, 6479A1, 9807746380, 6447XF, 6447XF, 6447XG, 9821501880, 1609998980, 6447HP, 6447XF, 647992, 647993, 9807746380, SU001A5966, 6447XF, 6447XG; Sis\u00e4ilmansuodatin,Suodatin, Sis\u00e4ilma<\/p>\n","protected":false},"excerpt":{"rendered":"<p>MAHLE ORIGINAL Raitisilmasuodatin LA 428\/S Sis\u00e4ilmansuodatin,Suodatin, Sis\u00e4ilma OPEL,TOYOTA,CITRO\u00cbN,GRANDLAND X A18,PROACE Bus MPY_,PROACE Kasten MDZ_<\/p>\n","protected":false},"featured_media":0,"template":"","meta":{"site-sidebar-layout":"default","site-content-layout":"default","ast-global-header-display":"","ast-main-header-display":"","ast-hfb-above-header-display":"","ast-hfb-below-header-display":"","ast-hfb-mobile-header-display":"","site-post-title":"","ast-breadcrumbs-content":"","ast-featured-img":"","footer-sml-layout":"","theme-transparent-header-meta":"","adv-header-id-meta":"","stick-header-meta":"","header-above-stick-meta":"","header-main-stick-meta":"","header-below-stick-meta":""},"pwb-brand":[153],"product_cat":[19],"product_tag":[],"class_list":{"0":"post-46567","1":"product","2":"type-product","3":"status-publish","5":"pwb-brand-mahle-original","6":"product_cat-raitisilmasuodatin","7":"desktop-align-left","8":"tablet-align-left","9":"mobile-align-left","11":"first","12":"instock","13":"product-type-external"},"brands":[{"id":153,"name":"MAHLE ORIGINAL","slug":"mahle-original"}],"_links":{"self":[{"href":"https:\/\/www.autonvaraosahaku.fi\/index.php?rest_route=\/wp\/v2\/product\/46567","targetHints":{"allow":["GET"]}}],"collection":[{"href":"https:\/\/www.autonvaraosahaku.fi\/index.php?rest_route=\/wp\/v2\/product"}],"about":[{"href":"https:\/\/www.autonvaraosahaku.fi\/index.php?rest_route=\/wp\/v2\/types\/product"}],"wp:attachment":[{"href":"https:\/\/www.autonvaraosahaku.fi\/index.php?rest_route=%2Fwp%2Fv2%2Fmedia&parent=46567"}],"wp:term":[{"taxonomy":"pwb-brand","embeddable":true,"href":"https:\/\/www.autonvaraosahaku.fi\/index.php?rest_route=%2Fwp%2Fv2%2Fpwb-brand&post=46567"},{"taxonomy":"product_cat","embeddable":true,"href":"https:\/\/www.autonvaraosahaku.fi\/index.php?rest_route=%2Fwp%2Fv2%2Fproduct_cat&post=46567"},{"taxonomy":"product_tag","embeddable":true,"href":"https:\/\/www.autonvaraosahaku.fi\/index.php?rest_route=%2Fwp%2Fv2%2Fproduct_tag&post=46567"}],"curies":[{"name":"wp","href":"https:\/\/api.w.org\/{rel}","templated":true}]}}