{"id":46596,"date":"2021-02-21T17:12:59","date_gmt":"2021-02-21T17:12:59","guid":{"rendered":"https:\/\/www.autonvaraosahaku.fi\/?product=sasic-4001514-kallistuksenvakaajan-puslat"},"modified":"2021-02-21T17:13:03","modified_gmt":"2021-02-21T17:13:03","slug":"sasic-4001514-kallistuksenvakaajan-puslat","status":"publish","type":"product","link":"https:\/\/www.autonvaraosahaku.fi\/?product=sasic-4001514-kallistuksenvakaajan-puslat","title":{"rendered":"SASIC 4001514 Kallistuksenvakaajan puslat"},"content":{"rendered":"<p>Asennuspuoli: etuakseli molemminpuoleinen; Tanko \/ tuki: Yhdystanko; Sis\u00e4l\u00e4pimitta [mm]: 9; Ulkol\u00e4pimitta [mm]: 29; Pituus, sis\u00e4 (mm): 26; Pituus, ulko (mm): 22,5; OE-numerolle: 7700611100; RENAULT: TRAFIC Kasten TXX,TRAFIC Bus TXW,TRAFIC Kasten T1, T3, T4,TRAFIC Bus T5, T6, T7,TRAFIC Pritsche\/Fahrgestell P6,TRAFIC Pritsche\/Fahrgestell PXX; 7700611100; Kallistuksenvakaajan Kumit,Vakaajan Hela<\/p>\n","protected":false},"excerpt":{"rendered":"<p>SASIC Kallistuksenvakaajan Puslat 4001514 Kallistuksenvakaajan Kumit,Vakaajan Hela RENAULT,TRAFIC Kasten TXX,TRAFIC Bus TXW,TRAFIC Kasten T1, T3, T4<\/p>\n","protected":false},"featured_media":0,"template":"","meta":{"site-sidebar-layout":"default","site-content-layout":"default","ast-global-header-display":"","ast-main-header-display":"","ast-hfb-above-header-display":"","ast-hfb-below-header-display":"","ast-hfb-mobile-header-display":"","site-post-title":"","ast-breadcrumbs-content":"","ast-featured-img":"","footer-sml-layout":"","theme-transparent-header-meta":"","adv-header-id-meta":"","stick-header-meta":"","header-above-stick-meta":"","header-main-stick-meta":"","header-below-stick-meta":""},"pwb-brand":[110],"product_cat":[82],"product_tag":[],"class_list":{"0":"post-46596","1":"product","2":"type-product","3":"status-publish","5":"pwb-brand-sasic","6":"product_cat-kallistuksenvakaajan-puslat","7":"desktop-align-left","8":"tablet-align-left","9":"mobile-align-left","11":"first","12":"instock","13":"product-type-external"},"brands":[{"id":110,"name":"SASIC","slug":"sasic"}],"_links":{"self":[{"href":"https:\/\/www.autonvaraosahaku.fi\/index.php?rest_route=\/wp\/v2\/product\/46596","targetHints":{"allow":["GET"]}}],"collection":[{"href":"https:\/\/www.autonvaraosahaku.fi\/index.php?rest_route=\/wp\/v2\/product"}],"about":[{"href":"https:\/\/www.autonvaraosahaku.fi\/index.php?rest_route=\/wp\/v2\/types\/product"}],"wp:attachment":[{"href":"https:\/\/www.autonvaraosahaku.fi\/index.php?rest_route=%2Fwp%2Fv2%2Fmedia&parent=46596"}],"wp:term":[{"taxonomy":"pwb-brand","embeddable":true,"href":"https:\/\/www.autonvaraosahaku.fi\/index.php?rest_route=%2Fwp%2Fv2%2Fpwb-brand&post=46596"},{"taxonomy":"product_cat","embeddable":true,"href":"https:\/\/www.autonvaraosahaku.fi\/index.php?rest_route=%2Fwp%2Fv2%2Fproduct_cat&post=46596"},{"taxonomy":"product_tag","embeddable":true,"href":"https:\/\/www.autonvaraosahaku.fi\/index.php?rest_route=%2Fwp%2Fv2%2Fproduct_tag&post=46596"}],"curies":[{"name":"wp","href":"https:\/\/api.w.org\/{rel}","templated":true}]}}