{"id":46636,"date":"2021-02-21T17:13:11","date_gmt":"2021-02-21T17:13:11","guid":{"rendered":"https:\/\/www.autonvaraosahaku.fi\/?product=topran-108-742-kallistuksenvakaajan-puslat"},"modified":"2021-02-21T17:13:15","modified_gmt":"2021-02-21T17:13:15","slug":"topran-108-742-kallistuksenvakaajan-puslat","status":"publish","type":"product","link":"https:\/\/www.autonvaraosahaku.fi\/?product=topran-108-742-kallistuksenvakaajan-puslat","title":{"rendered":"TOPRAN 108 742 Kallistuksenvakaajan puslat"},"content":{"rendered":"<p>Asennuspuoli: etuakseli molemminpuoleinen, Sisempi; Kiinnitysmalli: Kumilaakeri; Kallistuksenvakaajan l\u00e4pimitta [mm]: 25; Vaihdettava pareittain: ; Lukum\u00e4\u00e4r\u00e4 akselille: 2; Akseli: verst\u00e4rkte Radaufh\u00e4ngung; VW: LT 28-46 II Kasten 2DA, 2DD, 2DH,LT 28-35 II Bus 2DB, 2DE, 2DK,LT 28-46 II Pritsche\/Fahrgestell 2DC, 2DF, 2DG, 2DL, 2DM; MERCEDES-BENZ: SPRINTER 3-t Kasten 903,SPRINTER 2-t Bus 901, 902,SPRINTER 2-t Kasten 901, 902,SPRINTER 3-t Bus 903,SPRINTER 3-t Pritsche\/Fahrgestell 903,SPRINTER 4-t Pritsche\/Fahrgestell 904,SPRINTER 2-t Pritsche\/Fahrgestell 901, 902,SPRINTER 4-t Kasten 904; 9043230085, A9043230085, 2D0411041B; Kallistuksenvakaajan Kumit,Vakaajan Hela<\/p>\n","protected":false},"excerpt":{"rendered":"<p>TOPRAN Kallistuksenvakaajan Puslat 108 742 Kallistuksenvakaajan Kumit,Vakaajan Hela VW,MERCEDES-BENZ,LT 28-46 II Kasten 2DA, 2DD, 2DH<\/p>\n","protected":false},"featured_media":0,"template":"","meta":{"site-sidebar-layout":"default","site-content-layout":"default","ast-global-header-display":"","ast-main-header-display":"","ast-hfb-above-header-display":"","ast-hfb-below-header-display":"","ast-hfb-mobile-header-display":"","site-post-title":"","ast-breadcrumbs-content":"","ast-featured-img":"","footer-sml-layout":"","theme-transparent-header-meta":"","adv-header-id-meta":"","stick-header-meta":"","header-above-stick-meta":"","header-main-stick-meta":"","header-below-stick-meta":""},"pwb-brand":[18],"product_cat":[82],"product_tag":[],"class_list":{"0":"post-46636","1":"product","2":"type-product","3":"status-publish","5":"pwb-brand-topran","6":"product_cat-kallistuksenvakaajan-puslat","7":"desktop-align-left","8":"tablet-align-left","9":"mobile-align-left","11":"first","12":"instock","13":"product-type-external"},"brands":[{"id":18,"name":"TOPRAN","slug":"topran"}],"_links":{"self":[{"href":"https:\/\/www.autonvaraosahaku.fi\/index.php?rest_route=\/wp\/v2\/product\/46636","targetHints":{"allow":["GET"]}}],"collection":[{"href":"https:\/\/www.autonvaraosahaku.fi\/index.php?rest_route=\/wp\/v2\/product"}],"about":[{"href":"https:\/\/www.autonvaraosahaku.fi\/index.php?rest_route=\/wp\/v2\/types\/product"}],"wp:attachment":[{"href":"https:\/\/www.autonvaraosahaku.fi\/index.php?rest_route=%2Fwp%2Fv2%2Fmedia&parent=46636"}],"wp:term":[{"taxonomy":"pwb-brand","embeddable":true,"href":"https:\/\/www.autonvaraosahaku.fi\/index.php?rest_route=%2Fwp%2Fv2%2Fpwb-brand&post=46636"},{"taxonomy":"product_cat","embeddable":true,"href":"https:\/\/www.autonvaraosahaku.fi\/index.php?rest_route=%2Fwp%2Fv2%2Fproduct_cat&post=46636"},{"taxonomy":"product_tag","embeddable":true,"href":"https:\/\/www.autonvaraosahaku.fi\/index.php?rest_route=%2Fwp%2Fv2%2Fproduct_tag&post=46636"}],"curies":[{"name":"wp","href":"https:\/\/api.w.org\/{rel}","templated":true}]}}