{"id":46643,"date":"2021-02-21T17:13:17","date_gmt":"2021-02-21T17:13:17","guid":{"rendered":"https:\/\/www.autonvaraosahaku.fi\/?product=ridex-82b0656-jarrulevyt"},"modified":"2021-02-21T17:13:18","modified_gmt":"2021-02-21T17:13:18","slug":"ridex-82b0656-jarrulevyt","status":"publish","type":"product","link":"https:\/\/www.autonvaraosahaku.fi\/?product=ridex-82b0656-jarrulevyt","title":{"rendered":"RIDEX 82B0656 Jarrulevyt"},"content":{"rendered":"<p>L\u00e4pimitta [mm]: 249; Jarrulevyn paksuus (mm): 9; V\u00e4himm\u00e4ispaksuus (mm): 8; Jarrulevytyyppi: Vakiomalli; Py\u00f6r\u00e4nnapa-\u00d8 (mm): 55,8; Reikien m\u00e4\u00e4r\u00e4: 4; Korvaava tuote\/korvaava tiedote 2: ilman ABS-sensorirengasta, ilman py\u00f6r\u00e4nlaakeria, ilman ruuveja, ilman sis\u00e4\u00e4nrakennettua magneetti sensorirengasta; Korkeus (mm): 73,2; Reik\u00e4ympyr\u00e4-\u00d8 [mm]: 108; Sis\u00e4l\u00e4pimitta [mm]: 142,8; Kierremitta: M12 x 1.25; Asennuspuoli: Taka-akseli, Hinterachse; CITRO\u00cbN: C4 I LC_,C4 Coupe LA_; PEUGEOT: 308 SW,308 4A_, 4C_,308 CC,408; 424965, 424966, 424965, 424966; Jarrulevy<\/p>\n","protected":false},"excerpt":{"rendered":"<p>RIDEX Jarrulevyt 82B0656 Jarrulevy CITRO\u00cbN,PEUGEOT,C4 I LC_,C4 Coupe LA_,308 SW,308 4A_, 4C_,308 CC,408<\/p>\n","protected":false},"featured_media":0,"template":"","meta":{"site-sidebar-layout":"default","site-content-layout":"default","ast-global-header-display":"","ast-main-header-display":"","ast-hfb-above-header-display":"","ast-hfb-below-header-display":"","ast-hfb-mobile-header-display":"","site-post-title":"","ast-breadcrumbs-content":"","ast-featured-img":"","footer-sml-layout":"","theme-transparent-header-meta":"","adv-header-id-meta":"","stick-header-meta":"","header-above-stick-meta":"","header-main-stick-meta":"","header-below-stick-meta":""},"pwb-brand":[157],"product_cat":[66],"product_tag":[],"class_list":{"0":"post-46643","1":"product","2":"type-product","3":"status-publish","5":"pwb-brand-ridex","6":"product_cat-jarrulevyt","7":"desktop-align-left","8":"tablet-align-left","9":"mobile-align-left","11":"first","12":"instock","13":"product-type-external"},"brands":[{"id":157,"name":"RIDEX","slug":"ridex"}],"_links":{"self":[{"href":"https:\/\/www.autonvaraosahaku.fi\/index.php?rest_route=\/wp\/v2\/product\/46643","targetHints":{"allow":["GET"]}}],"collection":[{"href":"https:\/\/www.autonvaraosahaku.fi\/index.php?rest_route=\/wp\/v2\/product"}],"about":[{"href":"https:\/\/www.autonvaraosahaku.fi\/index.php?rest_route=\/wp\/v2\/types\/product"}],"wp:attachment":[{"href":"https:\/\/www.autonvaraosahaku.fi\/index.php?rest_route=%2Fwp%2Fv2%2Fmedia&parent=46643"}],"wp:term":[{"taxonomy":"pwb-brand","embeddable":true,"href":"https:\/\/www.autonvaraosahaku.fi\/index.php?rest_route=%2Fwp%2Fv2%2Fpwb-brand&post=46643"},{"taxonomy":"product_cat","embeddable":true,"href":"https:\/\/www.autonvaraosahaku.fi\/index.php?rest_route=%2Fwp%2Fv2%2Fproduct_cat&post=46643"},{"taxonomy":"product_tag","embeddable":true,"href":"https:\/\/www.autonvaraosahaku.fi\/index.php?rest_route=%2Fwp%2Fv2%2Fproduct_tag&post=46643"}],"curies":[{"name":"wp","href":"https:\/\/api.w.org\/{rel}","templated":true}]}}