{"id":46646,"date":"2021-02-21T17:13:17","date_gmt":"2021-02-21T17:13:17","guid":{"rendered":"https:\/\/www.autonvaraosahaku.fi\/?product=ridex-407w0059-jarrupalojen-kulumisen-ilmaisin"},"modified":"2021-02-21T17:13:18","modified_gmt":"2021-02-21T17:13:18","slug":"ridex-407w0059-jarrupalojen-kulumisen-ilmaisin","status":"publish","type":"product","link":"https:\/\/www.autonvaraosahaku.fi\/?product=ridex-407w0059-jarrupalojen-kulumisen-ilmaisin","title":{"rendered":"RIDEX 407W0059 Jarrupalojen kulumisen ilmaisin"},"content":{"rendered":"<p>Lukum\u00e4\u00e4r\u00e4 akselille: 1; Pituus (mm): 750; Jarrutyyppi: Levyjarru; Asennuspuoli: etuakseli molemminpuoleinen; Valmistusvuoteen: 07\/2004; OPEL: ZAFIRA A F75_,ASTRA G CC F48_, F08_,ASTRA H L48,ASTRA G Caravan F35_,ASTRA G Cabriolet F67,ASTRA G Coupe F07_,COMBO Kasten\/Kombi,ASTRA G Stufenheck F69_,COMBO Tour,ASTRA G Kasten F70,ASTRA G CLASSIC Caravan F35,ASTRA G CLASSIC T98,ASTRA G CLASSIC Stufenheck T98; VAUXHALL: ASTRA Mk V H CC,ZAFIRA Mk I A F75,ASTRA Mk V H Estate,ASTRA Mk V H Convertible,ASTRA Mk IV G CC,ASTRA Mk IV G Sedan,ASTRAVAN Mk IV G,ASTRA Mk IV G Coupe F67,ASTRA Mk IV G Convertible,ASTRA Mk IV G Estate; 13153473, 6235674, 13153473, 6235674; Kulumisenilmaisin, Jarrupala<\/p>\n","protected":false},"excerpt":{"rendered":"<p>RIDEX Jarrupalojen Kulumisen Ilmaisin 407W0059 Kulumisenilmaisin, Jarrupala OPEL,VAUXHALL,ZAFIRA A F75_,ASTRA G CC F48_, F08_,ASTRA H L48<\/p>\n","protected":false},"featured_media":0,"template":"","meta":{"site-sidebar-layout":"default","site-content-layout":"default","ast-global-header-display":"","ast-main-header-display":"","ast-hfb-above-header-display":"","ast-hfb-below-header-display":"","ast-hfb-mobile-header-display":"","site-post-title":"","ast-breadcrumbs-content":"","ast-featured-img":"","footer-sml-layout":"","theme-transparent-header-meta":"","adv-header-id-meta":"","stick-header-meta":"","header-above-stick-meta":"","header-main-stick-meta":"","header-below-stick-meta":""},"pwb-brand":[157],"product_cat":[111],"product_tag":[],"class_list":{"0":"post-46646","1":"product","2":"type-product","3":"status-publish","5":"pwb-brand-ridex","6":"product_cat-jarrupalojen-kulumisen-ilmaisin","7":"desktop-align-left","8":"tablet-align-left","9":"mobile-align-left","11":"first","12":"instock","13":"product-type-external"},"brands":[{"id":157,"name":"RIDEX","slug":"ridex"}],"_links":{"self":[{"href":"https:\/\/www.autonvaraosahaku.fi\/index.php?rest_route=\/wp\/v2\/product\/46646","targetHints":{"allow":["GET"]}}],"collection":[{"href":"https:\/\/www.autonvaraosahaku.fi\/index.php?rest_route=\/wp\/v2\/product"}],"about":[{"href":"https:\/\/www.autonvaraosahaku.fi\/index.php?rest_route=\/wp\/v2\/types\/product"}],"wp:attachment":[{"href":"https:\/\/www.autonvaraosahaku.fi\/index.php?rest_route=%2Fwp%2Fv2%2Fmedia&parent=46646"}],"wp:term":[{"taxonomy":"pwb-brand","embeddable":true,"href":"https:\/\/www.autonvaraosahaku.fi\/index.php?rest_route=%2Fwp%2Fv2%2Fpwb-brand&post=46646"},{"taxonomy":"product_cat","embeddable":true,"href":"https:\/\/www.autonvaraosahaku.fi\/index.php?rest_route=%2Fwp%2Fv2%2Fproduct_cat&post=46646"},{"taxonomy":"product_tag","embeddable":true,"href":"https:\/\/www.autonvaraosahaku.fi\/index.php?rest_route=%2Fwp%2Fv2%2Fproduct_tag&post=46646"}],"curies":[{"name":"wp","href":"https:\/\/api.w.org\/{rel}","templated":true}]}}