{"id":46655,"date":"2021-02-21T17:13:17","date_gmt":"2021-02-21T17:13:17","guid":{"rendered":"https:\/\/www.autonvaraosahaku.fi\/?product=jp-group-1196500500-muut-luokat"},"modified":"2021-02-21T17:13:20","modified_gmt":"2021-02-21T17:13:20","slug":"jp-group-1196500500-muut-luokat","status":"publish","type":"product","link":"https:\/\/www.autonvaraosahaku.fi\/?product=jp-group-1196500500-muut-luokat","title":{"rendered":"JP GROUP 1196500500 Muut luokat"},"content":{"rendered":"<p>Paino [kg]: 0,067; Tarvittava kappalem\u00e4\u00e4r\u00e4: 1; Valmistusvuosi alkaen: 01\/1985; VW: TRANSPORTER IV Bus 70XB, 70XC, 7DB, 7DW,GOLF II 19E, 1G1,TRANSPORTER IV Kasten 70XA,CORRADO 53I,TRANSPORTER IV Pritsche\/Fahrgestell 70XD,LT 28-46 II Kasten 2DA, 2DD, 2DH,JETTA II 19E, 1G2, 165,PASSAT Variant 32B,LT 28-35 II Bus 2DB, 2DE, 2DK,LT 28-46 II Pritsche\/Fahrgestell 2DC, 2DF, 2DG, 2DL, 2DM,PASSAT 32B,PASSAT Stufenheck 32B; AUDI: COUPE 81, 85,QUATTRO 85; SEAT: TOLEDO I 1L; 165947563, 191947561A, 2D0947561E, 7D0947563, 7D0947563A, 165947563, 191947561A, 2D0947561E, 7D0947563, 7D0947563A, 165947563, 191947561A, 2D0947561E, 7D0947563, 7D0947563A<\/p>\n","protected":false},"excerpt":{"rendered":"<p>JP GROUP Ovikytkin JP Group 1196500500  VW,AUDI,SEAT,TRANSPORTER IV Bus 70XB, 70XC, 7DB, 7DW,GOLF II 19E, 1G1,TRANSPORTER IV Kasten 70XA,CORRADO 53I<\/p>\n","protected":false},"featured_media":0,"template":"","meta":{"site-sidebar-layout":"default","site-content-layout":"default","ast-global-header-display":"","ast-main-header-display":"","ast-hfb-above-header-display":"","ast-hfb-below-header-display":"","ast-hfb-mobile-header-display":"","site-post-title":"","ast-breadcrumbs-content":"","ast-featured-img":"","footer-sml-layout":"","theme-transparent-header-meta":"","adv-header-id-meta":"","stick-header-meta":"","header-above-stick-meta":"","header-main-stick-meta":"","header-below-stick-meta":""},"pwb-brand":[131],"product_cat":[37],"product_tag":[],"class_list":{"0":"post-46655","1":"product","2":"type-product","3":"status-publish","5":"pwb-brand-jp-group","6":"product_cat-muut-luokat","7":"desktop-align-left","8":"tablet-align-left","9":"mobile-align-left","11":"first","12":"instock","13":"product-type-external"},"brands":[{"id":131,"name":"JP GROUP","slug":"jp-group"}],"_links":{"self":[{"href":"https:\/\/www.autonvaraosahaku.fi\/index.php?rest_route=\/wp\/v2\/product\/46655","targetHints":{"allow":["GET"]}}],"collection":[{"href":"https:\/\/www.autonvaraosahaku.fi\/index.php?rest_route=\/wp\/v2\/product"}],"about":[{"href":"https:\/\/www.autonvaraosahaku.fi\/index.php?rest_route=\/wp\/v2\/types\/product"}],"wp:attachment":[{"href":"https:\/\/www.autonvaraosahaku.fi\/index.php?rest_route=%2Fwp%2Fv2%2Fmedia&parent=46655"}],"wp:term":[{"taxonomy":"pwb-brand","embeddable":true,"href":"https:\/\/www.autonvaraosahaku.fi\/index.php?rest_route=%2Fwp%2Fv2%2Fpwb-brand&post=46655"},{"taxonomy":"product_cat","embeddable":true,"href":"https:\/\/www.autonvaraosahaku.fi\/index.php?rest_route=%2Fwp%2Fv2%2Fproduct_cat&post=46655"},{"taxonomy":"product_tag","embeddable":true,"href":"https:\/\/www.autonvaraosahaku.fi\/index.php?rest_route=%2Fwp%2Fv2%2Fproduct_tag&post=46655"}],"curies":[{"name":"wp","href":"https:\/\/api.w.org\/{rel}","templated":true}]}}