{"id":46667,"date":"2021-02-21T17:13:22","date_gmt":"2021-02-21T17:13:22","guid":{"rendered":"https:\/\/www.autonvaraosahaku.fi\/?product=ridex-273c0442-alatukivarsi"},"modified":"2021-02-21T17:13:24","modified_gmt":"2021-02-21T17:13:24","slug":"ridex-273c0442-alatukivarsi","status":"publish","type":"product","link":"https:\/\/www.autonvaraosahaku.fi\/?product=ridex-273c0442-alatukivarsi","title":{"rendered":"RIDEX 273C0442 Alatukivarsi"},"content":{"rendered":"<p>Ohjausmalli: Poikittaistukivarsi; Asennuspuoli: Edess\u00e4, au\u00dfen; Korvaava tuote\/korvaava tiedote 2: Alapallo-\/pallonivelell\u00e4, Kumilaakerilla; Kartiomitta (mm): 19; FIAT: SCUDO 270_,ULYSSE 179AX,SCUDO Kasten 270_,SCUDO Pritsche\/Fahrgestell 270_; PEUGEOT: 807 E,EXPERT Tepee VF3V_,EXPERT Kasten VF3A_, VF3U_, VF3X_,EXPERT Pritsche\/Fahrgestell; CITRO\u00cbN: C8 EA_, EB_,JUMPY,JUMPY Kasten,JUMPY Pritsche\/Fahrgestell; LANCIA: PHEDRA 179; 3520R8, 3520V8, 1401239580, 1497408080, 1401239580, 1497408080, 3520R8, 3520V8; Tukivarsi,Tukivarsi, Py\u00f6r\u00e4ntuenta<\/p>\n","protected":false},"excerpt":{"rendered":"<p>RIDEX Alatukivarsi 273C0442 Tukivarsi,Tukivarsi, Py\u00f6r\u00e4ntuenta FIAT,PEUGEOT,CITRO\u00cbN,SCUDO 270_,ULYSSE 179AX,SCUDO Kasten 270_<\/p>\n","protected":false},"featured_media":0,"template":"","meta":{"site-sidebar-layout":"default","site-content-layout":"default","ast-global-header-display":"","ast-main-header-display":"","ast-hfb-above-header-display":"","ast-hfb-below-header-display":"","ast-hfb-mobile-header-display":"","site-post-title":"","ast-breadcrumbs-content":"","ast-featured-img":"","footer-sml-layout":"","theme-transparent-header-meta":"","adv-header-id-meta":"","stick-header-meta":"","header-above-stick-meta":"","header-main-stick-meta":"","header-below-stick-meta":""},"pwb-brand":[157],"product_cat":[62],"product_tag":[],"class_list":{"0":"post-46667","1":"product","2":"type-product","3":"status-publish","5":"pwb-brand-ridex","6":"product_cat-alatukivarsi","7":"desktop-align-left","8":"tablet-align-left","9":"mobile-align-left","11":"first","12":"instock","13":"product-type-external"},"brands":[{"id":157,"name":"RIDEX","slug":"ridex"}],"_links":{"self":[{"href":"https:\/\/www.autonvaraosahaku.fi\/index.php?rest_route=\/wp\/v2\/product\/46667","targetHints":{"allow":["GET"]}}],"collection":[{"href":"https:\/\/www.autonvaraosahaku.fi\/index.php?rest_route=\/wp\/v2\/product"}],"about":[{"href":"https:\/\/www.autonvaraosahaku.fi\/index.php?rest_route=\/wp\/v2\/types\/product"}],"wp:attachment":[{"href":"https:\/\/www.autonvaraosahaku.fi\/index.php?rest_route=%2Fwp%2Fv2%2Fmedia&parent=46667"}],"wp:term":[{"taxonomy":"pwb-brand","embeddable":true,"href":"https:\/\/www.autonvaraosahaku.fi\/index.php?rest_route=%2Fwp%2Fv2%2Fpwb-brand&post=46667"},{"taxonomy":"product_cat","embeddable":true,"href":"https:\/\/www.autonvaraosahaku.fi\/index.php?rest_route=%2Fwp%2Fv2%2Fproduct_cat&post=46667"},{"taxonomy":"product_tag","embeddable":true,"href":"https:\/\/www.autonvaraosahaku.fi\/index.php?rest_route=%2Fwp%2Fv2%2Fproduct_tag&post=46667"}],"curies":[{"name":"wp","href":"https:\/\/api.w.org\/{rel}","templated":true}]}}