{"id":46690,"date":"2021-02-21T17:13:27","date_gmt":"2021-02-21T17:13:27","guid":{"rendered":"https:\/\/www.autonvaraosahaku.fi\/?product=ridex-402b0911-jarrupalat"},"modified":"2021-02-21T17:13:30","modified_gmt":"2021-02-21T17:13:30","slug":"ridex-402b0911-jarrupalat","status":"publish","type":"product","link":"https:\/\/www.autonvaraosahaku.fi\/?product=ridex-402b0911-jarrupalat","title":{"rendered":"RIDEX 402B0911 Jarrupalat"},"content":{"rendered":"<p>Jarruj\u00e4rjestelm\u00e4: Brembo; Leveys 1 (mm): 209,5; Korkeus 1 (mm): 94,4; Paksuus 1 [mm]: 16; Kulumisenilmaisimen liitos: Kulumisenilmaisemelle; M\u00e4\u00e4r\u00e4yksikk\u00f6: Akselisarja; Asennuspuoli: Vorderachse; VW: TOUAREG 7LA, 7L6, 7L7,TOUAREG 7P5; PORSCHE: CAYENNE 955,CAYENNE,PANAMERA,MACAN,PANAMERA 971,PANAMERA Sport Turismo 971; 7P5698151D, 95535193961, 95535193962, 95535193963, 95535193970, 95835193900, 95835193901, 95835193910, 95835193920, 95835193921, 95835193970, 95B698151C, 95B698151E, 97035194802, 97035194803, 97035194901, 97035194903, 97035194904, 97035194906, 7L0698151N, 7P0698151, 7P0698151B, 7P0698151C; Jarrupalasarja,Jarrupala, Levyjarru<\/p>\n","protected":false},"excerpt":{"rendered":"<p>RIDEX Jarrupalat 402B0911 Jarrupalasarja,Jarrupala, Levyjarru VW,PORSCHE,TOUAREG 7LA, 7L6, 7L7,TOUAREG 7P5,CAYENNE 955,CAYENNE,PANAMERA,MACAN<\/p>\n","protected":false},"featured_media":0,"template":"","meta":{"site-sidebar-layout":"default","site-content-layout":"default","ast-global-header-display":"","ast-main-header-display":"","ast-hfb-above-header-display":"","ast-hfb-below-header-display":"","ast-hfb-mobile-header-display":"","site-post-title":"","ast-breadcrumbs-content":"","ast-featured-img":"","footer-sml-layout":"","theme-transparent-header-meta":"","adv-header-id-meta":"","stick-header-meta":"","header-above-stick-meta":"","header-main-stick-meta":"","header-below-stick-meta":""},"pwb-brand":[157],"product_cat":[100],"product_tag":[],"class_list":{"0":"post-46690","1":"product","2":"type-product","3":"status-publish","5":"pwb-brand-ridex","6":"product_cat-jarrupalat","7":"desktop-align-left","8":"tablet-align-left","9":"mobile-align-left","11":"first","12":"instock","13":"product-type-external"},"brands":[{"id":157,"name":"RIDEX","slug":"ridex"}],"_links":{"self":[{"href":"https:\/\/www.autonvaraosahaku.fi\/index.php?rest_route=\/wp\/v2\/product\/46690","targetHints":{"allow":["GET"]}}],"collection":[{"href":"https:\/\/www.autonvaraosahaku.fi\/index.php?rest_route=\/wp\/v2\/product"}],"about":[{"href":"https:\/\/www.autonvaraosahaku.fi\/index.php?rest_route=\/wp\/v2\/types\/product"}],"wp:attachment":[{"href":"https:\/\/www.autonvaraosahaku.fi\/index.php?rest_route=%2Fwp%2Fv2%2Fmedia&parent=46690"}],"wp:term":[{"taxonomy":"pwb-brand","embeddable":true,"href":"https:\/\/www.autonvaraosahaku.fi\/index.php?rest_route=%2Fwp%2Fv2%2Fpwb-brand&post=46690"},{"taxonomy":"product_cat","embeddable":true,"href":"https:\/\/www.autonvaraosahaku.fi\/index.php?rest_route=%2Fwp%2Fv2%2Fproduct_cat&post=46690"},{"taxonomy":"product_tag","embeddable":true,"href":"https:\/\/www.autonvaraosahaku.fi\/index.php?rest_route=%2Fwp%2Fv2%2Fproduct_tag&post=46690"}],"curies":[{"name":"wp","href":"https:\/\/api.w.org\/{rel}","templated":true}]}}