{"id":46697,"date":"2021-02-21T17:13:27","date_gmt":"2021-02-21T17:13:27","guid":{"rendered":"https:\/\/www.autonvaraosahaku.fi\/?product=ridex-158t0054-kaasulappakotelo"},"modified":"2021-02-21T17:13:31","modified_gmt":"2021-02-21T17:13:31","slug":"ridex-158t0054-kaasulappakotelo","status":"publish","type":"product","link":"https:\/\/www.autonvaraosahaku.fi\/?product=ridex-158t0054-kaasulappakotelo","title":{"rendered":"RIDEX 158T0054 Kaasul\u00e4pp\u00e4kotelo"},"content":{"rendered":"<p>Korvaava tuote\/korvaava tiedote 2: Ohjain\/ohjelma tulee kouluttaa\/p\u00e4ivitt\u00e4\u00e4; L\u00e4pimitta [mm]: 57; Tarvittava kappalem\u00e4\u00e4r\u00e4: 1; K\u00e4ytt\u00f6: Elektroninen; Lis\u00e4tarvike\/lis\u00e4tieto: Tiivisteill\u00e4; Liittimi\u00e4: 5; Paino [kg]: 0,85; Pakkaussyvyys [cm]: 13,4; Varustelumahdollisuudet: 4 PIN; VW: TOUAREG 7LA, 7L6, 7L7,PHAETON 3D_,TOUAREG 7P5; AUDI: A4 Avant 8K5, B8,A6 Avant 4F5, C6,A4 8K2, B8,Q5 8R,A6 4F2, C6,A5 8T3,A5 Sportback 8TA,Q7 4L,A8 4E_,A6 Allroad 4FH, C6,A4 Allroad 8KH, B8,A5 Cabriolet 8F7; 059145950A, 059145950D, 059145950H, 059145950R, 59145950A, 59145950D, 59145950H, 59145950R, 059145950A, 059145950D, 059145950H, 059145950R, 59145950A, 59145950D, 59145950H, 59145950R, 059145950A, 059145950D, 059145950H, 059145950R, 59145950A, 59145950D, 59145950H, 59145950R, 059145950A, 059145950D, 059145950H, 059145950R, 59145950A, 59145950D, 59145950H, 59145950R; Kaasul\u00e4pp\u00e4,Kaasul\u00e4p\u00e4n Kotelo<\/p>\n","protected":false},"excerpt":{"rendered":"<p>RIDEX Kaasul\u00e4pp\u00e4kotelo 158T0054 Kaasul\u00e4pp\u00e4,Kaasul\u00e4p\u00e4n Kotelo VW,AUDI,TOUAREG 7LA, 7L6, 7L7,PHAETON 3D_,TOUAREG 7P5,A4 Avant 8K5, B8,A6 Avant 4F5, C6<\/p>\n","protected":false},"featured_media":0,"template":"","meta":{"site-sidebar-layout":"default","site-content-layout":"default","ast-global-header-display":"","ast-main-header-display":"","ast-hfb-above-header-display":"","ast-hfb-below-header-display":"","ast-hfb-mobile-header-display":"","site-post-title":"","ast-breadcrumbs-content":"","ast-featured-img":"","footer-sml-layout":"","theme-transparent-header-meta":"","adv-header-id-meta":"","stick-header-meta":"","header-above-stick-meta":"","header-main-stick-meta":"","header-below-stick-meta":""},"pwb-brand":[157],"product_cat":[277],"product_tag":[],"class_list":{"0":"post-46697","1":"product","2":"type-product","3":"status-publish","5":"pwb-brand-ridex","6":"product_cat-kaasulappakotelo","7":"desktop-align-left","8":"tablet-align-left","9":"mobile-align-left","11":"first","12":"instock","13":"product-type-external"},"brands":[{"id":157,"name":"RIDEX","slug":"ridex"}],"_links":{"self":[{"href":"https:\/\/www.autonvaraosahaku.fi\/index.php?rest_route=\/wp\/v2\/product\/46697","targetHints":{"allow":["GET"]}}],"collection":[{"href":"https:\/\/www.autonvaraosahaku.fi\/index.php?rest_route=\/wp\/v2\/product"}],"about":[{"href":"https:\/\/www.autonvaraosahaku.fi\/index.php?rest_route=\/wp\/v2\/types\/product"}],"wp:attachment":[{"href":"https:\/\/www.autonvaraosahaku.fi\/index.php?rest_route=%2Fwp%2Fv2%2Fmedia&parent=46697"}],"wp:term":[{"taxonomy":"pwb-brand","embeddable":true,"href":"https:\/\/www.autonvaraosahaku.fi\/index.php?rest_route=%2Fwp%2Fv2%2Fpwb-brand&post=46697"},{"taxonomy":"product_cat","embeddable":true,"href":"https:\/\/www.autonvaraosahaku.fi\/index.php?rest_route=%2Fwp%2Fv2%2Fproduct_cat&post=46697"},{"taxonomy":"product_tag","embeddable":true,"href":"https:\/\/www.autonvaraosahaku.fi\/index.php?rest_route=%2Fwp%2Fv2%2Fproduct_tag&post=46697"}],"curies":[{"name":"wp","href":"https:\/\/api.w.org\/{rel}","templated":true}]}}