{"id":46705,"date":"2021-02-21T17:13:33","date_gmt":"2021-02-21T17:13:33","guid":{"rendered":"https:\/\/www.autonvaraosahaku.fi\/?product=ridex-402b0382-jarrupalat"},"modified":"2021-02-21T17:13:34","modified_gmt":"2021-02-21T17:13:34","slug":"ridex-402b0382-jarrupalat","status":"publish","type":"product","link":"https:\/\/www.autonvaraosahaku.fi\/?product=ridex-402b0382-jarrupalat","title":{"rendered":"RIDEX 402B0382 Jarrupalat"},"content":{"rendered":"<p>Asennuspuoli: Taka-akseli; Jarruj\u00e4rjestelm\u00e4: Kelsey-Hayes; Pituus (mm): 140,5; Korkeus (mm): 49,3; Paksuus [mm]: 14,6; Paino [kg]: 1,363; Lis\u00e4tarvike\/lis\u00e4tieto: Jousella; M\u00e4\u00e4r\u00e4yksikk\u00f6: Akselisarja; Kulumisenilmaisimen liitos: akustisella kulumavaroittimella; Korvaava tuote\/korvaava tiedote 2: M\u00e4nn\u00e4n lukoilla; JEEP: CHEROKEE KJ,CHEROKEE XJ,WRANGLER II TJ; FORD USA: EXPLORER U2; 05083882AC, 5179242AA, 1L2Z2200AA, 05083882AB, 05083882AC, 05083882AE, 05179242AA, 5083882AC, 5083882AE, 5083882AF, 5093511AA, 5093511AB, 5093511AC, 5179242AA, 5179242AB; Jarrupalasarja,Jarrupala, Levyjarru<\/p>\n","protected":false},"excerpt":{"rendered":"<p>RIDEX Jarrupalat 402B0382 Jarrupalasarja,Jarrupala, Levyjarru JEEP,FORD USA,CHEROKEE KJ,CHEROKEE XJ,WRANGLER II TJ,EXPLORER U2<\/p>\n","protected":false},"featured_media":0,"template":"","meta":{"site-sidebar-layout":"default","site-content-layout":"default","ast-global-header-display":"","ast-main-header-display":"","ast-hfb-above-header-display":"","ast-hfb-below-header-display":"","ast-hfb-mobile-header-display":"","site-post-title":"","ast-breadcrumbs-content":"","ast-featured-img":"","footer-sml-layout":"","theme-transparent-header-meta":"","adv-header-id-meta":"","stick-header-meta":"","header-above-stick-meta":"","header-main-stick-meta":"","header-below-stick-meta":""},"pwb-brand":[157],"product_cat":[100],"product_tag":[],"class_list":{"0":"post-46705","1":"product","2":"type-product","3":"status-publish","5":"pwb-brand-ridex","6":"product_cat-jarrupalat","7":"desktop-align-left","8":"tablet-align-left","9":"mobile-align-left","11":"first","12":"instock","13":"product-type-external"},"brands":[{"id":157,"name":"RIDEX","slug":"ridex"}],"_links":{"self":[{"href":"https:\/\/www.autonvaraosahaku.fi\/index.php?rest_route=\/wp\/v2\/product\/46705","targetHints":{"allow":["GET"]}}],"collection":[{"href":"https:\/\/www.autonvaraosahaku.fi\/index.php?rest_route=\/wp\/v2\/product"}],"about":[{"href":"https:\/\/www.autonvaraosahaku.fi\/index.php?rest_route=\/wp\/v2\/types\/product"}],"wp:attachment":[{"href":"https:\/\/www.autonvaraosahaku.fi\/index.php?rest_route=%2Fwp%2Fv2%2Fmedia&parent=46705"}],"wp:term":[{"taxonomy":"pwb-brand","embeddable":true,"href":"https:\/\/www.autonvaraosahaku.fi\/index.php?rest_route=%2Fwp%2Fv2%2Fpwb-brand&post=46705"},{"taxonomy":"product_cat","embeddable":true,"href":"https:\/\/www.autonvaraosahaku.fi\/index.php?rest_route=%2Fwp%2Fv2%2Fproduct_cat&post=46705"},{"taxonomy":"product_tag","embeddable":true,"href":"https:\/\/www.autonvaraosahaku.fi\/index.php?rest_route=%2Fwp%2Fv2%2Fproduct_tag&post=46705"}],"curies":[{"name":"wp","href":"https:\/\/api.w.org\/{rel}","templated":true}]}}