{"id":46713,"date":"2021-02-21T17:13:33","date_gmt":"2021-02-21T17:13:33","guid":{"rendered":"https:\/\/www.autonvaraosahaku.fi\/?product=autofren-seinsa-d7087c-jarrusatula-korjaussarja"},"modified":"2021-02-21T17:13:36","modified_gmt":"2021-02-21T17:13:36","slug":"autofren-seinsa-d7087c-jarrusatula-korjaussarja","status":"publish","type":"product","link":"https:\/\/www.autonvaraosahaku.fi\/?product=autofren-seinsa-d7087c-jarrusatula-korjaussarja","title":{"rendered":"AUTOFREN SEINSA D7087C Jarrusatula korjaussarja"},"content":{"rendered":"<p>T\u00e4yssarja: ; Jarruj\u00e4rjestelm\u00e4: Lucas; Erittely: WITH GUIDE PINS; L\u00e4pimitta [mm]: 8; Asennuspuoli: Hinterachse; NISSAN: MICRA III K12,NOTE E11,MICRA IV K13,MICRA C+C K12; JEEP: WRANGLER III JK,CHEROKEE KJ; SUZUKI: SWIFT III MZ, EZ,SX4 EY, GY,SPLASH,SX4 S-Cross; HONDA: CIVIC IX FK; LAND ROVER: FREELANDER 2 FA_,RANGE ROVER SPORT LS,RANGE ROVER III LM,DISCOVERY III TAA,DISCOVERY IV LA; MINI: MINI R56,MINI R50, R53,MINI CLUBMAN R55,MINI Cabriolet R52,MINI Cabriolet R57,MINI COUNTRYMAN R60,MINI Coupe R58,MINI Roadster R59,MINI PACEMAN R61,MINI CLUBVAN R55; CHRYSLER: GRAND VOYAGER V RT; LANCIA: YPSILON 843,VOYAGER Gro\u00dfraumlimousine RT; OPEL: AGILA B H08; DACIA: DUSTER,LOGAN EXPRESS FS_; 34119804734, 68192437AA001, 34119804734; Ohjainhylsysarja, Jarrusatula<\/p>\n","protected":false},"excerpt":{"rendered":"<p>AUTOFREN SEINSA Ohjaustappi D7087C Ohjainhylsysarja, Jarrusatula NISSAN,JEEP,SUZUKI,MICRA III K12,NOTE E11,MICRA IV K13,MICRA C+C K12,WRANGLER III JK<\/p>\n","protected":false},"featured_media":0,"template":"","meta":{"site-sidebar-layout":"default","site-content-layout":"default","ast-global-header-display":"","ast-main-header-display":"","ast-hfb-above-header-display":"","ast-hfb-below-header-display":"","ast-hfb-mobile-header-display":"","site-post-title":"","ast-breadcrumbs-content":"","ast-featured-img":"","footer-sml-layout":"","theme-transparent-header-meta":"","adv-header-id-meta":"","stick-header-meta":"","header-above-stick-meta":"","header-main-stick-meta":"","header-below-stick-meta":""},"pwb-brand":[243],"product_cat":[57],"product_tag":[],"class_list":{"0":"post-46713","1":"product","2":"type-product","3":"status-publish","5":"pwb-brand-autofren-seinsa","6":"product_cat-jarrusatula-korjaussarja","7":"desktop-align-left","8":"tablet-align-left","9":"mobile-align-left","11":"first","12":"instock","13":"product-type-external"},"brands":[{"id":243,"name":"AUTOFREN SEINSA","slug":"autofren-seinsa"}],"_links":{"self":[{"href":"https:\/\/www.autonvaraosahaku.fi\/index.php?rest_route=\/wp\/v2\/product\/46713","targetHints":{"allow":["GET"]}}],"collection":[{"href":"https:\/\/www.autonvaraosahaku.fi\/index.php?rest_route=\/wp\/v2\/product"}],"about":[{"href":"https:\/\/www.autonvaraosahaku.fi\/index.php?rest_route=\/wp\/v2\/types\/product"}],"wp:attachment":[{"href":"https:\/\/www.autonvaraosahaku.fi\/index.php?rest_route=%2Fwp%2Fv2%2Fmedia&parent=46713"}],"wp:term":[{"taxonomy":"pwb-brand","embeddable":true,"href":"https:\/\/www.autonvaraosahaku.fi\/index.php?rest_route=%2Fwp%2Fv2%2Fpwb-brand&post=46713"},{"taxonomy":"product_cat","embeddable":true,"href":"https:\/\/www.autonvaraosahaku.fi\/index.php?rest_route=%2Fwp%2Fv2%2Fproduct_cat&post=46713"},{"taxonomy":"product_tag","embeddable":true,"href":"https:\/\/www.autonvaraosahaku.fi\/index.php?rest_route=%2Fwp%2Fv2%2Fproduct_tag&post=46713"}],"curies":[{"name":"wp","href":"https:\/\/api.w.org\/{rel}","templated":true}]}}