{"id":46717,"date":"2021-02-21T17:13:33","date_gmt":"2021-02-21T17:13:33","guid":{"rendered":"https:\/\/www.autonvaraosahaku.fi\/?product=ridex-82b0650-jarrulevyt"},"modified":"2021-02-21T17:13:37","modified_gmt":"2021-02-21T17:13:37","slug":"ridex-82b0650-jarrulevyt","status":"publish","type":"product","link":"https:\/\/www.autonvaraosahaku.fi\/?product=ridex-82b0650-jarrulevyt","title":{"rendered":"RIDEX 82B0650 Jarrulevyt"},"content":{"rendered":"<p>Ulkol\u00e4pimitta [mm]: 269; Jarrulevyn paksuus (mm): 10; V\u00e4himm\u00e4ispaksuus (mm): 9,0; Korkeus (mm): 64,6; Jarrulevytyyppi: Vakiomalli; keskitt\u00e4misl\u00e4pimitta [mm]: 54,0; Paino [kg]: 4,54; Reik\u00e4ympyr\u00e4-\u00d8 [mm]: 100; Sis\u00e4l\u00e4pimitta [mm]: 170,0, 170; Reik\u00e4kuvio\/-m\u00e4\u00e4r\u00e4: 5\/8; Reik\u00e4-\u00d8 [mm]: 14,5; Asennuspuoli: Taka-akseli, Hinterachse; LEXUS: ES F1, F2; TOYOTA: CELICA ST20_, AT20_,CELICA Coupe AT18_, ST18_,CARINA II _T17_,CARINA II Stufenheck _T17_,CELICA Liftback ST16_, AT16_,CAMRY _V2_,CELICA Cabriolet AT18_, ST18_,CARINA II Station Wagon _T17_,CELICA Cabriolet ST16_, AT16_,CAMRY Station Wagon _V2_,CELICA Cabriolet AT20_, ST20_,CELICA AT16_, ST16_; 4243120090, 4243120160, 4243120320, 4243120090, 4243120160, 4243120210, 4243120320, 4243120330; Jarrulevy<\/p>\n","protected":false},"excerpt":{"rendered":"<p>RIDEX Jarrulevyt 82B0650 Jarrulevy LEXUS,TOYOTA,ES F1, F2,CELICA ST20_, AT20_,CELICA Coupe AT18_, ST18_,CARINA II _T17_,CARINA II Stufenheck _T17_<\/p>\n","protected":false},"featured_media":0,"template":"","meta":{"site-sidebar-layout":"default","site-content-layout":"default","ast-global-header-display":"","ast-main-header-display":"","ast-hfb-above-header-display":"","ast-hfb-below-header-display":"","ast-hfb-mobile-header-display":"","site-post-title":"","ast-breadcrumbs-content":"","ast-featured-img":"","footer-sml-layout":"","theme-transparent-header-meta":"","adv-header-id-meta":"","stick-header-meta":"","header-above-stick-meta":"","header-main-stick-meta":"","header-below-stick-meta":""},"pwb-brand":[157],"product_cat":[66],"product_tag":[],"class_list":{"0":"post-46717","1":"product","2":"type-product","3":"status-publish","5":"pwb-brand-ridex","6":"product_cat-jarrulevyt","7":"desktop-align-left","8":"tablet-align-left","9":"mobile-align-left","11":"first","12":"instock","13":"product-type-external"},"brands":[{"id":157,"name":"RIDEX","slug":"ridex"}],"_links":{"self":[{"href":"https:\/\/www.autonvaraosahaku.fi\/index.php?rest_route=\/wp\/v2\/product\/46717","targetHints":{"allow":["GET"]}}],"collection":[{"href":"https:\/\/www.autonvaraosahaku.fi\/index.php?rest_route=\/wp\/v2\/product"}],"about":[{"href":"https:\/\/www.autonvaraosahaku.fi\/index.php?rest_route=\/wp\/v2\/types\/product"}],"wp:attachment":[{"href":"https:\/\/www.autonvaraosahaku.fi\/index.php?rest_route=%2Fwp%2Fv2%2Fmedia&parent=46717"}],"wp:term":[{"taxonomy":"pwb-brand","embeddable":true,"href":"https:\/\/www.autonvaraosahaku.fi\/index.php?rest_route=%2Fwp%2Fv2%2Fpwb-brand&post=46717"},{"taxonomy":"product_cat","embeddable":true,"href":"https:\/\/www.autonvaraosahaku.fi\/index.php?rest_route=%2Fwp%2Fv2%2Fproduct_cat&post=46717"},{"taxonomy":"product_tag","embeddable":true,"href":"https:\/\/www.autonvaraosahaku.fi\/index.php?rest_route=%2Fwp%2Fv2%2Fproduct_tag&post=46717"}],"curies":[{"name":"wp","href":"https:\/\/api.w.org\/{rel}","templated":true}]}}