{"id":46741,"date":"2021-02-21T17:13:44","date_gmt":"2021-02-21T17:13:44","guid":{"rendered":"https:\/\/www.autonvaraosahaku.fi\/?product=elring-522-930-venttiilinvarren-kumit"},"modified":"2021-02-21T17:13:44","modified_gmt":"2021-02-21T17:13:44","slug":"elring-522-930-venttiilinvarren-kumit","status":"publish","type":"product","link":"https:\/\/www.autonvaraosahaku.fi\/?product=elring-522-930-venttiilinvarren-kumit","title":{"rendered":"ELRING 522.930 Venttiilinvarren kumit"},"content":{"rendered":"<p>Venttiilinvarren l\u00e4pimitta [mm]: 5,5, 5,5; Sis\u00e4l\u00e4pimitta [mm]: 8,3; Ulkol\u00e4pimitta [mm]: 11,5; Korkeus (mm): 8; Materiaali: FPM (fluori-kumi); Asennuspuoli: Einlassseite; NISSAN: MICRA IV K13,KUBISTAR Kasten X80; DACIA: SANDERO,SANDERO II,LOGAN MCV II,LOGAN LS_,LOGAN II; PEUGEOT: 206 Schr\u00e4gheck 2A\/C; RENAULT: TWINGO I C06_,CLIO II BB0\/1\/2_, CB0\/1\/2_,CLIO III BR0\/1, CR0\/1,KANGOO KC0\/1_,TWINGO II CN0_,MODUS \/ GRAND MODUS F\/JP0_,CLIO IV,KANGOO Express FC0\/1_,CLIO Grandtour KR0\/1_,TWINGO I Kasten S06_,CLIO Grandtour IV,WIND E4M_,THALIA I LB0\/1\/2_,CLIO III Kasten SB_, SR_,SANDERO\/STEPWAY I,LOGAN I LS_,THALIA II LU1\/2_,CLIO IV Kasten,SANDERO\/STEPWAY II,LOGAN II Kombi,THALIA III,LOGAN II; 0956C1, 8200171215, 2810530600, 0956C1, 8200171215<\/p>\n","protected":false},"excerpt":{"rendered":"<p>ELRING Tiiviste, Venttiilivarsi 522.930  NISSAN,DACIA,PEUGEOT,MICRA IV K13,KUBISTAR Kasten X80,SANDERO,SANDERO II,LOGAN MCV II,LOGAN LS_,LOGAN II<\/p>\n","protected":false},"featured_media":0,"template":"","meta":{"site-sidebar-layout":"default","site-content-layout":"default","ast-global-header-display":"","ast-main-header-display":"","ast-hfb-above-header-display":"","ast-hfb-below-header-display":"","ast-hfb-mobile-header-display":"","site-post-title":"","ast-breadcrumbs-content":"","ast-featured-img":"","footer-sml-layout":"","theme-transparent-header-meta":"","adv-header-id-meta":"","stick-header-meta":"","header-above-stick-meta":"","header-main-stick-meta":"","header-below-stick-meta":""},"pwb-brand":[26],"product_cat":[170],"product_tag":[],"class_list":{"0":"post-46741","1":"product","2":"type-product","3":"status-publish","5":"pwb-brand-elring","6":"product_cat-venttiilinvarren-kumit","7":"desktop-align-left","8":"tablet-align-left","9":"mobile-align-left","11":"first","12":"instock","13":"product-type-external"},"brands":[{"id":26,"name":"ELRING","slug":"elring"}],"_links":{"self":[{"href":"https:\/\/www.autonvaraosahaku.fi\/index.php?rest_route=\/wp\/v2\/product\/46741","targetHints":{"allow":["GET"]}}],"collection":[{"href":"https:\/\/www.autonvaraosahaku.fi\/index.php?rest_route=\/wp\/v2\/product"}],"about":[{"href":"https:\/\/www.autonvaraosahaku.fi\/index.php?rest_route=\/wp\/v2\/types\/product"}],"wp:attachment":[{"href":"https:\/\/www.autonvaraosahaku.fi\/index.php?rest_route=%2Fwp%2Fv2%2Fmedia&parent=46741"}],"wp:term":[{"taxonomy":"pwb-brand","embeddable":true,"href":"https:\/\/www.autonvaraosahaku.fi\/index.php?rest_route=%2Fwp%2Fv2%2Fpwb-brand&post=46741"},{"taxonomy":"product_cat","embeddable":true,"href":"https:\/\/www.autonvaraosahaku.fi\/index.php?rest_route=%2Fwp%2Fv2%2Fproduct_cat&post=46741"},{"taxonomy":"product_tag","embeddable":true,"href":"https:\/\/www.autonvaraosahaku.fi\/index.php?rest_route=%2Fwp%2Fv2%2Fproduct_tag&post=46741"}],"curies":[{"name":"wp","href":"https:\/\/api.w.org\/{rel}","templated":true}]}}