{"id":46748,"date":"2021-02-21T17:13:44","date_gmt":"2021-02-21T17:13:44","guid":{"rendered":"https:\/\/www.autonvaraosahaku.fi\/?product=kyb-344222-iskunvaimennin"},"modified":"2021-02-21T17:13:46","modified_gmt":"2021-02-21T17:13:46","slug":"kyb-344222-iskunvaimennin","status":"publish","type":"product","link":"https:\/\/www.autonvaraosahaku.fi\/?product=kyb-344222-iskunvaimennin","title":{"rendered":"KYB 344222 Iskunvaimennin"},"content":{"rendered":"<p>Asennuspuoli: Etuakseli; Iskunvaimennusj\u00e4rjestelm\u00e4: Kaksiputki; Iskunvaimennin tyyppi: Kaasupaine; Iskunvaimennin asennustapa: Tappi ylh\u00e4\u00e4ll\u00e4, Silmukka alhaalla; Tuotelinja: Excel-G; Alustarakenne: f\u00fcr Fahrzeuge ohne elektr. D\u00e4mpferregulierung; MITSUBISHI: PAJERO II V3_W, V2_W, V4_W,PAJERO CLASSIC V2_W,PAJERO II Canvas Top V2_W, V4_W; MB633900, MB633915, MB892584, MB892585, MR267960, MR319950; Iskarit,Iskunvaimennin<\/p>\n","protected":false},"excerpt":{"rendered":"<p>KYB Iskunvaimentimet 344222 Iskarit,Iskunvaimennin MITSUBISHI,PAJERO II V3_W, V2_W, V4_W,PAJERO CLASSIC V2_W,PAJERO II Canvas Top V2_W, V4_W<\/p>\n","protected":false},"featured_media":0,"template":"","meta":{"site-sidebar-layout":"default","site-content-layout":"default","ast-global-header-display":"","ast-main-header-display":"","ast-hfb-above-header-display":"","ast-hfb-below-header-display":"","ast-hfb-mobile-header-display":"","site-post-title":"","ast-breadcrumbs-content":"","ast-featured-img":"","footer-sml-layout":"","theme-transparent-header-meta":"","adv-header-id-meta":"","stick-header-meta":"","header-above-stick-meta":"","header-main-stick-meta":"","header-below-stick-meta":""},"pwb-brand":[226],"product_cat":[80],"product_tag":[],"class_list":{"0":"post-46748","1":"product","2":"type-product","3":"status-publish","5":"pwb-brand-kyb","6":"product_cat-iskunvaimennin","7":"desktop-align-left","8":"tablet-align-left","9":"mobile-align-left","11":"first","12":"instock","13":"product-type-external"},"brands":[{"id":226,"name":"KYB","slug":"kyb"}],"_links":{"self":[{"href":"https:\/\/www.autonvaraosahaku.fi\/index.php?rest_route=\/wp\/v2\/product\/46748","targetHints":{"allow":["GET"]}}],"collection":[{"href":"https:\/\/www.autonvaraosahaku.fi\/index.php?rest_route=\/wp\/v2\/product"}],"about":[{"href":"https:\/\/www.autonvaraosahaku.fi\/index.php?rest_route=\/wp\/v2\/types\/product"}],"wp:attachment":[{"href":"https:\/\/www.autonvaraosahaku.fi\/index.php?rest_route=%2Fwp%2Fv2%2Fmedia&parent=46748"}],"wp:term":[{"taxonomy":"pwb-brand","embeddable":true,"href":"https:\/\/www.autonvaraosahaku.fi\/index.php?rest_route=%2Fwp%2Fv2%2Fpwb-brand&post=46748"},{"taxonomy":"product_cat","embeddable":true,"href":"https:\/\/www.autonvaraosahaku.fi\/index.php?rest_route=%2Fwp%2Fv2%2Fproduct_cat&post=46748"},{"taxonomy":"product_tag","embeddable":true,"href":"https:\/\/www.autonvaraosahaku.fi\/index.php?rest_route=%2Fwp%2Fv2%2Fproduct_tag&post=46748"}],"curies":[{"name":"wp","href":"https:\/\/api.w.org\/{rel}","templated":true}]}}