{"id":46749,"date":"2021-02-21T17:13:44","date_gmt":"2021-02-21T17:13:44","guid":{"rendered":"https:\/\/www.autonvaraosahaku.fi\/?product=hella-2sd-003-184-031-takavalot"},"modified":"2021-02-21T17:13:46","modified_gmt":"2021-02-21T17:13:46","slug":"hella-2sd-003-184-031-takavalot","status":"publish","type":"product","link":"https:\/\/www.autonvaraosahaku.fi\/?product=hella-2sd-003-184-031-takavalot","title":{"rendered":"HELLA 2SD 003 184-031 Takavalot"},"content":{"rendered":"<p>Asennuspuoli: Vasen; Pituus (mm): 158; Leveys (mm): 51; Korkeus (mm): 64; Asennusmalli: Pinta-asennus; Korvaava tuote\/korvaava tiedote 2: ilman polttimoita; Lis\u00e4tarvike\/lis\u00e4tieto: Ilman tiivisteit\u00e4; Tarkistuskilpi: E1 130, E1 53253, ECE; Nimellisj\u00e4nnite (V): 12, 24; Lyhtytoimintojen m\u00e4\u00e4r\u00e4: 3; Kiinnitysmalli: vaakasuoraan asennukseen; V\u00e4ri: Keltainen, Punainen; Kopan v\u00e4ri: Musta; Kotelomalli: Muovikotelo; Lamppumalli: P21W, R10W; Valotoiminto: vilkkuvalolla, jarruvalolla, Takavalolla; Materiaali: Muovi; Rekister\u00f6ity tyyppi: E-hyv\u00e4ksytty; FENDT: Farmer,Favorit,GT; 0867486, 150320900, 36252256008, N1011025270, 5170045, PJ5170045<\/p>\n","protected":false},"excerpt":{"rendered":"<p>HELLA Takavalo 2SD 003 184-031  FENDT,Farmer,Favorit,GT<\/p>\n","protected":false},"featured_media":0,"template":"","meta":{"site-sidebar-layout":"default","site-content-layout":"default","ast-global-header-display":"","ast-main-header-display":"","ast-hfb-above-header-display":"","ast-hfb-below-header-display":"","ast-hfb-mobile-header-display":"","site-post-title":"","ast-breadcrumbs-content":"","ast-featured-img":"","footer-sml-layout":"","theme-transparent-header-meta":"","adv-header-id-meta":"","stick-header-meta":"","header-above-stick-meta":"","header-main-stick-meta":"","header-below-stick-meta":""},"pwb-brand":[24],"product_cat":[159],"product_tag":[],"class_list":{"0":"post-46749","1":"product","2":"type-product","3":"status-publish","5":"pwb-brand-hella","6":"product_cat-takavalot","7":"desktop-align-left","8":"tablet-align-left","9":"mobile-align-left","11":"first","12":"instock","13":"product-type-external"},"brands":[{"id":24,"name":"HELLA","slug":"hella"}],"_links":{"self":[{"href":"https:\/\/www.autonvaraosahaku.fi\/index.php?rest_route=\/wp\/v2\/product\/46749","targetHints":{"allow":["GET"]}}],"collection":[{"href":"https:\/\/www.autonvaraosahaku.fi\/index.php?rest_route=\/wp\/v2\/product"}],"about":[{"href":"https:\/\/www.autonvaraosahaku.fi\/index.php?rest_route=\/wp\/v2\/types\/product"}],"wp:attachment":[{"href":"https:\/\/www.autonvaraosahaku.fi\/index.php?rest_route=%2Fwp%2Fv2%2Fmedia&parent=46749"}],"wp:term":[{"taxonomy":"pwb-brand","embeddable":true,"href":"https:\/\/www.autonvaraosahaku.fi\/index.php?rest_route=%2Fwp%2Fv2%2Fpwb-brand&post=46749"},{"taxonomy":"product_cat","embeddable":true,"href":"https:\/\/www.autonvaraosahaku.fi\/index.php?rest_route=%2Fwp%2Fv2%2Fproduct_cat&post=46749"},{"taxonomy":"product_tag","embeddable":true,"href":"https:\/\/www.autonvaraosahaku.fi\/index.php?rest_route=%2Fwp%2Fv2%2Fproduct_tag&post=46749"}],"curies":[{"name":"wp","href":"https:\/\/api.w.org\/{rel}","templated":true}]}}