{"id":46798,"date":"2021-02-21T17:13:54","date_gmt":"2021-02-21T17:13:54","guid":{"rendered":"https:\/\/www.autonvaraosahaku.fi\/?product=lpr-8102-kytkimen-tyosylinteri"},"modified":"2021-02-21T17:13:59","modified_gmt":"2021-02-21T17:13:59","slug":"lpr-8102-kytkimen-tyosylinteri","status":"publish","type":"product","link":"https:\/\/www.autonvaraosahaku.fi\/?product=lpr-8102-kytkimen-tyosylinteri","title":{"rendered":"LPR 8102 Kytkimen ty\u00f6sylinteri"},"content":{"rendered":"<p>Reik\u00e4-\u00d8 [mm]: 25,4; Kierremitta: 12 x 1, 12 x 1; Materiaali: Valurauta; Jarruj\u00e4rjestelm\u00e4: Bendix\/Bosch; Valmistusvuoteen: 03\/1995; LANCIA: LYBRA SW 839BX,DELTA I 831AB0,KAPPA 838A,LYBRA 839AX,THEMA 834,DELTA II 836,KAPPA SW 838B,KAPPA Coupe 838,DEDRA 835,Y10 156,DEDRA SW 835,THEMA SW 834; FIAT: COUPE FA\/175,BRAVO I 182,BRAVA 182,MAREA Weekend 185,UNO 146A\/E,TIPO 160,CROMA 154,MAREA 185,TEMPRA 159,TEMPRA S.W. 159; ALFA ROMEO: 156 Sportwagon 932,156 932,GT 937,SPIDER 916S_,166 936,GTV 916C_,164 164,145 930,155 167,146 930; 46421940, 46531636, 46421937, 46531635, 60505496, 60801577, 60807492, 60812081, 60812359, 60814217, 60815246, 71738467, 71738468, 82409600, 82456362, 82409600; Ty\u00f6sylinteri, Kytkin<\/p>\n","protected":false},"excerpt":{"rendered":"<p>LPR Kytkimen Ty\u00f6sylinteri 8102 Ty\u00f6sylinteri, Kytkin LANCIA,FIAT,ALFA ROMEO,LYBRA SW 839BX,DELTA I 831AB0,KAPPA 838A,LYBRA 839AX,THEMA 834,DELTA II 836<\/p>\n","protected":false},"featured_media":0,"template":"","meta":{"site-sidebar-layout":"default","site-content-layout":"default","ast-global-header-display":"","ast-main-header-display":"","ast-hfb-above-header-display":"","ast-hfb-below-header-display":"","ast-hfb-mobile-header-display":"","site-post-title":"","ast-breadcrumbs-content":"","ast-featured-img":"","footer-sml-layout":"","theme-transparent-header-meta":"","adv-header-id-meta":"","stick-header-meta":"","header-above-stick-meta":"","header-main-stick-meta":"","header-below-stick-meta":""},"pwb-brand":[238],"product_cat":[310],"product_tag":[],"class_list":{"0":"post-46798","1":"product","2":"type-product","3":"status-publish","5":"pwb-brand-lpr","6":"product_cat-kytkimen-tyosylinteri","7":"desktop-align-left","8":"tablet-align-left","9":"mobile-align-left","11":"first","12":"instock","13":"product-type-external"},"brands":[{"id":238,"name":"LPR","slug":"lpr"}],"_links":{"self":[{"href":"https:\/\/www.autonvaraosahaku.fi\/index.php?rest_route=\/wp\/v2\/product\/46798","targetHints":{"allow":["GET"]}}],"collection":[{"href":"https:\/\/www.autonvaraosahaku.fi\/index.php?rest_route=\/wp\/v2\/product"}],"about":[{"href":"https:\/\/www.autonvaraosahaku.fi\/index.php?rest_route=\/wp\/v2\/types\/product"}],"wp:attachment":[{"href":"https:\/\/www.autonvaraosahaku.fi\/index.php?rest_route=%2Fwp%2Fv2%2Fmedia&parent=46798"}],"wp:term":[{"taxonomy":"pwb-brand","embeddable":true,"href":"https:\/\/www.autonvaraosahaku.fi\/index.php?rest_route=%2Fwp%2Fv2%2Fpwb-brand&post=46798"},{"taxonomy":"product_cat","embeddable":true,"href":"https:\/\/www.autonvaraosahaku.fi\/index.php?rest_route=%2Fwp%2Fv2%2Fproduct_cat&post=46798"},{"taxonomy":"product_tag","embeddable":true,"href":"https:\/\/www.autonvaraosahaku.fi\/index.php?rest_route=%2Fwp%2Fv2%2Fproduct_tag&post=46798"}],"curies":[{"name":"wp","href":"https:\/\/api.w.org\/{rel}","templated":true}]}}