{"id":46808,"date":"2021-02-21T17:14:00","date_gmt":"2021-02-21T17:14:00","guid":{"rendered":"https:\/\/www.autonvaraosahaku.fi\/?product=febi-bilstein-36048-vesipumppu"},"modified":"2021-02-21T17:14:03","modified_gmt":"2021-02-21T17:14:03","slug":"febi-bilstein-36048-vesipumppu","status":"publish","type":"product","link":"https:\/\/www.autonvaraosahaku.fi\/?product=febi-bilstein-36048-vesipumppu","title":{"rendered":"FEBI BILSTEIN 36048 Vesipumppu"},"content":{"rendered":"<p>Materiaali vesipumpun siipipy\u00f6r\u00e4: Muovi; Materiaali tiiviste: Kumi; Materiaali: Alumiinivalu; Hammasluku: 19; Siipien m\u00e4\u00e4r\u00e4: 8; Paino [kg]: 0,725; Lis\u00e4tarvike\/lis\u00e4tieto: Tiivisteill\u00e4; Huomioi huolto-ohjeet: , ; Moottorinumero: CFFB; CFHC; CLCB; VW: GOLF VI 5K1,GOLF PLUS 5M1, 521,POLO 6R, 6C,TIGUAN 5N_,PASSAT Variant 365,CADDY III Kombi 2KB, 2KJ, 2CB, 2CJ,TRANSPORTER V Bus 7HB, 7HJ, 7EB, 7EJ, 7EF,TOURAN 1T3,GOLF VI Variant AJ5,MULTIVAN V 7HM, 7HN, 7HF, 7EF, 7EM, 7EN,CADDY III Kasten 2KA, 2KH, 2CA, 2CH,EOS 1F7, 1F8,SCIROCCO 137, 138,TRANSPORTER V Kasten 7HA, 7HH, 7EA, 7EH,PASSAT CC 357,SHARAN 7N1, 7N2,CRAFTER 30-50 Kasten 2E_,JETTA III 1K2,PASSAT 362,AMAROK 2H_, S1B,CC 358,BEETLE 5C1,JETTA IV 162, 163,CRAFTER 30-35 Bus 2E_,POLO Stufenheck,TRANSPORTER V Pritsche\/Fahrgestell 7JD, 7JE, 7JL, 7JY, 7JZ,,PASSAT ALLTRACK 365,BEETLE Cabriolet 5C7,CRAFTER 30-50 Pritsche\/Fahrgestell 2F_,PASSAT A32,MULTIVAN VI SGF, SGM, SGN,CADDY IV Kombi SAB, SAJ,TRANSPORTER VI Bus SGB, SGG, SGJ,TRANSPORTER VI Kasten SGA, SGH,CADDY IV Kasten SAA, SAH,AMAROK Pritsche\/Fahrgestell S1B,CADDY ALLTRACK Kasten SAA,CADDY ALLTRACK Kombi SAB,TRANSPORTER VI Pritsche\/Fahrgestell SFD, SFE, SFL, SFZ; AUDI: A4 Avant 8K5, B8,A3 8P1,A3 Sportback 8PA,A4 8K2, B8,Q5 8R,A6 Avant 4G5, C7, 4GD,A5 8T3,A5 Sportback 8TA,TT 8J3,Q3 8U,A6 4G2, C7, 4GC,A4 Allroad 8KH, B8,A5 Cabriolet 8F7,TT Roadster 8J9,A3 Cabriolet 8P7; SKODA: OCTAVIA Combi 1Z5,FABIA,FABIA Combi,ROOMSTER 5J,YETI 5L,SUPERB Kombi 3T5,OCTAVIA 1Z3,SUPERB 3T4,RAPID Spaceback NH1,ROOMSTER Praktik 5J,RAPID NH3,RAPID NA2; SEAT: LEON 1P1,IBIZA V 6J5, 6P5,ALTEA 5P1,ALTEA XL 5P5, 5P8,IBIZA V ST 6J8, 6P8,EXEO ST 3R5,ALHAMBRA 710, 711,IBIZA V SPORTCOUPE 6J1, 6P1,EXEO 3R2,TOLEDO IV KG3; 03L121011, 03L121011C, 03L121011CX, 03L121011H, 03L121011HV, 03L121011HX, 03L121011J, 03L121011JX, 03L121011P, 03L121011PX, 03L121011X, 3L121011, 3L121011C, 3L121011CX, 3L121011H, 3L121011HV, 3L121011HX, 3L121011J, 3L121011JX, 3L121011P, 3L121011PX, 3L121011X, 03L121011, 03L121011C, 03L121011CX, 03L121011H, 03L121011HX, 03L121011J, 03L121011JX, 03L121011P, 03L121011PX, 3L121011, 3L121011C, 3L121011CX, 3L121011H, 3L121011HX, 3L121011J, 3L121011JX, 3L121011P, 3L121011PX, 03L121011, 03L121011C, 03L121011CX, 03L121011H, 03L121011HX, 03L121011J, 03L121011JX, 03L121011P, 03L121011PX, 3L121011, 3L121011C, 3L121011CX, 3L121011H, 3L121011HX, 3L121011J, 3L121011JX, 3L121011P, 3L121011PX, 03L121011, 03L121011C, 03L121011CX, 03L121011H, 03L121011HV, 03L121011HX, 03L121011J, 03L121011JX, 03L121011P, 03L121011PX, 03L121011X, 3L121011, 3L121011C, 3L121011CX, 3L121011H, 3L121011HV, 3L121011HX, 3L121011J, 3L121011JX, 3L121011P, 3L121011PX, 3L121011X<\/p>\n","protected":false},"excerpt":{"rendered":"<p>FEBI BILSTEIN Vesipumppu 36048  VW,AUDI,SKODA,GOLF VI 5K1,GOLF PLUS 5M1, 521,POLO 6R, 6C,TIGUAN 5N_,PASSAT Variant 365<\/p>\n","protected":false},"featured_media":0,"template":"","meta":{"site-sidebar-layout":"default","site-content-layout":"default","ast-global-header-display":"","ast-main-header-display":"","ast-hfb-above-header-display":"","ast-hfb-below-header-display":"","ast-hfb-mobile-header-display":"","site-post-title":"","ast-breadcrumbs-content":"","ast-featured-img":"","footer-sml-layout":"","theme-transparent-header-meta":"","adv-header-id-meta":"","stick-header-meta":"","header-above-stick-meta":"","header-main-stick-meta":"","header-below-stick-meta":""},"pwb-brand":[50],"product_cat":[279],"product_tag":[],"class_list":{"0":"post-46808","1":"product","2":"type-product","3":"status-publish","5":"pwb-brand-febi-bilstein","6":"product_cat-vesipumppu","7":"desktop-align-left","8":"tablet-align-left","9":"mobile-align-left","11":"first","12":"instock","13":"product-type-external"},"brands":[{"id":50,"name":"FEBI BILSTEIN","slug":"febi-bilstein"}],"_links":{"self":[{"href":"https:\/\/www.autonvaraosahaku.fi\/index.php?rest_route=\/wp\/v2\/product\/46808","targetHints":{"allow":["GET"]}}],"collection":[{"href":"https:\/\/www.autonvaraosahaku.fi\/index.php?rest_route=\/wp\/v2\/product"}],"about":[{"href":"https:\/\/www.autonvaraosahaku.fi\/index.php?rest_route=\/wp\/v2\/types\/product"}],"wp:attachment":[{"href":"https:\/\/www.autonvaraosahaku.fi\/index.php?rest_route=%2Fwp%2Fv2%2Fmedia&parent=46808"}],"wp:term":[{"taxonomy":"pwb-brand","embeddable":true,"href":"https:\/\/www.autonvaraosahaku.fi\/index.php?rest_route=%2Fwp%2Fv2%2Fpwb-brand&post=46808"},{"taxonomy":"product_cat","embeddable":true,"href":"https:\/\/www.autonvaraosahaku.fi\/index.php?rest_route=%2Fwp%2Fv2%2Fproduct_cat&post=46808"},{"taxonomy":"product_tag","embeddable":true,"href":"https:\/\/www.autonvaraosahaku.fi\/index.php?rest_route=%2Fwp%2Fv2%2Fproduct_tag&post=46808"}],"curies":[{"name":"wp","href":"https:\/\/api.w.org\/{rel}","templated":true}]}}