{"id":46916,"date":"2021-02-21T17:14:28","date_gmt":"2021-02-21T17:14:28","guid":{"rendered":"https:\/\/www.autonvaraosahaku.fi\/?product=textar-98048700-jarrupalojen-kulumisen-ilmaisin"},"modified":"2021-02-21T17:14:32","modified_gmt":"2021-02-21T17:14:32","slug":"textar-98048700-jarrupalojen-kulumisen-ilmaisin","status":"publish","type":"product","link":"https:\/\/www.autonvaraosahaku.fi\/?product=textar-98048700-jarrupalojen-kulumisen-ilmaisin","title":{"rendered":"TEXTAR 98048700 Jarrupalojen kulumisen ilmaisin"},"content":{"rendered":"<p>Jarrutyyppi: Levyjarru; Pituus (mm): 94; Paino [kg]: 0,004; M\u00e4\u00e4r\u00e4: 1; Pakkauspituus [cm]: 20; Pakkausleveys [cm]: 12; Pakkauskorkeus [mm]: 1; Teknisten tietojen numero: 96990 0487 0 1; Asennuspuoli: Vorderachse; INFINITI: Q30,QX30; MERCEDES-BENZ: B-CLASS W246, W242,A-CLASS W176,G-CLASS W463,CLA Coupe C117,G-CLASS W461,C-CLASS T-Model S205,C-CLASS W205,GLA-CLASS X156,E-CLASS W213,CLA Shooting Brake X117,GLC X253,E-CLASS T-Model S213,C-CLASS Coupe C205,GLC Coupe C253,C-CLASS Cabriolet A205,E-CLASS Coupe C238,E-CLASS Cabriolet A238,CLS C257,E-CLASS All-Terrain S213; 410685DN0A, 479105DA9A, 1695401617, A1695401617; Kulumisenilmaisin, Jarrupala<\/p>\n","protected":false},"excerpt":{"rendered":"<p>TEXTAR Jarrupalojen Kulumisen Ilmaisin 98048700 Kulumisenilmaisin, Jarrupala INFINITI,MERCEDES-BENZ,Q30,QX30,B-CLASS W246, W242,A-CLASS W176<\/p>\n","protected":false},"featured_media":0,"template":"","meta":{"site-sidebar-layout":"default","site-content-layout":"default","ast-global-header-display":"","ast-main-header-display":"","ast-hfb-above-header-display":"","ast-hfb-below-header-display":"","ast-hfb-mobile-header-display":"","site-post-title":"","ast-breadcrumbs-content":"","ast-featured-img":"","footer-sml-layout":"","theme-transparent-header-meta":"","adv-header-id-meta":"","stick-header-meta":"","header-above-stick-meta":"","header-main-stick-meta":"","header-below-stick-meta":""},"pwb-brand":[288],"product_cat":[111],"product_tag":[],"class_list":{"0":"post-46916","1":"product","2":"type-product","3":"status-publish","5":"pwb-brand-textar","6":"product_cat-jarrupalojen-kulumisen-ilmaisin","7":"desktop-align-left","8":"tablet-align-left","9":"mobile-align-left","11":"first","12":"instock","13":"product-type-external"},"brands":[{"id":288,"name":"TEXTAR","slug":"textar"}],"_links":{"self":[{"href":"https:\/\/www.autonvaraosahaku.fi\/index.php?rest_route=\/wp\/v2\/product\/46916","targetHints":{"allow":["GET"]}}],"collection":[{"href":"https:\/\/www.autonvaraosahaku.fi\/index.php?rest_route=\/wp\/v2\/product"}],"about":[{"href":"https:\/\/www.autonvaraosahaku.fi\/index.php?rest_route=\/wp\/v2\/types\/product"}],"wp:attachment":[{"href":"https:\/\/www.autonvaraosahaku.fi\/index.php?rest_route=%2Fwp%2Fv2%2Fmedia&parent=46916"}],"wp:term":[{"taxonomy":"pwb-brand","embeddable":true,"href":"https:\/\/www.autonvaraosahaku.fi\/index.php?rest_route=%2Fwp%2Fv2%2Fpwb-brand&post=46916"},{"taxonomy":"product_cat","embeddable":true,"href":"https:\/\/www.autonvaraosahaku.fi\/index.php?rest_route=%2Fwp%2Fv2%2Fproduct_cat&post=46916"},{"taxonomy":"product_tag","embeddable":true,"href":"https:\/\/www.autonvaraosahaku.fi\/index.php?rest_route=%2Fwp%2Fv2%2Fproduct_tag&post=46916"}],"curies":[{"name":"wp","href":"https:\/\/api.w.org\/{rel}","templated":true}]}}