{"id":46922,"date":"2021-02-21T17:14:33","date_gmt":"2021-02-21T17:14:33","guid":{"rendered":"https:\/\/www.autonvaraosahaku.fi\/?product=beru-z338-sytytystulpat"},"modified":"2021-02-21T17:14:34","modified_gmt":"2021-02-21T17:14:34","slug":"beru-z338-sytytystulpat","status":"publish","type":"product","link":"https:\/\/www.autonvaraosahaku.fi\/?product=beru-z338-sytytystulpat","title":{"rendered":"BERU Z338 Sytytystulpat"},"content":{"rendered":"<p>K\u00e4rkiv\u00e4li (mm): 0,8; Liittimet: SAE; Kierremitta: M12x1,25; Avainv\u00e4li: 16 mm; Sytytystulppa: 1-maaelektroodi, suoralla istukalla; Kierteen pituus (mm): 19; Teknisten tietojen numero: 12 FR-4 DPUT; Kiristysmomentti > [Nm]: 15; Kiristysmomentti enint\u00e4\u00e4n [Nm]: 25; lis\u00e4tieto: ULTRA; Tarvittava kappalem\u00e4\u00e4r\u00e4: 4; JEEP: RENEGADE Gel\u00e4ndewagen geschlossen BU; ABARTH: 500 \/ 595 312_,500C \/ 595C 312_,PUNTO 199_; LANCIA: DELTA III 844; ALFA ROMEO: GIULIETTA 940,MITO 955; FIAT: GRANDE PUNTO 199,500 312,BRAVO II 198,PUNTO EVO 199,DOBLO Kasten\/Kombi 263,PUNTO 199,500L,DOBLO Gro\u00dfraumlimousine 152, 263,LINEA 323,500X; 55210685, 552106850, 55249868; Tulpat,Sytytystulppa<\/p>\n","protected":false},"excerpt":{"rendered":"<p>BERU Sytytystulpat Z338 Tulpat,Sytytystulppa JEEP,ABARTH,LANCIA,RENEGADE Gel\u00e4ndewagen geschlossen BU,500 \/ 595 312_,500C \/ 595C 312_,PUNTO 199_<\/p>\n","protected":false},"featured_media":0,"template":"","meta":{"site-sidebar-layout":"default","site-content-layout":"default","ast-global-header-display":"","ast-main-header-display":"","ast-hfb-above-header-display":"","ast-hfb-below-header-display":"","ast-hfb-mobile-header-display":"","site-post-title":"","ast-breadcrumbs-content":"","ast-featured-img":"","footer-sml-layout":"","theme-transparent-header-meta":"","adv-header-id-meta":"","stick-header-meta":"","header-above-stick-meta":"","header-main-stick-meta":"","header-below-stick-meta":""},"pwb-brand":[327],"product_cat":[165],"product_tag":[],"class_list":{"0":"post-46922","1":"product","2":"type-product","3":"status-publish","5":"pwb-brand-beru","6":"product_cat-sytytystulpat","7":"desktop-align-left","8":"tablet-align-left","9":"mobile-align-left","11":"first","12":"instock","13":"product-type-external"},"brands":[{"id":327,"name":"BERU","slug":"beru"}],"_links":{"self":[{"href":"https:\/\/www.autonvaraosahaku.fi\/index.php?rest_route=\/wp\/v2\/product\/46922","targetHints":{"allow":["GET"]}}],"collection":[{"href":"https:\/\/www.autonvaraosahaku.fi\/index.php?rest_route=\/wp\/v2\/product"}],"about":[{"href":"https:\/\/www.autonvaraosahaku.fi\/index.php?rest_route=\/wp\/v2\/types\/product"}],"wp:attachment":[{"href":"https:\/\/www.autonvaraosahaku.fi\/index.php?rest_route=%2Fwp%2Fv2%2Fmedia&parent=46922"}],"wp:term":[{"taxonomy":"pwb-brand","embeddable":true,"href":"https:\/\/www.autonvaraosahaku.fi\/index.php?rest_route=%2Fwp%2Fv2%2Fpwb-brand&post=46922"},{"taxonomy":"product_cat","embeddable":true,"href":"https:\/\/www.autonvaraosahaku.fi\/index.php?rest_route=%2Fwp%2Fv2%2Fproduct_cat&post=46922"},{"taxonomy":"product_tag","embeddable":true,"href":"https:\/\/www.autonvaraosahaku.fi\/index.php?rest_route=%2Fwp%2Fv2%2Fproduct_tag&post=46922"}],"curies":[{"name":"wp","href":"https:\/\/api.w.org\/{rel}","templated":true}]}}