{"id":47012,"date":"2021-02-21T17:14:55","date_gmt":"2021-02-21T17:14:55","guid":{"rendered":"https:\/\/www.autonvaraosahaku.fi\/?product=ridex-689c0220-sytytyspuola"},"modified":"2021-02-21T17:14:58","modified_gmt":"2021-02-21T17:14:58","slug":"ridex-689c0220-sytytyspuola","status":"publish","type":"product","link":"https:\/\/www.autonvaraosahaku.fi\/?product=ridex-689c0220-sytytyspuola","title":{"rendered":"RIDEX 689C0220 Sytytyspuola"},"content":{"rendered":"<p>Napojen m\u00e4\u00e4r\u00e4: 3; Valmistusvuosi alkaen: 07\/2010; OPEL: COMBO Kasten\/Kombi X12,COMBO Tour X12; FIAT: GRANDE PUNTO 199,BRAVO II 198,DOBLO Kasten\/Kombi 263,500L,DOBLO Gro\u00dfraumlimousine 152, 263,LINEA 323; ALFA ROMEO: GIULIETTA 940,MITO 955; LANCIA: DELTA III 844; ABARTH: 500 \/ 595 312_,500C \/ 595C 312_,PUNTO 199_; 46337753, 55209603, 55213613, 55224494, 55263742, 55268859, 55270223, 55279421, 46337753, 55209603, 55213613, 55224494, 55263742, 55268859, 55270223, 55279421, 46337753, 55209603, 55213613, 55224494, 55263742, 55268859, 55270223, 55279421, 01208107, 055213613, 055270223, 1208107, 55213613, 55270223<\/p>\n","protected":false},"excerpt":{"rendered":"<p>RIDEX Sytytyspuola 689C0220  OPEL,FIAT,ALFA ROMEO,COMBO Kasten\/Kombi X12,COMBO Tour X12,GRANDE PUNTO 199,BRAVO II 198,DOBLO Kasten\/Kombi 263,500L<\/p>\n","protected":false},"featured_media":0,"template":"","meta":{"site-sidebar-layout":"default","site-content-layout":"default","ast-global-header-display":"","ast-main-header-display":"","ast-hfb-above-header-display":"","ast-hfb-below-header-display":"","ast-hfb-mobile-header-display":"","site-post-title":"","ast-breadcrumbs-content":"","ast-featured-img":"","footer-sml-layout":"","theme-transparent-header-meta":"","adv-header-id-meta":"","stick-header-meta":"","header-above-stick-meta":"","header-main-stick-meta":"","header-below-stick-meta":""},"pwb-brand":[157],"product_cat":[25],"product_tag":[],"class_list":{"0":"post-47012","1":"product","2":"type-product","3":"status-publish","5":"pwb-brand-ridex","6":"product_cat-sytytyspuola","7":"desktop-align-left","8":"tablet-align-left","9":"mobile-align-left","11":"first","12":"instock","13":"product-type-external"},"brands":[{"id":157,"name":"RIDEX","slug":"ridex"}],"_links":{"self":[{"href":"https:\/\/www.autonvaraosahaku.fi\/index.php?rest_route=\/wp\/v2\/product\/47012","targetHints":{"allow":["GET"]}}],"collection":[{"href":"https:\/\/www.autonvaraosahaku.fi\/index.php?rest_route=\/wp\/v2\/product"}],"about":[{"href":"https:\/\/www.autonvaraosahaku.fi\/index.php?rest_route=\/wp\/v2\/types\/product"}],"wp:attachment":[{"href":"https:\/\/www.autonvaraosahaku.fi\/index.php?rest_route=%2Fwp%2Fv2%2Fmedia&parent=47012"}],"wp:term":[{"taxonomy":"pwb-brand","embeddable":true,"href":"https:\/\/www.autonvaraosahaku.fi\/index.php?rest_route=%2Fwp%2Fv2%2Fpwb-brand&post=47012"},{"taxonomy":"product_cat","embeddable":true,"href":"https:\/\/www.autonvaraosahaku.fi\/index.php?rest_route=%2Fwp%2Fv2%2Fproduct_cat&post=47012"},{"taxonomy":"product_tag","embeddable":true,"href":"https:\/\/www.autonvaraosahaku.fi\/index.php?rest_route=%2Fwp%2Fv2%2Fproduct_tag&post=47012"}],"curies":[{"name":"wp","href":"https:\/\/api.w.org\/{rel}","templated":true}]}}