{"id":47015,"date":"2021-02-21T17:14:55","date_gmt":"2021-02-21T17:14:55","guid":{"rendered":"https:\/\/www.autonvaraosahaku.fi\/?product=ridex-402b0903-jarrupalat"},"modified":"2021-02-21T17:14:59","modified_gmt":"2021-02-21T17:14:59","slug":"ridex-402b0903-jarrupalat","status":"publish","type":"product","link":"https:\/\/www.autonvaraosahaku.fi\/?product=ridex-402b0903-jarrupalat","title":{"rendered":"RIDEX 402B0903 Jarrupalat"},"content":{"rendered":"<p>Varoittimen pituus [mm]: 190, 305; WVA-numero: 20906, 20905; Jarruj\u00e4rjestelm\u00e4: Bendix; Kulumisenilmaisimen liitos: Sis. kulumisenilmaisimen; Kulumisvaroittimia [pro Achse]: 4; Korkeus (mm): 54,3; Leveys (mm): 105; Paksuus [mm]: 18; M\u00e4\u00e4r\u00e4yksikk\u00f6: Akselisarja; Asennuspuoli: Vorderachse; CITRO\u00cbN: SAXO S0, S1,AX ZA-_,SAXO Hatchback van S3_; PEUGEOT: 106 II 1,106 I 1A, 1C,106 Van 1_; 425091, 425092, 425102, 425120, 425127, 425165, 425263, 425264, 425499, 95659616, 1611457980, 425091, 425092, 425120, 425127, 425165, 425263, 425264, 425314, 425499, 95659616, E172008, E172504, 7701204530; Jarrupalasarja,Jarrupala, Levyjarru<\/p>\n","protected":false},"excerpt":{"rendered":"<p>RIDEX Jarrupalat 402B0903 Jarrupalasarja,Jarrupala, Levyjarru CITRO\u00cbN,PEUGEOT,SAXO S0, S1,AX ZA-_,SAXO Hatchback van S3_,106 II 1,106 I 1A, 1C<\/p>\n","protected":false},"featured_media":0,"template":"","meta":{"site-sidebar-layout":"default","site-content-layout":"default","ast-global-header-display":"","ast-main-header-display":"","ast-hfb-above-header-display":"","ast-hfb-below-header-display":"","ast-hfb-mobile-header-display":"","site-post-title":"","ast-breadcrumbs-content":"","ast-featured-img":"","footer-sml-layout":"","theme-transparent-header-meta":"","adv-header-id-meta":"","stick-header-meta":"","header-above-stick-meta":"","header-main-stick-meta":"","header-below-stick-meta":""},"pwb-brand":[157],"product_cat":[100],"product_tag":[],"class_list":{"0":"post-47015","1":"product","2":"type-product","3":"status-publish","5":"pwb-brand-ridex","6":"product_cat-jarrupalat","7":"desktop-align-left","8":"tablet-align-left","9":"mobile-align-left","11":"first","12":"instock","13":"product-type-external"},"brands":[{"id":157,"name":"RIDEX","slug":"ridex"}],"_links":{"self":[{"href":"https:\/\/www.autonvaraosahaku.fi\/index.php?rest_route=\/wp\/v2\/product\/47015","targetHints":{"allow":["GET"]}}],"collection":[{"href":"https:\/\/www.autonvaraosahaku.fi\/index.php?rest_route=\/wp\/v2\/product"}],"about":[{"href":"https:\/\/www.autonvaraosahaku.fi\/index.php?rest_route=\/wp\/v2\/types\/product"}],"wp:attachment":[{"href":"https:\/\/www.autonvaraosahaku.fi\/index.php?rest_route=%2Fwp%2Fv2%2Fmedia&parent=47015"}],"wp:term":[{"taxonomy":"pwb-brand","embeddable":true,"href":"https:\/\/www.autonvaraosahaku.fi\/index.php?rest_route=%2Fwp%2Fv2%2Fpwb-brand&post=47015"},{"taxonomy":"product_cat","embeddable":true,"href":"https:\/\/www.autonvaraosahaku.fi\/index.php?rest_route=%2Fwp%2Fv2%2Fproduct_cat&post=47015"},{"taxonomy":"product_tag","embeddable":true,"href":"https:\/\/www.autonvaraosahaku.fi\/index.php?rest_route=%2Fwp%2Fv2%2Fproduct_tag&post=47015"}],"curies":[{"name":"wp","href":"https:\/\/api.w.org\/{rel}","templated":true}]}}