{"id":47017,"date":"2021-02-21T17:14:55","date_gmt":"2021-02-21T17:14:55","guid":{"rendered":"https:\/\/www.autonvaraosahaku.fi\/?product=ridex-402b0454-jarrupalat"},"modified":"2021-02-21T17:14:59","modified_gmt":"2021-02-21T17:14:59","slug":"ridex-402b0454-jarrupalat","status":"publish","type":"product","link":"https:\/\/www.autonvaraosahaku.fi\/?product=ridex-402b0454-jarrupalat","title":{"rendered":"RIDEX 402B0454 Jarrupalat"},"content":{"rendered":"<p>Jarruj\u00e4rjestelm\u00e4: Akebono; Leveys (mm): 137,7; Korkeus (mm): 58,7; Paksuus [mm]: 17; Kulumisenilmaisimen liitos: Kulumisenilmaisemelle; T\u00e4ristys: V\u00e4r\u00e4htelynvaimentimella; M\u00e4\u00e4r\u00e4yksikk\u00f6: Akselisarja; Asennuspuoli: Etuakseli, Vorderachse; OPEL: FRONTERA B 6B_,MONTEREY B; VAUXHALL: FRONTERA Mk II B; ISUZU: TROOPER,TROOPER Soft Top; 97201441, 1605002, 1605084, 1605978, 93173154, 97201441, 97227235, 93173154; Jarrupalasarja,Jarrupala, Levyjarru<\/p>\n","protected":false},"excerpt":{"rendered":"<p>RIDEX Jarrupalat 402B0454 Jarrupalasarja,Jarrupala, Levyjarru OPEL,VAUXHALL,ISUZU,FRONTERA B 6B_,MONTEREY B,FRONTERA Mk II B,TROOPER,TROOPER Soft Top<\/p>\n","protected":false},"featured_media":0,"template":"","meta":{"site-sidebar-layout":"default","site-content-layout":"default","ast-global-header-display":"","ast-main-header-display":"","ast-hfb-above-header-display":"","ast-hfb-below-header-display":"","ast-hfb-mobile-header-display":"","site-post-title":"","ast-breadcrumbs-content":"","ast-featured-img":"","footer-sml-layout":"","theme-transparent-header-meta":"","adv-header-id-meta":"","stick-header-meta":"","header-above-stick-meta":"","header-main-stick-meta":"","header-below-stick-meta":""},"pwb-brand":[157],"product_cat":[100],"product_tag":[],"class_list":{"0":"post-47017","1":"product","2":"type-product","3":"status-publish","5":"pwb-brand-ridex","6":"product_cat-jarrupalat","7":"desktop-align-left","8":"tablet-align-left","9":"mobile-align-left","11":"first","12":"instock","13":"product-type-external"},"brands":[{"id":157,"name":"RIDEX","slug":"ridex"}],"_links":{"self":[{"href":"https:\/\/www.autonvaraosahaku.fi\/index.php?rest_route=\/wp\/v2\/product\/47017","targetHints":{"allow":["GET"]}}],"collection":[{"href":"https:\/\/www.autonvaraosahaku.fi\/index.php?rest_route=\/wp\/v2\/product"}],"about":[{"href":"https:\/\/www.autonvaraosahaku.fi\/index.php?rest_route=\/wp\/v2\/types\/product"}],"wp:attachment":[{"href":"https:\/\/www.autonvaraosahaku.fi\/index.php?rest_route=%2Fwp%2Fv2%2Fmedia&parent=47017"}],"wp:term":[{"taxonomy":"pwb-brand","embeddable":true,"href":"https:\/\/www.autonvaraosahaku.fi\/index.php?rest_route=%2Fwp%2Fv2%2Fpwb-brand&post=47017"},{"taxonomy":"product_cat","embeddable":true,"href":"https:\/\/www.autonvaraosahaku.fi\/index.php?rest_route=%2Fwp%2Fv2%2Fproduct_cat&post=47017"},{"taxonomy":"product_tag","embeddable":true,"href":"https:\/\/www.autonvaraosahaku.fi\/index.php?rest_route=%2Fwp%2Fv2%2Fproduct_tag&post=47017"}],"curies":[{"name":"wp","href":"https:\/\/api.w.org\/{rel}","templated":true}]}}