{"id":47065,"date":"2021-02-21T17:15:13","date_gmt":"2021-02-21T17:15:13","guid":{"rendered":"https:\/\/www.autonvaraosahaku.fi\/?product=elring-007-030-venttiilinvarren-kumit"},"modified":"2021-02-21T17:15:15","modified_gmt":"2021-02-21T17:15:15","slug":"elring-007-030-venttiilinvarren-kumit","status":"publish","type":"product","link":"https:\/\/www.autonvaraosahaku.fi\/?product=elring-007-030-venttiilinvarren-kumit","title":{"rendered":"ELRING 007.030 Venttiilinvarren kumit"},"content":{"rendered":"<p>Venttiilinvarren l\u00e4pimitta [mm]: 6, 6; Sis\u00e4l\u00e4pimitta [mm]: 10; Ulkol\u00e4pimitta [mm]: 25; Korkeus (mm): 16; Materiaali: FPM (fluori-kumi); Asennuspuoli: Einlassseite; OPEL: ZAFIRA B A05,ZAFIRA A F75_,ASTRA G CC F48_, F08_,ASTRA G Caravan F35_,INSIGNIA Caravan,VECTRA C Caravan,SIGNUM,VECTRA C,VECTRA B 36_,VECTRA C GTS,ANTARA,VECTRA B Caravan 31_,INSIGNIA,ASTRA G Cabriolet F67,INSIGNIA Stufenheck,ASTRA G Coupe F07_,ASTRA G Stufenheck F69_,ZAFIRA B Van,ASTRA GTC J,VECTRA B CC 38_,GT Cabriolet,SPEEDSTER,INSIGNIA A Country Tourer G09; FIAT: CROMA 194; CHEVROLET: CAPTIVA C100, C140,ORLANDO J309,MALIBU V300,HHR,CAPTIVA SPORT; ALFA ROMEO: 159 Sportwagon 939,159 939,BRERA,SPIDER 939; SAAB: 9-3 YS3F,9-3 Kombi YS3F,9-3 Cabriolet YS3F,9-5 YS3G,9-3X; BUICK (SGM): REGAL II; CADILLAC: BLS,BLS Wagon; BUICK: REGAL Stufenheck; PONTIAC: SOLSTICE Cabriolet; VAUXHALL: INSIGNIA Mk I A,ZAFIRA Mk II B M75,VECTRA Mk II C CC,ZAFIRA Mk I A F75,INSIGNIA Mk I A Estate,VECTRA Mk II C Estate,ASTRA Mk IV G CC,ASTRA Mk VI J CC,VECTRA Mk II C,ANTARA J26, H26,INSIGNIA Mk I A Sedan,SIGNUM,VECTRA B CC,VECTRA B Estate,VECTRA B,VX220,ASTRA Mk IV G Coupe F67,INSIGNIA Mk I A Country Tourer G09,ASTRA Mk IV G Convertible,ASTRA Mk IV G Estate; 71739347, 71739347, 90537241, 642501, 90537241, 90537241<\/p>\n","protected":false},"excerpt":{"rendered":"<p>ELRING Tiiviste, Venttiilivarsi 007.030  OPEL,FIAT,CHEVROLET,ZAFIRA B A05,ZAFIRA A F75_,ASTRA G CC F48_, F08_,ASTRA G Caravan F35_,INSIGNIA Caravan<\/p>\n","protected":false},"featured_media":0,"template":"","meta":{"site-sidebar-layout":"default","site-content-layout":"default","ast-global-header-display":"","ast-main-header-display":"","ast-hfb-above-header-display":"","ast-hfb-below-header-display":"","ast-hfb-mobile-header-display":"","site-post-title":"","ast-breadcrumbs-content":"","ast-featured-img":"","footer-sml-layout":"","theme-transparent-header-meta":"","adv-header-id-meta":"","stick-header-meta":"","header-above-stick-meta":"","header-main-stick-meta":"","header-below-stick-meta":""},"pwb-brand":[26],"product_cat":[170],"product_tag":[],"class_list":{"0":"post-47065","1":"product","2":"type-product","3":"status-publish","5":"pwb-brand-elring","6":"product_cat-venttiilinvarren-kumit","7":"desktop-align-left","8":"tablet-align-left","9":"mobile-align-left","11":"first","12":"instock","13":"product-type-external"},"brands":[{"id":26,"name":"ELRING","slug":"elring"}],"_links":{"self":[{"href":"https:\/\/www.autonvaraosahaku.fi\/index.php?rest_route=\/wp\/v2\/product\/47065","targetHints":{"allow":["GET"]}}],"collection":[{"href":"https:\/\/www.autonvaraosahaku.fi\/index.php?rest_route=\/wp\/v2\/product"}],"about":[{"href":"https:\/\/www.autonvaraosahaku.fi\/index.php?rest_route=\/wp\/v2\/types\/product"}],"wp:attachment":[{"href":"https:\/\/www.autonvaraosahaku.fi\/index.php?rest_route=%2Fwp%2Fv2%2Fmedia&parent=47065"}],"wp:term":[{"taxonomy":"pwb-brand","embeddable":true,"href":"https:\/\/www.autonvaraosahaku.fi\/index.php?rest_route=%2Fwp%2Fv2%2Fpwb-brand&post=47065"},{"taxonomy":"product_cat","embeddable":true,"href":"https:\/\/www.autonvaraosahaku.fi\/index.php?rest_route=%2Fwp%2Fv2%2Fproduct_cat&post=47065"},{"taxonomy":"product_tag","embeddable":true,"href":"https:\/\/www.autonvaraosahaku.fi\/index.php?rest_route=%2Fwp%2Fv2%2Fproduct_tag&post=47065"}],"curies":[{"name":"wp","href":"https:\/\/api.w.org\/{rel}","templated":true}]}}