{"id":47077,"date":"2021-02-21T17:15:13","date_gmt":"2021-02-21T17:15:13","guid":{"rendered":"https:\/\/www.autonvaraosahaku.fi\/?product=facet-3-7573-47rs-virranjakajan-pyorija"},"modified":"2021-02-21T17:15:17","modified_gmt":"2021-02-21T17:15:17","slug":"facet-3-7573-47rs-virranjakajan-pyorija","status":"publish","type":"product","link":"https:\/\/www.autonvaraosahaku.fi\/?product=facet-3-7573-47rs-virranjakajan-pyorija","title":{"rendered":"FACET 3.7573\/47RS Virranjakajan py\u00f6rij\u00e4"},"content":{"rendered":"<p>Versio: Bosch; lis\u00e4tieto: Made in Italy &#8211; OE Equivalent; Moottorinumero: B 5252; VOLVO: V70 I LV,850 Kombi LW,C70 I Cabriolet,C70 I Coupe,850 LS,S70 LS; RENAULT: SAFRANE II B54_; 7431367783, 1367783, 13677836<\/p>\n","protected":false},"excerpt":{"rendered":"<p>FACET Virranjakajan Py\u00f6rij\u00e4 3.7573\/47RS  VOLVO,RENAULT,V70 I LV,850 Kombi LW,C70 I Cabriolet,C70 I Coupe,850 LS,S70 LS,SAFRANE II B54_<\/p>\n","protected":false},"featured_media":0,"template":"","meta":{"site-sidebar-layout":"default","site-content-layout":"default","ast-global-header-display":"","ast-main-header-display":"","ast-hfb-above-header-display":"","ast-hfb-below-header-display":"","ast-hfb-mobile-header-display":"","site-post-title":"","ast-breadcrumbs-content":"","ast-featured-img":"","footer-sml-layout":"","theme-transparent-header-meta":"","adv-header-id-meta":"","stick-header-meta":"","header-above-stick-meta":"","header-main-stick-meta":"","header-below-stick-meta":""},"pwb-brand":[263],"product_cat":[94],"product_tag":[],"class_list":{"0":"post-47077","1":"product","2":"type-product","3":"status-publish","5":"pwb-brand-facet","6":"product_cat-virranjakajan-pyorija","7":"desktop-align-left","8":"tablet-align-left","9":"mobile-align-left","11":"first","12":"instock","13":"product-type-external"},"brands":[{"id":263,"name":"FACET","slug":"facet"}],"_links":{"self":[{"href":"https:\/\/www.autonvaraosahaku.fi\/index.php?rest_route=\/wp\/v2\/product\/47077","targetHints":{"allow":["GET"]}}],"collection":[{"href":"https:\/\/www.autonvaraosahaku.fi\/index.php?rest_route=\/wp\/v2\/product"}],"about":[{"href":"https:\/\/www.autonvaraosahaku.fi\/index.php?rest_route=\/wp\/v2\/types\/product"}],"wp:attachment":[{"href":"https:\/\/www.autonvaraosahaku.fi\/index.php?rest_route=%2Fwp%2Fv2%2Fmedia&parent=47077"}],"wp:term":[{"taxonomy":"pwb-brand","embeddable":true,"href":"https:\/\/www.autonvaraosahaku.fi\/index.php?rest_route=%2Fwp%2Fv2%2Fpwb-brand&post=47077"},{"taxonomy":"product_cat","embeddable":true,"href":"https:\/\/www.autonvaraosahaku.fi\/index.php?rest_route=%2Fwp%2Fv2%2Fproduct_cat&post=47077"},{"taxonomy":"product_tag","embeddable":true,"href":"https:\/\/www.autonvaraosahaku.fi\/index.php?rest_route=%2Fwp%2Fv2%2Fproduct_tag&post=47077"}],"curies":[{"name":"wp","href":"https:\/\/api.w.org\/{rel}","templated":true}]}}