{"id":47090,"date":"2021-02-21T17:15:19","date_gmt":"2021-02-21T17:15:19","guid":{"rendered":"https:\/\/www.autonvaraosahaku.fi\/?product=japanparts-ru-109-muut-luokat"},"modified":"2021-02-21T17:15:21","modified_gmt":"2021-02-21T17:15:21","slug":"japanparts-ru-109-muut-luokat","status":"publish","type":"product","link":"https:\/\/www.autonvaraosahaku.fi\/?product=japanparts-ru-109-muut-luokat","title":{"rendered":"JAPANPARTS RU-109 Muut luokat"},"content":{"rendered":"<p>Pituus (mm): 37; Sis\u00e4l\u00e4pimitta [mm]: 20; Ulkol\u00e4pimitta [mm]: 32,5; Asennuspuoli: Jousensilm\u00e4ss\u00e4, Takana; NISSAN: TERRANO II R20,PICK UP D22,PICK UP D21,TERRANO I WD21,PICK UP 720; 5504601G00<\/p>\n","protected":false},"excerpt":{"rendered":"<p>JAPANPARTS Laakerin Holkki, Lehtijousi RU-109  NISSAN,TERRANO II R20,PICK UP D22,PICK UP D21,TERRANO I WD21,PICK UP 720<\/p>\n","protected":false},"featured_media":0,"template":"","meta":{"site-sidebar-layout":"default","site-content-layout":"default","ast-global-header-display":"","ast-main-header-display":"","ast-hfb-above-header-display":"","ast-hfb-below-header-display":"","ast-hfb-mobile-header-display":"","site-post-title":"","ast-breadcrumbs-content":"","ast-featured-img":"","footer-sml-layout":"","theme-transparent-header-meta":"","adv-header-id-meta":"","stick-header-meta":"","header-above-stick-meta":"","header-main-stick-meta":"","header-below-stick-meta":""},"pwb-brand":[334],"product_cat":[37],"product_tag":[],"class_list":{"0":"post-47090","1":"product","2":"type-product","3":"status-publish","5":"pwb-brand-japanparts","6":"product_cat-muut-luokat","7":"desktop-align-left","8":"tablet-align-left","9":"mobile-align-left","11":"first","12":"instock","13":"product-type-external"},"brands":[{"id":334,"name":"JAPANPARTS","slug":"japanparts"}],"_links":{"self":[{"href":"https:\/\/www.autonvaraosahaku.fi\/index.php?rest_route=\/wp\/v2\/product\/47090","targetHints":{"allow":["GET"]}}],"collection":[{"href":"https:\/\/www.autonvaraosahaku.fi\/index.php?rest_route=\/wp\/v2\/product"}],"about":[{"href":"https:\/\/www.autonvaraosahaku.fi\/index.php?rest_route=\/wp\/v2\/types\/product"}],"wp:attachment":[{"href":"https:\/\/www.autonvaraosahaku.fi\/index.php?rest_route=%2Fwp%2Fv2%2Fmedia&parent=47090"}],"wp:term":[{"taxonomy":"pwb-brand","embeddable":true,"href":"https:\/\/www.autonvaraosahaku.fi\/index.php?rest_route=%2Fwp%2Fv2%2Fpwb-brand&post=47090"},{"taxonomy":"product_cat","embeddable":true,"href":"https:\/\/www.autonvaraosahaku.fi\/index.php?rest_route=%2Fwp%2Fv2%2Fproduct_cat&post=47090"},{"taxonomy":"product_tag","embeddable":true,"href":"https:\/\/www.autonvaraosahaku.fi\/index.php?rest_route=%2Fwp%2Fv2%2Fproduct_tag&post=47090"}],"curies":[{"name":"wp","href":"https:\/\/api.w.org\/{rel}","templated":true}]}}