{"id":47112,"date":"2021-02-21T17:15:24","date_gmt":"2021-02-21T17:15:24","guid":{"rendered":"https:\/\/www.autonvaraosahaku.fi\/?product=japanparts-fa-259s-ilmansuodatin"},"modified":"2021-02-21T17:15:27","modified_gmt":"2021-02-21T17:15:27","slug":"japanparts-fa-259s-ilmansuodatin","status":"publish","type":"product","link":"https:\/\/www.autonvaraosahaku.fi\/?product=japanparts-fa-259s-ilmansuodatin","title":{"rendered":"JAPANPARTS FA-259S Ilmansuodatin"},"content":{"rendered":"<p>Korkeus (mm): 172; Ulkol\u00e4pimitta [mm]: 220; Sis\u00e4l\u00e4pimitta [mm]: 120; Valmistusvuosi alkaen: 07\/2005; MAZDA: BT-50 CD, UN; TOYOTA: HILUX III Pick-up TGN1_, GGN2_, GGN1_, KUN2_, KUN1_,HILUX VI Pick-up _N1_,FORTUNER Gel\u00e4ndewagen geschlossen TGN6_, KUN6_, GGN6_, TGN5; FORD: RANGER ES, ET; VAUXHALL: INSIGNIA Mk I A Estate; 1449296, 5149318, 178010C010, 178010C020, WE0113Z40, WE0113Z409A, 178010C010, 178010C020, 178010C030<\/p>\n","protected":false},"excerpt":{"rendered":"<p>JAPANPARTS Ilmansuodatin FA-259S  MAZDA,TOYOTA,FORD,BT-50 CD, UN,HILUX III Pick-up TGN1_, GGN2_, GGN1_, KUN2_, KUN1_,HILUX VI Pick-up _N1_<\/p>\n","protected":false},"featured_media":0,"template":"","meta":{"site-sidebar-layout":"default","site-content-layout":"default","ast-global-header-display":"","ast-main-header-display":"","ast-hfb-above-header-display":"","ast-hfb-below-header-display":"","ast-hfb-mobile-header-display":"","site-post-title":"","ast-breadcrumbs-content":"","ast-featured-img":"","footer-sml-layout":"","theme-transparent-header-meta":"","adv-header-id-meta":"","stick-header-meta":"","header-above-stick-meta":"","header-main-stick-meta":"","header-below-stick-meta":""},"pwb-brand":[334],"product_cat":[31],"product_tag":[],"class_list":{"0":"post-47112","1":"product","2":"type-product","3":"status-publish","5":"pwb-brand-japanparts","6":"product_cat-ilmansuodatin","7":"desktop-align-left","8":"tablet-align-left","9":"mobile-align-left","11":"first","12":"instock","13":"product-type-external"},"brands":[{"id":334,"name":"JAPANPARTS","slug":"japanparts"}],"_links":{"self":[{"href":"https:\/\/www.autonvaraosahaku.fi\/index.php?rest_route=\/wp\/v2\/product\/47112","targetHints":{"allow":["GET"]}}],"collection":[{"href":"https:\/\/www.autonvaraosahaku.fi\/index.php?rest_route=\/wp\/v2\/product"}],"about":[{"href":"https:\/\/www.autonvaraosahaku.fi\/index.php?rest_route=\/wp\/v2\/types\/product"}],"wp:attachment":[{"href":"https:\/\/www.autonvaraosahaku.fi\/index.php?rest_route=%2Fwp%2Fv2%2Fmedia&parent=47112"}],"wp:term":[{"taxonomy":"pwb-brand","embeddable":true,"href":"https:\/\/www.autonvaraosahaku.fi\/index.php?rest_route=%2Fwp%2Fv2%2Fpwb-brand&post=47112"},{"taxonomy":"product_cat","embeddable":true,"href":"https:\/\/www.autonvaraosahaku.fi\/index.php?rest_route=%2Fwp%2Fv2%2Fproduct_cat&post=47112"},{"taxonomy":"product_tag","embeddable":true,"href":"https:\/\/www.autonvaraosahaku.fi\/index.php?rest_route=%2Fwp%2Fv2%2Fproduct_tag&post=47112"}],"curies":[{"name":"wp","href":"https:\/\/api.w.org\/{rel}","templated":true}]}}