{"id":47138,"date":"2021-02-21T17:15:29","date_gmt":"2021-02-21T17:15:29","guid":{"rendered":"https:\/\/www.autonvaraosahaku.fi\/?product=febi-bilstein-06879-moottorin-kumityyny"},"modified":"2021-02-21T17:15:34","modified_gmt":"2021-02-21T17:15:34","slug":"febi-bilstein-06879-moottorin-kumityyny","status":"publish","type":"product","link":"https:\/\/www.autonvaraosahaku.fi\/?product=febi-bilstein-06879-moottorin-kumityyny","title":{"rendered":"FEBI BILSTEIN 06879 Moottorin kumityyny"},"content":{"rendered":"<p>Leveys (mm): 60,0; Sis\u00e4l\u00e4pimitta [mm]: 11,0; Ulkol\u00e4pimitta [mm]: 64,92; Materiaali: Kumi-metalli; Kiinnitysmalli: Kumimetallilaakeri; Paino [kg]: 0,29, 0,29; Vuosimalli: 01\/1979; VW: GOLF I Cabriolet 155,SCIROCCO 53B,GOLF I 17,CADDY I 14,JETTA II 19E, 1G2, 165,SCIROCCO 53,JETTA I 16; AUDI: 80 81, 85, B2,COUPE 81, 85,QUATTRO 85,80 80, 82, B1,90 81, 85, B2,100 C1,100 Coupe C1; 171199214D, 171399113D, 171199214D, 171399113D; Moottorin Tukikumit,Moottorin Tuki<\/p>\n","protected":false},"excerpt":{"rendered":"<p>FEBI BILSTEIN Moottorin Kumityyny 06879 Moottorin Tukikumit,Moottorin Tuki VW,AUDI,GOLF I Cabriolet 155,SCIROCCO 53B,GOLF I 17,CADDY I 14<\/p>\n","protected":false},"featured_media":0,"template":"","meta":{"site-sidebar-layout":"default","site-content-layout":"default","ast-global-header-display":"","ast-main-header-display":"","ast-hfb-above-header-display":"","ast-hfb-below-header-display":"","ast-hfb-mobile-header-display":"","site-post-title":"","ast-breadcrumbs-content":"","ast-featured-img":"","footer-sml-layout":"","theme-transparent-header-meta":"","adv-header-id-meta":"","stick-header-meta":"","header-above-stick-meta":"","header-main-stick-meta":"","header-below-stick-meta":""},"pwb-brand":[50],"product_cat":[74],"product_tag":[],"class_list":{"0":"post-47138","1":"product","2":"type-product","3":"status-publish","5":"pwb-brand-febi-bilstein","6":"product_cat-moottorin-kumityyny","7":"desktop-align-left","8":"tablet-align-left","9":"mobile-align-left","11":"first","12":"instock","13":"product-type-external"},"brands":[{"id":50,"name":"FEBI BILSTEIN","slug":"febi-bilstein"}],"_links":{"self":[{"href":"https:\/\/www.autonvaraosahaku.fi\/index.php?rest_route=\/wp\/v2\/product\/47138","targetHints":{"allow":["GET"]}}],"collection":[{"href":"https:\/\/www.autonvaraosahaku.fi\/index.php?rest_route=\/wp\/v2\/product"}],"about":[{"href":"https:\/\/www.autonvaraosahaku.fi\/index.php?rest_route=\/wp\/v2\/types\/product"}],"wp:attachment":[{"href":"https:\/\/www.autonvaraosahaku.fi\/index.php?rest_route=%2Fwp%2Fv2%2Fmedia&parent=47138"}],"wp:term":[{"taxonomy":"pwb-brand","embeddable":true,"href":"https:\/\/www.autonvaraosahaku.fi\/index.php?rest_route=%2Fwp%2Fv2%2Fpwb-brand&post=47138"},{"taxonomy":"product_cat","embeddable":true,"href":"https:\/\/www.autonvaraosahaku.fi\/index.php?rest_route=%2Fwp%2Fv2%2Fproduct_cat&post=47138"},{"taxonomy":"product_tag","embeddable":true,"href":"https:\/\/www.autonvaraosahaku.fi\/index.php?rest_route=%2Fwp%2Fv2%2Fproduct_tag&post=47138"}],"curies":[{"name":"wp","href":"https:\/\/api.w.org\/{rel}","templated":true}]}}