{"id":47148,"date":"2021-02-21T17:15:35","date_gmt":"2021-02-21T17:15:35","guid":{"rendered":"https:\/\/www.autonvaraosahaku.fi\/?product=febi-bilstein-27699-jarrulevyt"},"modified":"2021-02-21T17:15:37","modified_gmt":"2021-02-21T17:15:37","slug":"febi-bilstein-27699-jarrulevyt","status":"publish","type":"product","link":"https:\/\/www.autonvaraosahaku.fi\/?product=febi-bilstein-27699-jarrulevyt","title":{"rendered":"FEBI BILSTEIN 27699 Jarrulevyt"},"content":{"rendered":"<p>Jarrulevyn paksuus (mm): 16,3; Kiinnitysreikien lukum\u00e4\u00e4r\u00e4: 6, 1; Paksuus [mm]: 71,4; Ulkol\u00e4pimitta [mm]: 298,0; Reik\u00e4ympyr\u00e4-\u00d8 [mm]: 130; Pinta: pinnoitettu; Jarrulevytyyppi: Vakiomalli; Asennuspuoli: Taka-akseli; V\u00e4himm\u00e4ispaksuus (mm): 14; Paino [kg]: 7,235; keskitt\u00e4misl\u00e4pimitta [mm]: 85; Huomioi huolto-ohjeet: , ; Kokonaispaino enint\u00e4\u00e4n [t]: 5,0; VW: CRAFTER 30-50 Kasten 2E_,CRAFTER 30-35 Bus 2E_,CRAFTER 30-50 Pritsche\/Fahrgestell 2F_; MERCEDES-BENZ: SPRINTER 3,5-t Kasten 906,SPRINTER 3,5-t Bus 906,SPRINTER 3-t Kasten 906,SPRINTER 3,5-t Pritsche\/Fahrgestell 906,SPRINTER 3-t Bus 906,SPRINTER 5-t Kasten 906,SPRINTER 5-t Pritsche\/Fahrgestell 906,SPRINTER 3-t Pritsche\/Fahrgestell 906,SPRINTER 4,6-t Pritsche\/Fahrgestell 906,SPRINTER 4,6-t Kasten 906; 68013764AA, 68013764AA, 9064230012, 9104230000, 910423000007, 9104230100, A9064230012, A9104230000, A910423000007, A9104230100, 2E0615601A; Jarrulevy<\/p>\n","protected":false},"excerpt":{"rendered":"<p>FEBI BILSTEIN Jarrulevyt 27699 Jarrulevy VW,MERCEDES-BENZ,CRAFTER 30-50 Kasten 2E_,CRAFTER 30-35 Bus 2E_,CRAFTER 30-50 Pritsche\/Fahrgestell 2F_<\/p>\n","protected":false},"featured_media":0,"template":"","meta":{"site-sidebar-layout":"default","site-content-layout":"default","ast-global-header-display":"","ast-main-header-display":"","ast-hfb-above-header-display":"","ast-hfb-below-header-display":"","ast-hfb-mobile-header-display":"","site-post-title":"","ast-breadcrumbs-content":"","ast-featured-img":"","footer-sml-layout":"","theme-transparent-header-meta":"","adv-header-id-meta":"","stick-header-meta":"","header-above-stick-meta":"","header-main-stick-meta":"","header-below-stick-meta":""},"pwb-brand":[50],"product_cat":[66],"product_tag":[],"class_list":{"0":"post-47148","1":"product","2":"type-product","3":"status-publish","5":"pwb-brand-febi-bilstein","6":"product_cat-jarrulevyt","7":"desktop-align-left","8":"tablet-align-left","9":"mobile-align-left","11":"first","12":"instock","13":"product-type-external"},"brands":[{"id":50,"name":"FEBI BILSTEIN","slug":"febi-bilstein"}],"_links":{"self":[{"href":"https:\/\/www.autonvaraosahaku.fi\/index.php?rest_route=\/wp\/v2\/product\/47148","targetHints":{"allow":["GET"]}}],"collection":[{"href":"https:\/\/www.autonvaraosahaku.fi\/index.php?rest_route=\/wp\/v2\/product"}],"about":[{"href":"https:\/\/www.autonvaraosahaku.fi\/index.php?rest_route=\/wp\/v2\/types\/product"}],"wp:attachment":[{"href":"https:\/\/www.autonvaraosahaku.fi\/index.php?rest_route=%2Fwp%2Fv2%2Fmedia&parent=47148"}],"wp:term":[{"taxonomy":"pwb-brand","embeddable":true,"href":"https:\/\/www.autonvaraosahaku.fi\/index.php?rest_route=%2Fwp%2Fv2%2Fpwb-brand&post=47148"},{"taxonomy":"product_cat","embeddable":true,"href":"https:\/\/www.autonvaraosahaku.fi\/index.php?rest_route=%2Fwp%2Fv2%2Fproduct_cat&post=47148"},{"taxonomy":"product_tag","embeddable":true,"href":"https:\/\/www.autonvaraosahaku.fi\/index.php?rest_route=%2Fwp%2Fv2%2Fproduct_tag&post=47148"}],"curies":[{"name":"wp","href":"https:\/\/api.w.org\/{rel}","templated":true}]}}