{"id":47156,"date":"2021-02-21T17:15:35","date_gmt":"2021-02-21T17:15:35","guid":{"rendered":"https:\/\/www.autonvaraosahaku.fi\/?product=febi-bilstein-26658-muut-luokat"},"modified":"2021-02-21T17:15:39","modified_gmt":"2021-02-21T17:15:39","slug":"febi-bilstein-26658-muut-luokat","status":"publish","type":"product","link":"https:\/\/www.autonvaraosahaku.fi\/?product=febi-bilstein-26658-muut-luokat","title":{"rendered":"FEBI BILSTEIN 26658 Muut luokat"},"content":{"rendered":"<p>Paino [kg]: 0,145, 0,145; Vasen \/ oikea liikenne: f\u00fcr Linkslenker; VW: PASSAT Variant 3B5,PASSAT 3B2; AUDI: A4 8D2, B5,A4 Avant 8D5, B5,80 8C, B4,80 89, 89Q, 8A, B3,CABRIOLET 8G7, B4,100 4A, C4,80 Avant 8C, B4,A6 Avant 4A, C4,A6 4A, C4,COUPE 89, 8B,100 Avant 4A, C4,COUPE 81, 85; 4A0611301K, 893611301, 893611301A, 8A0611301A, 8D0611301, 8E0611301, 4A0611301K, 893611301, 893611301A, 8A0611301A, 8D0611301, 8E0611301; Nestes\u00e4ili\u00f6 Jarruneste<\/p>\n","protected":false},"excerpt":{"rendered":"<p>FEBI BILSTEIN Jarrunestes\u00e4ili\u00f6 febi Plus 26658 Nestes\u00e4ili\u00f6 Jarruneste VW,AUDI,PASSAT Variant 3B5,PASSAT 3B2,A4 8D2, B5,A4 Avant 8D5, B5,80 8C, B4<\/p>\n","protected":false},"featured_media":0,"template":"","meta":{"site-sidebar-layout":"default","site-content-layout":"default","ast-global-header-display":"","ast-main-header-display":"","ast-hfb-above-header-display":"","ast-hfb-below-header-display":"","ast-hfb-mobile-header-display":"","site-post-title":"","ast-breadcrumbs-content":"","ast-featured-img":"","footer-sml-layout":"","theme-transparent-header-meta":"","adv-header-id-meta":"","stick-header-meta":"","header-above-stick-meta":"","header-main-stick-meta":"","header-below-stick-meta":""},"pwb-brand":[50],"product_cat":[37],"product_tag":[],"class_list":{"0":"post-47156","1":"product","2":"type-product","3":"status-publish","5":"pwb-brand-febi-bilstein","6":"product_cat-muut-luokat","7":"desktop-align-left","8":"tablet-align-left","9":"mobile-align-left","11":"first","12":"instock","13":"product-type-external"},"brands":[{"id":50,"name":"FEBI BILSTEIN","slug":"febi-bilstein"}],"_links":{"self":[{"href":"https:\/\/www.autonvaraosahaku.fi\/index.php?rest_route=\/wp\/v2\/product\/47156","targetHints":{"allow":["GET"]}}],"collection":[{"href":"https:\/\/www.autonvaraosahaku.fi\/index.php?rest_route=\/wp\/v2\/product"}],"about":[{"href":"https:\/\/www.autonvaraosahaku.fi\/index.php?rest_route=\/wp\/v2\/types\/product"}],"wp:attachment":[{"href":"https:\/\/www.autonvaraosahaku.fi\/index.php?rest_route=%2Fwp%2Fv2%2Fmedia&parent=47156"}],"wp:term":[{"taxonomy":"pwb-brand","embeddable":true,"href":"https:\/\/www.autonvaraosahaku.fi\/index.php?rest_route=%2Fwp%2Fv2%2Fpwb-brand&post=47156"},{"taxonomy":"product_cat","embeddable":true,"href":"https:\/\/www.autonvaraosahaku.fi\/index.php?rest_route=%2Fwp%2Fv2%2Fproduct_cat&post=47156"},{"taxonomy":"product_tag","embeddable":true,"href":"https:\/\/www.autonvaraosahaku.fi\/index.php?rest_route=%2Fwp%2Fv2%2Fproduct_tag&post=47156"}],"curies":[{"name":"wp","href":"https:\/\/api.w.org\/{rel}","templated":true}]}}