{"id":47171,"date":"2021-02-21T17:15:40","date_gmt":"2021-02-21T17:15:40","guid":{"rendered":"https:\/\/www.autonvaraosahaku.fi\/?product=trw-gdb1115-jarrupalat"},"modified":"2021-02-21T17:15:43","modified_gmt":"2021-02-21T17:15:43","slug":"trw-gdb1115-jarrupalat","status":"publish","type":"product","link":"https:\/\/www.autonvaraosahaku.fi\/?product=trw-gdb1115-jarrupalat","title":{"rendered":"TRW GDB1115 Jarrupalat"},"content":{"rendered":"<p>Valmistaja rajaus: BENDIX; Kulumisenilmaisimen liitos: Sis. kulumisenilmaisimen; Tarkistuskilpi: E1 90R 01024\/069; Korkeus (mm): 55,4; Pituus (mm): 114,9; Paksuus [mm]: 17; Kulumisvaroittimia [pro Achse]: 1; Varoittimen pituus [mm]: 475; M\u00e4\u00e4r\u00e4yksikk\u00f6: Akselisarja; Tuotelinja: COTEC; Asennuspuoli: Vorderachse; LANCIA: Y 840A,Y10 156; FIAT: PUNTO 188,PANDA 169,SEICENTO 187,PUNTO 176,PANDA Van 169,CINQUECENTO 170,PUNTO Van 188AX,PUNTO Cabriolet 176C,SEICENTO Van 187,PUNTO Van 176L; 0000009947976, 0000009949183, 0000071754214, 5892736, 5892737, 71737178, 71737179, 71769056, 77362185, 77362245, 77362267, 77362479, 9948031, 9948045, 9948054, 09948031, 5892736, 5892737, 71737179, 77362185, 9947468, 9948045, 9948054; Jarrupalasarja,Jarrupala, Levyjarru<\/p>\n","protected":false},"excerpt":{"rendered":"<p>TRW Jarrupalat GDB1115 Jarrupalasarja,Jarrupala, Levyjarru LANCIA,FIAT,Y 840A,Y10 156,PUNTO 188,PANDA 169,SEICENTO 187,PUNTO 176,PANDA Van 169<\/p>\n","protected":false},"featured_media":0,"template":"","meta":{"site-sidebar-layout":"default","site-content-layout":"default","ast-global-header-display":"","ast-main-header-display":"","ast-hfb-above-header-display":"","ast-hfb-below-header-display":"","ast-hfb-mobile-header-display":"","site-post-title":"","ast-breadcrumbs-content":"","ast-featured-img":"","footer-sml-layout":"","theme-transparent-header-meta":"","adv-header-id-meta":"","stick-header-meta":"","header-above-stick-meta":"","header-main-stick-meta":"","header-below-stick-meta":""},"pwb-brand":[332],"product_cat":[100],"product_tag":[],"class_list":{"0":"post-47171","1":"product","2":"type-product","3":"status-publish","5":"pwb-brand-trw","6":"product_cat-jarrupalat","7":"desktop-align-left","8":"tablet-align-left","9":"mobile-align-left","11":"first","12":"instock","13":"product-type-external"},"brands":[{"id":332,"name":"TRW","slug":"trw"}],"_links":{"self":[{"href":"https:\/\/www.autonvaraosahaku.fi\/index.php?rest_route=\/wp\/v2\/product\/47171","targetHints":{"allow":["GET"]}}],"collection":[{"href":"https:\/\/www.autonvaraosahaku.fi\/index.php?rest_route=\/wp\/v2\/product"}],"about":[{"href":"https:\/\/www.autonvaraosahaku.fi\/index.php?rest_route=\/wp\/v2\/types\/product"}],"wp:attachment":[{"href":"https:\/\/www.autonvaraosahaku.fi\/index.php?rest_route=%2Fwp%2Fv2%2Fmedia&parent=47171"}],"wp:term":[{"taxonomy":"pwb-brand","embeddable":true,"href":"https:\/\/www.autonvaraosahaku.fi\/index.php?rest_route=%2Fwp%2Fv2%2Fpwb-brand&post=47171"},{"taxonomy":"product_cat","embeddable":true,"href":"https:\/\/www.autonvaraosahaku.fi\/index.php?rest_route=%2Fwp%2Fv2%2Fproduct_cat&post=47171"},{"taxonomy":"product_tag","embeddable":true,"href":"https:\/\/www.autonvaraosahaku.fi\/index.php?rest_route=%2Fwp%2Fv2%2Fproduct_tag&post=47171"}],"curies":[{"name":"wp","href":"https:\/\/api.w.org\/{rel}","templated":true}]}}