{"id":47172,"date":"2021-02-21T17:15:40","date_gmt":"2021-02-21T17:15:40","guid":{"rendered":"https:\/\/www.autonvaraosahaku.fi\/?product=trw-df4487s-jarrulevyt"},"modified":"2021-02-21T17:15:43","modified_gmt":"2021-02-21T17:15:43","slug":"trw-df4487s-jarrulevyt","status":"publish","type":"product","link":"https:\/\/www.autonvaraosahaku.fi\/?product=trw-df4487s-jarrulevyt","title":{"rendered":"TRW DF4487S Jarrulevyt"},"content":{"rendered":"<p>Jarrulevytyyppi: Tuuletettu; Ulkol\u00e4pimitta [mm]: 330; Jarrulevyn paksuus (mm): 28; V\u00e4himm\u00e4ispaksuus (mm): 26; Reikien m\u00e4\u00e4r\u00e4: 5; Korkeus (mm): 73,5; keskitt\u00e4misl\u00e4pimitta [mm]: 85; Reik\u00e4ympyr\u00e4-\u00d8 [mm]: 130; Kierremitta: 15,4; Rumpul\u00e4pimitta: 210; K\u00e4sittely: hiiliter\u00e4s; V\u00e4ri: Musta; Pinta: Lakattu; Asennuspuoli: Hinterachse; VW: TOUAREG 7LA, 7L6, 7L7,TOUAREG 7P5; AUDI: Q7 4L; PORSCHE: CAYENNE 955,CAYENNE; 7L6615601D, 7L6615601J, 7L8615601C, 95535240100, 95535240130, 95535240131, 7L6615601D, 7L6615601J, 7L8615601C; Jarrulevy<\/p>\n","protected":false},"excerpt":{"rendered":"<p>TRW Jarrulevyt DF4487S Jarrulevy VW,AUDI,PORSCHE,TOUAREG 7LA, 7L6, 7L7,TOUAREG 7P5,Q7 4L,CAYENNE 955,CAYENNE<\/p>\n","protected":false},"featured_media":0,"template":"","meta":{"site-sidebar-layout":"default","site-content-layout":"default","ast-global-header-display":"","ast-main-header-display":"","ast-hfb-above-header-display":"","ast-hfb-below-header-display":"","ast-hfb-mobile-header-display":"","site-post-title":"","ast-breadcrumbs-content":"","ast-featured-img":"","footer-sml-layout":"","theme-transparent-header-meta":"","adv-header-id-meta":"","stick-header-meta":"","header-above-stick-meta":"","header-main-stick-meta":"","header-below-stick-meta":""},"pwb-brand":[332],"product_cat":[66],"product_tag":[],"class_list":{"0":"post-47172","1":"product","2":"type-product","3":"status-publish","5":"pwb-brand-trw","6":"product_cat-jarrulevyt","7":"desktop-align-left","8":"tablet-align-left","9":"mobile-align-left","11":"first","12":"instock","13":"product-type-external"},"brands":[{"id":332,"name":"TRW","slug":"trw"}],"_links":{"self":[{"href":"https:\/\/www.autonvaraosahaku.fi\/index.php?rest_route=\/wp\/v2\/product\/47172","targetHints":{"allow":["GET"]}}],"collection":[{"href":"https:\/\/www.autonvaraosahaku.fi\/index.php?rest_route=\/wp\/v2\/product"}],"about":[{"href":"https:\/\/www.autonvaraosahaku.fi\/index.php?rest_route=\/wp\/v2\/types\/product"}],"wp:attachment":[{"href":"https:\/\/www.autonvaraosahaku.fi\/index.php?rest_route=%2Fwp%2Fv2%2Fmedia&parent=47172"}],"wp:term":[{"taxonomy":"pwb-brand","embeddable":true,"href":"https:\/\/www.autonvaraosahaku.fi\/index.php?rest_route=%2Fwp%2Fv2%2Fpwb-brand&post=47172"},{"taxonomy":"product_cat","embeddable":true,"href":"https:\/\/www.autonvaraosahaku.fi\/index.php?rest_route=%2Fwp%2Fv2%2Fproduct_cat&post=47172"},{"taxonomy":"product_tag","embeddable":true,"href":"https:\/\/www.autonvaraosahaku.fi\/index.php?rest_route=%2Fwp%2Fv2%2Fproduct_tag&post=47172"}],"curies":[{"name":"wp","href":"https:\/\/api.w.org\/{rel}","templated":true}]}}