{"id":47289,"date":"2021-02-21T17:16:13","date_gmt":"2021-02-21T17:16:13","guid":{"rendered":"https:\/\/www.autonvaraosahaku.fi\/?product=ae-v94403-pakoventtiili"},"modified":"2021-02-21T17:16:15","modified_gmt":"2021-02-21T17:16:15","slug":"ae-v94403-pakoventtiili","status":"publish","type":"product","link":"https:\/\/www.autonvaraosahaku.fi\/?product=ae-v94403-pakoventtiili","title":{"rendered":"AE V94403 Pakoventtiili"},"content":{"rendered":"<p>Pituus (mm): 100,100; Materiaali: Bimetalli, Kromi-mangani-nikkeliter\u00e4s; Korvaava tuote\/korvaava tiedote 2: venttiilinvarsi kromattu, Stelliittik\u00e4sitelty venttiilinistukka, Venttilivarren p\u00e4\u00e4 karkaistu; Venttiililautasen l\u00e4pimitta [mm]: 29,000; Venttiilinvarren l\u00e4pimitta [mm]: 6,000; venttiiliistukan kulma [astetta]: 45; Venttiilivarsimateriaali: Kromi-siliciumter\u00e4s; TECDOC-moottorinumero: 18945; BMW: 3 E46,3 Touring E91,3 E90,5 E60,1 E87,5 Touring E61,3 Touring E46,X3 E83,3 Compact E46,3 Coupe E46,X1 E84,1 E81,X5 E70,X5 E53,3 Coupe E92,3 Cabriolet E46,Z4 E85,3 Cabriolet E93,7 E65, E66, E67,1 Cabriolet E88,1 Coupe E82,X6 E71, E72,6 E63,6 Cabriolet E64; 11341707519, 11344457287, 11347503738, 11347503839<\/p>\n","protected":false},"excerpt":{"rendered":"<p>AE Pakoventtiili V94403  BMW,3 E46,3 Touring E91,3 E90,5 E60,1 E87,5 Touring E61,3 Touring E46,X3 E83,3 Compact E46,3 Coupe E46,X1 E84,1 E81,X5 E70<\/p>\n","protected":false},"featured_media":0,"template":"","meta":{"site-sidebar-layout":"default","site-content-layout":"default","ast-global-header-display":"","ast-main-header-display":"","ast-hfb-above-header-display":"","ast-hfb-below-header-display":"","ast-hfb-mobile-header-display":"","site-post-title":"","ast-breadcrumbs-content":"","ast-featured-img":"","footer-sml-layout":"","theme-transparent-header-meta":"","adv-header-id-meta":"","stick-header-meta":"","header-above-stick-meta":"","header-main-stick-meta":"","header-below-stick-meta":""},"pwb-brand":[190],"product_cat":[209],"product_tag":[],"class_list":{"0":"post-47289","1":"product","2":"type-product","3":"status-publish","5":"pwb-brand-ae","6":"product_cat-pakoventtiili","7":"desktop-align-left","8":"tablet-align-left","9":"mobile-align-left","11":"first","12":"instock","13":"product-type-external"},"brands":[{"id":190,"name":"AE","slug":"ae"}],"_links":{"self":[{"href":"https:\/\/www.autonvaraosahaku.fi\/index.php?rest_route=\/wp\/v2\/product\/47289","targetHints":{"allow":["GET"]}}],"collection":[{"href":"https:\/\/www.autonvaraosahaku.fi\/index.php?rest_route=\/wp\/v2\/product"}],"about":[{"href":"https:\/\/www.autonvaraosahaku.fi\/index.php?rest_route=\/wp\/v2\/types\/product"}],"wp:attachment":[{"href":"https:\/\/www.autonvaraosahaku.fi\/index.php?rest_route=%2Fwp%2Fv2%2Fmedia&parent=47289"}],"wp:term":[{"taxonomy":"pwb-brand","embeddable":true,"href":"https:\/\/www.autonvaraosahaku.fi\/index.php?rest_route=%2Fwp%2Fv2%2Fpwb-brand&post=47289"},{"taxonomy":"product_cat","embeddable":true,"href":"https:\/\/www.autonvaraosahaku.fi\/index.php?rest_route=%2Fwp%2Fv2%2Fproduct_cat&post=47289"},{"taxonomy":"product_tag","embeddable":true,"href":"https:\/\/www.autonvaraosahaku.fi\/index.php?rest_route=%2Fwp%2Fv2%2Fproduct_tag&post=47289"}],"curies":[{"name":"wp","href":"https:\/\/api.w.org\/{rel}","templated":true}]}}