{"id":47304,"date":"2021-02-21T17:16:19","date_gmt":"2021-02-21T17:16:19","guid":{"rendered":"https:\/\/www.autonvaraosahaku.fi\/?product=ae-ttp3-muut-luokat"},"modified":"2021-02-21T17:16:20","modified_gmt":"2021-02-21T17:16:20","slug":"ae-ttp3-muut-luokat","status":"publish","type":"product","link":"https:\/\/www.autonvaraosahaku.fi\/?product=ae-ttp3-muut-luokat","title":{"rendered":"AE TTP3 Muut luokat"},"content":{"rendered":"<p>Tarvittava kappalem\u00e4\u00e4r\u00e4: 12; FIAT: ULYSSE 220; PEUGEOT: 406 Break 8E\/F,406 8B,806 221,BOXER Kasten 230L,BOXER Bus 230P,BOXER Pritsche\/Fahrgestell ZCT_,605 6B; CITRO\u00cbN: XM Y4,XANTIA X1,EVASION 22, U6,JUMPER Kasten 230L,XM Y3,XANTIA Break X1,JUMPER Bus 230P,XM Break Y4,JUMPER Pritsche\/Fahrgestell 230,XM Break Y3; LANCIA: ZETA 220; 090724, 090724<\/p>\n","protected":false},"excerpt":{"rendered":"<p>AE Painokappale, Imu-\/Pakoventtiili TTP3  FIAT,PEUGEOT,CITRO\u00cbN,ULYSSE 220,406 Break 8E\/F,406 8B,806 221,BOXER Kasten 230L,BOXER Bus 230P<\/p>\n","protected":false},"featured_media":0,"template":"","meta":{"site-sidebar-layout":"default","site-content-layout":"default","ast-global-header-display":"","ast-main-header-display":"","ast-hfb-above-header-display":"","ast-hfb-below-header-display":"","ast-hfb-mobile-header-display":"","site-post-title":"","ast-breadcrumbs-content":"","ast-featured-img":"","footer-sml-layout":"","theme-transparent-header-meta":"","adv-header-id-meta":"","stick-header-meta":"","header-above-stick-meta":"","header-main-stick-meta":"","header-below-stick-meta":""},"pwb-brand":[190],"product_cat":[37],"product_tag":[],"class_list":{"0":"post-47304","1":"product","2":"type-product","3":"status-publish","5":"pwb-brand-ae","6":"product_cat-muut-luokat","7":"desktop-align-left","8":"tablet-align-left","9":"mobile-align-left","11":"first","12":"instock","13":"product-type-external"},"brands":[{"id":190,"name":"AE","slug":"ae"}],"_links":{"self":[{"href":"https:\/\/www.autonvaraosahaku.fi\/index.php?rest_route=\/wp\/v2\/product\/47304","targetHints":{"allow":["GET"]}}],"collection":[{"href":"https:\/\/www.autonvaraosahaku.fi\/index.php?rest_route=\/wp\/v2\/product"}],"about":[{"href":"https:\/\/www.autonvaraosahaku.fi\/index.php?rest_route=\/wp\/v2\/types\/product"}],"wp:attachment":[{"href":"https:\/\/www.autonvaraosahaku.fi\/index.php?rest_route=%2Fwp%2Fv2%2Fmedia&parent=47304"}],"wp:term":[{"taxonomy":"pwb-brand","embeddable":true,"href":"https:\/\/www.autonvaraosahaku.fi\/index.php?rest_route=%2Fwp%2Fv2%2Fpwb-brand&post=47304"},{"taxonomy":"product_cat","embeddable":true,"href":"https:\/\/www.autonvaraosahaku.fi\/index.php?rest_route=%2Fwp%2Fv2%2Fproduct_cat&post=47304"},{"taxonomy":"product_tag","embeddable":true,"href":"https:\/\/www.autonvaraosahaku.fi\/index.php?rest_route=%2Fwp%2Fv2%2Fproduct_tag&post=47304"}],"curies":[{"name":"wp","href":"https:\/\/api.w.org\/{rel}","templated":true}]}}