{"id":47319,"date":"2021-02-21T17:16:24","date_gmt":"2021-02-21T17:16:24","guid":{"rendered":"https:\/\/www.autonvaraosahaku.fi\/?product=mapco-15342-jarrulevyt"},"modified":"2021-02-21T17:16:24","modified_gmt":"2021-02-21T17:16:24","slug":"mapco-15342-jarrulevyt","status":"publish","type":"product","link":"https:\/\/www.autonvaraosahaku.fi\/?product=mapco-15342-jarrulevyt","title":{"rendered":"MAPCO 15342 Jarrulevyt"},"content":{"rendered":"<p>Asennuspuoli: Taka-akseli; Jarrulevytyyppi: Vakiomalli; Jarrulevyn paksuus (mm): 9; Reikien m\u00e4\u00e4r\u00e4: 4; Ulkol\u00e4pimitta [mm]: 249; Korkeus (mm): 67; Reik\u00e4ympyr\u00e4-\u00d8 [mm]: 108; Akselitapin l\u00e4pimitta [mm]: 30; Korvaava tuote\/korvaava tiedote 2: ABS-sensorirenkaalla, Py\u00f6r\u00e4nlaakerilla; Valmistusvuosi alkaen: 09\/2006; CITRO\u00cbN: C4 I LC_,DS3,C3 Picasso,C3 II,C4 Coupe LA_,C4 Stufenheck L,DS3 Cabriolet,C4 CACTUS; PEUGEOT: 207 WA_, WC_,307 SW 3H,207 CC WD_,307 CC 3B,307 3A\/C,207 SW WK_,208,307 Break 3E,2008,207 Van; DS: DS 3,DS 3 Cabriolet; 424919, 424932, 424919, 424932; Jarrulevy<\/p>\n","protected":false},"excerpt":{"rendered":"<p>MAPCO Jarrulevyt 15342 Jarrulevy CITRO\u00cbN,PEUGEOT,DS,C4 I LC_,DS3,C3 Picasso,C3 II,C4 Coupe LA_,C4 Stufenheck L,DS3 Cabriolet,C4 CACTUS,207 WA_, WC_<\/p>\n","protected":false},"featured_media":0,"template":"","meta":{"site-sidebar-layout":"default","site-content-layout":"default","ast-global-header-display":"","ast-main-header-display":"","ast-hfb-above-header-display":"","ast-hfb-below-header-display":"","ast-hfb-mobile-header-display":"","site-post-title":"","ast-breadcrumbs-content":"","ast-featured-img":"","footer-sml-layout":"","theme-transparent-header-meta":"","adv-header-id-meta":"","stick-header-meta":"","header-above-stick-meta":"","header-main-stick-meta":"","header-below-stick-meta":""},"pwb-brand":[36],"product_cat":[66],"product_tag":[],"class_list":{"0":"post-47319","1":"product","2":"type-product","3":"status-publish","5":"pwb-brand-mapco","6":"product_cat-jarrulevyt","7":"desktop-align-left","8":"tablet-align-left","9":"mobile-align-left","11":"first","12":"instock","13":"product-type-external"},"brands":[{"id":36,"name":"MAPCO","slug":"mapco"}],"_links":{"self":[{"href":"https:\/\/www.autonvaraosahaku.fi\/index.php?rest_route=\/wp\/v2\/product\/47319","targetHints":{"allow":["GET"]}}],"collection":[{"href":"https:\/\/www.autonvaraosahaku.fi\/index.php?rest_route=\/wp\/v2\/product"}],"about":[{"href":"https:\/\/www.autonvaraosahaku.fi\/index.php?rest_route=\/wp\/v2\/types\/product"}],"wp:attachment":[{"href":"https:\/\/www.autonvaraosahaku.fi\/index.php?rest_route=%2Fwp%2Fv2%2Fmedia&parent=47319"}],"wp:term":[{"taxonomy":"pwb-brand","embeddable":true,"href":"https:\/\/www.autonvaraosahaku.fi\/index.php?rest_route=%2Fwp%2Fv2%2Fpwb-brand&post=47319"},{"taxonomy":"product_cat","embeddable":true,"href":"https:\/\/www.autonvaraosahaku.fi\/index.php?rest_route=%2Fwp%2Fv2%2Fproduct_cat&post=47319"},{"taxonomy":"product_tag","embeddable":true,"href":"https:\/\/www.autonvaraosahaku.fi\/index.php?rest_route=%2Fwp%2Fv2%2Fproduct_tag&post=47319"}],"curies":[{"name":"wp","href":"https:\/\/api.w.org\/{rel}","templated":true}]}}