{"id":47345,"date":"2021-02-21T17:16:29","date_gmt":"2021-02-21T17:16:29","guid":{"rendered":"https:\/\/www.autonvaraosahaku.fi\/?product=ridex-3926a0073-ilmamassamittari"},"modified":"2021-02-21T17:16:31","modified_gmt":"2021-02-21T17:16:31","slug":"ridex-3926a0073-ilmamassamittari","status":"publish","type":"product","link":"https:\/\/www.autonvaraosahaku.fi\/?product=ridex-3926a0073-ilmamassamittari","title":{"rendered":"RIDEX 3926A0073 Ilmamassamittari"},"content":{"rendered":"<p>Napojen m\u00e4\u00e4r\u00e4: 4; V\u00e4ri: Musta; Ulostulon l\u00e4pimitta [mm]: 60; Sis\u00e4\u00e4ntulol\u00e4pimitta [mm]: 60; Nimellisj\u00e4nnite (V): 12; Kotelomalli: Kopalla; Moottorinumero: 8HX (DV4TD); FORD: FIESTA V JH_, JD_,FIESTA VI,FUSION JU_,FIESTA VI Van; CITRO\u00cbN: C1 PM_, PN_,C2 JM_,C3 I FC_,C3 II,C3 Pluriel HB_,NEMO Kasten AA_,NEMO Kombi,C2 ENTERPRISE; PEUGEOT: 206 Schr\u00e4gheck 2A\/C,207 WA_, WC_,107,206+ T3E,1007 KM_,206 Stufenheck,BIPPER AA_,BIPPER Tepee,206 Van,207 Van; 00001920GG, 1920GG, 9647144080, 1333637, 1348615, 2S6Q12B579BA, 2S6Q12B579BB; Ilmam\u00e4\u00e4r\u00e4mittari,MAF Anturi<\/p>\n","protected":false},"excerpt":{"rendered":"<p>RIDEX Ilmamassamittari 3926A0073 Ilmam\u00e4\u00e4r\u00e4mittari,MAF Anturi FORD,CITRO\u00cbN,PEUGEOT,FIESTA V JH_, JD_,FIESTA VI,FUSION JU_,FIESTA VI Van,C1 PM_, PN_<\/p>\n","protected":false},"featured_media":0,"template":"","meta":{"site-sidebar-layout":"default","site-content-layout":"default","ast-global-header-display":"","ast-main-header-display":"","ast-hfb-above-header-display":"","ast-hfb-below-header-display":"","ast-hfb-mobile-header-display":"","site-post-title":"","ast-breadcrumbs-content":"","ast-featured-img":"","footer-sml-layout":"","theme-transparent-header-meta":"","adv-header-id-meta":"","stick-header-meta":"","header-above-stick-meta":"","header-main-stick-meta":"","header-below-stick-meta":""},"pwb-brand":[157],"product_cat":[270],"product_tag":[],"class_list":{"0":"post-47345","1":"product","2":"type-product","3":"status-publish","5":"pwb-brand-ridex","6":"product_cat-ilmamassamittari","7":"desktop-align-left","8":"tablet-align-left","9":"mobile-align-left","11":"first","12":"instock","13":"product-type-external"},"brands":[{"id":157,"name":"RIDEX","slug":"ridex"}],"_links":{"self":[{"href":"https:\/\/www.autonvaraosahaku.fi\/index.php?rest_route=\/wp\/v2\/product\/47345","targetHints":{"allow":["GET"]}}],"collection":[{"href":"https:\/\/www.autonvaraosahaku.fi\/index.php?rest_route=\/wp\/v2\/product"}],"about":[{"href":"https:\/\/www.autonvaraosahaku.fi\/index.php?rest_route=\/wp\/v2\/types\/product"}],"wp:attachment":[{"href":"https:\/\/www.autonvaraosahaku.fi\/index.php?rest_route=%2Fwp%2Fv2%2Fmedia&parent=47345"}],"wp:term":[{"taxonomy":"pwb-brand","embeddable":true,"href":"https:\/\/www.autonvaraosahaku.fi\/index.php?rest_route=%2Fwp%2Fv2%2Fpwb-brand&post=47345"},{"taxonomy":"product_cat","embeddable":true,"href":"https:\/\/www.autonvaraosahaku.fi\/index.php?rest_route=%2Fwp%2Fv2%2Fproduct_cat&post=47345"},{"taxonomy":"product_tag","embeddable":true,"href":"https:\/\/www.autonvaraosahaku.fi\/index.php?rest_route=%2Fwp%2Fv2%2Fproduct_tag&post=47345"}],"curies":[{"name":"wp","href":"https:\/\/api.w.org\/{rel}","templated":true}]}}