{"id":47362,"date":"2021-02-21T17:16:35","date_gmt":"2021-02-21T17:16:35","guid":{"rendered":"https:\/\/www.autonvaraosahaku.fi\/?product=jp-group-1219500500-kampiakselin-tiiviste"},"modified":"2021-02-21T17:16:36","modified_gmt":"2021-02-21T17:16:36","slug":"jp-group-1219500500-kampiakselin-tiiviste","status":"publish","type":"product","link":"https:\/\/www.autonvaraosahaku.fi\/?product=jp-group-1219500500-kampiakselin-tiiviste","title":{"rendered":"JP GROUP 1219500500 Kampiakselin tiiviste"},"content":{"rendered":"<p>Asennuspuoli: Vaihteiston puoli; Ulkol\u00e4pimitta [mm]: 98; Sis\u00e4l\u00e4pimitta [mm]: 80; Leveys (mm): 10; Moottorinumero: C16NZ; OPEL: CORSA D,CORSA C F08, F68,ZAFIRA B A05,ZAFIRA A F75_,ASTRA G CC F48_, F08_,ASTRA G Caravan F35_,CORSA B 73_, 78_, 79_,AGILA A H00,VECTRA B 36_,ASTRA F CC 53_, 54_, 58_, 59_,TIGRA TwinTop,VECTRA B Caravan 31_,ASTRA G Cabriolet F67,ASTRA F Caravan 51_, 52_,ASTRA G Coupe F07_,ASTRA G Stufenheck F69_,VECTRA B CC 38_,COMBO Tour,VECTRA A 86_, 87_,ASTRA F Cabriolet 53_B,ASTRA F 56_, 57_,KADETT E CC 33_, 34_, 43_, 44_,CORSA A CC 93_, 94_, 98_, 99_,CASCADA W13,VECTRA A CC 88_, 89_,COMBO 71_,KADETT E Cabriolet 43B_,CORSA A TR 91_, 92_, 96_, 97_,KADETT D 31_-34_, 41_-44_,KADETT E 39_, 49_,ASTRA G Kasten F70,KADETT E Caravan 35_, 36_, 45_, 46_,KADETT D Caravan 35_, 36_, 45_, 46_,KADETT E Kasten 37_, 47_; SAAB: 9-3 YS3F,9-3 Kombi YS3F; VAUXHALL: CORSA Mk III D L_8,ZAFIRA Mk II B M75,ASTRA Mk V H CC,ZAFIRA Mk I A F75,CORSA Mk II C W5L, F08,ASTRA Mk V H Estate,VECTRA Mk II C Estate,ASTRA Mk V H Convertible,ASTRA Mk IV G CC,VECTRA Mk II C,ASTRA Mk III F CC,CORSA Mk I B,SIGNUM,MERIVA Mk I A,CORSAVAN Mk II C,ASTRA Mk IV G Sedan,ASTRA Mk II CC,TIGRA Convertible,AGILA Mk I A,VECTRA B CC,CAVALIER Mk III 87,VECTRA B Estate,VECTRA B,ASTRA Mk III F Estate,ASTRAVAN Mk V H,ASTRAVAN Mk IV G,ASTRA Mk IV G Coupe F67,CAVALIER Mk III CC,TIGRA Mk I F07,ASTRA Mk IV G Convertible,ASTRAVAN Mk III F,ASTRA Mk IV G Estate,CAVALIER Mk II CC,NOVA,NOVA CC; 96101489, 96376569, 55355235, 91214PWA003, 91214RTA004, 0614821, 0614830, 614203, 614821, 614830, 90180515, 90325571; Akselitiiviste, Kampiakseli<\/p>\n","protected":false},"excerpt":{"rendered":"<p>JP GROUP Kampiakselin Tiiviste JP Group 1219500500 Akselitiiviste, Kampiakseli OPEL,SAAB,VAUXHALL,CORSA D,CORSA C F08, F68,ZAFIRA B A05,ZAFIRA A F75_<\/p>\n","protected":false},"featured_media":0,"template":"","meta":{"site-sidebar-layout":"default","site-content-layout":"default","ast-global-header-display":"","ast-main-header-display":"","ast-hfb-above-header-display":"","ast-hfb-below-header-display":"","ast-hfb-mobile-header-display":"","site-post-title":"","ast-breadcrumbs-content":"","ast-featured-img":"","footer-sml-layout":"","theme-transparent-header-meta":"","adv-header-id-meta":"","stick-header-meta":"","header-above-stick-meta":"","header-main-stick-meta":"","header-below-stick-meta":""},"pwb-brand":[131],"product_cat":[88],"product_tag":[],"class_list":{"0":"post-47362","1":"product","2":"type-product","3":"status-publish","5":"pwb-brand-jp-group","6":"product_cat-kampiakselin-tiiviste","7":"desktop-align-left","8":"tablet-align-left","9":"mobile-align-left","11":"first","12":"instock","13":"product-type-external"},"brands":[{"id":131,"name":"JP GROUP","slug":"jp-group"}],"_links":{"self":[{"href":"https:\/\/www.autonvaraosahaku.fi\/index.php?rest_route=\/wp\/v2\/product\/47362","targetHints":{"allow":["GET"]}}],"collection":[{"href":"https:\/\/www.autonvaraosahaku.fi\/index.php?rest_route=\/wp\/v2\/product"}],"about":[{"href":"https:\/\/www.autonvaraosahaku.fi\/index.php?rest_route=\/wp\/v2\/types\/product"}],"wp:attachment":[{"href":"https:\/\/www.autonvaraosahaku.fi\/index.php?rest_route=%2Fwp%2Fv2%2Fmedia&parent=47362"}],"wp:term":[{"taxonomy":"pwb-brand","embeddable":true,"href":"https:\/\/www.autonvaraosahaku.fi\/index.php?rest_route=%2Fwp%2Fv2%2Fpwb-brand&post=47362"},{"taxonomy":"product_cat","embeddable":true,"href":"https:\/\/www.autonvaraosahaku.fi\/index.php?rest_route=%2Fwp%2Fv2%2Fproduct_cat&post=47362"},{"taxonomy":"product_tag","embeddable":true,"href":"https:\/\/www.autonvaraosahaku.fi\/index.php?rest_route=%2Fwp%2Fv2%2Fproduct_tag&post=47362"}],"curies":[{"name":"wp","href":"https:\/\/api.w.org\/{rel}","templated":true}]}}