{"id":47369,"date":"2021-02-21T17:16:35","date_gmt":"2021-02-21T17:16:35","guid":{"rendered":"https:\/\/www.autonvaraosahaku.fi\/?product=skf-vkm-62027-kiristysrulla"},"modified":"2021-02-21T17:16:37","modified_gmt":"2021-02-21T17:16:37","slug":"skf-vkm-62027-kiristysrulla","status":"publish","type":"product","link":"https:\/\/www.autonvaraosahaku.fi\/?product=skf-vkm-62027-kiristysrulla","title":{"rendered":"SKF VKM 62027 Kiristysrulla"},"content":{"rendered":"<p>L\u00e4pimitta [mm]: 84; Leveys (mm): 29; Kiristysrullan toiminta: K\u00e4sik\u00e4ytt\u00f6inen; Valmistusvuoteen: 01\/2010; NISSAN: NAVARA D40,PATHFINDER R51,NAVARA Pritsche\/Fahrgestell D40,NT400 CABSTAR F24F; 11927EB310, 11927EB32A; Kiristysrulla, Moniurahihna<\/p>\n","protected":false},"excerpt":{"rendered":"<p>SKF Kiristysrulla VKM 62027 Kiristysrulla, Moniurahihna NISSAN,NAVARA D40,PATHFINDER R51,NAVARA Pritsche\/Fahrgestell D40,NT400 CABSTAR F24F<\/p>\n","protected":false},"featured_media":0,"template":"","meta":{"site-sidebar-layout":"default","site-content-layout":"default","ast-global-header-display":"","ast-main-header-display":"","ast-hfb-above-header-display":"","ast-hfb-below-header-display":"","ast-hfb-mobile-header-display":"","site-post-title":"","ast-breadcrumbs-content":"","ast-featured-img":"","footer-sml-layout":"","theme-transparent-header-meta":"","adv-header-id-meta":"","stick-header-meta":"","header-above-stick-meta":"","header-main-stick-meta":"","header-below-stick-meta":""},"pwb-brand":[237],"product_cat":[282],"product_tag":[],"class_list":{"0":"post-47369","1":"product","2":"type-product","3":"status-publish","5":"pwb-brand-skf","6":"product_cat-kiristysrulla","7":"desktop-align-left","8":"tablet-align-left","9":"mobile-align-left","11":"first","12":"instock","13":"product-type-external"},"brands":[{"id":237,"name":"SKF","slug":"skf"}],"_links":{"self":[{"href":"https:\/\/www.autonvaraosahaku.fi\/index.php?rest_route=\/wp\/v2\/product\/47369","targetHints":{"allow":["GET"]}}],"collection":[{"href":"https:\/\/www.autonvaraosahaku.fi\/index.php?rest_route=\/wp\/v2\/product"}],"about":[{"href":"https:\/\/www.autonvaraosahaku.fi\/index.php?rest_route=\/wp\/v2\/types\/product"}],"wp:attachment":[{"href":"https:\/\/www.autonvaraosahaku.fi\/index.php?rest_route=%2Fwp%2Fv2%2Fmedia&parent=47369"}],"wp:term":[{"taxonomy":"pwb-brand","embeddable":true,"href":"https:\/\/www.autonvaraosahaku.fi\/index.php?rest_route=%2Fwp%2Fv2%2Fpwb-brand&post=47369"},{"taxonomy":"product_cat","embeddable":true,"href":"https:\/\/www.autonvaraosahaku.fi\/index.php?rest_route=%2Fwp%2Fv2%2Fproduct_cat&post=47369"},{"taxonomy":"product_tag","embeddable":true,"href":"https:\/\/www.autonvaraosahaku.fi\/index.php?rest_route=%2Fwp%2Fv2%2Fproduct_tag&post=47369"}],"curies":[{"name":"wp","href":"https:\/\/api.w.org\/{rel}","templated":true}]}}