{"id":47390,"date":"2021-02-21T17:16:40","date_gmt":"2021-02-21T17:16:40","guid":{"rendered":"https:\/\/www.autonvaraosahaku.fi\/?product=ridex-561r0010-hydraulinen-venttiilinnostin"},"modified":"2021-02-21T17:16:43","modified_gmt":"2021-02-21T17:16:43","slug":"ridex-561r0010-hydraulinen-venttiilinnostin","status":"publish","type":"product","link":"https:\/\/www.autonvaraosahaku.fi\/?product=ridex-561r0010-hydraulinen-venttiilinnostin","title":{"rendered":"RIDEX 561R0010 Hydraulinen venttiilinnostin"},"content":{"rendered":"<p>M\u00e4\u00e4r\u00e4: 1; Pituus (mm): 51; Paino [kg]: 0,065; TECDOC-moottorinumero: 711; LANCIA: ZETA 220; FIAT: ULYSSE 220; CITRO\u00cbN: XM Y4,XANTIA X1,EVASION 22, U6,JUMPER Kasten 230L,XM Y3,XANTIA Break X1,JUMPER Bus 230P,XM Break Y4,JUMPER Pritsche\/Fahrgestell 230,XM Break Y3; PEUGEOT: 406 Break 8E\/F,406 8B,806 221,BOXER Kasten 230L,BOXER Bus 230P,BOXER Pritsche\/Fahrgestell ZCT_,605 6B; 090346, 9600068080, 090346; Vipupainin, Moottorin S\u00e4\u00e4t\u00f6<\/p>\n","protected":false},"excerpt":{"rendered":"<p>RIDEX Keinuvipu 561R0010 Vipupainin, Moottorin S\u00e4\u00e4t\u00f6 LANCIA,FIAT,CITRO\u00cbN,ZETA 220,ULYSSE 220,XM Y4,XANTIA X1,EVASION 22, U6,JUMPER Kasten 230L,XM Y3<\/p>\n","protected":false},"featured_media":0,"template":"","meta":{"site-sidebar-layout":"default","site-content-layout":"default","ast-global-header-display":"","ast-main-header-display":"","ast-hfb-above-header-display":"","ast-hfb-below-header-display":"","ast-hfb-mobile-header-display":"","site-post-title":"","ast-breadcrumbs-content":"","ast-featured-img":"","footer-sml-layout":"","theme-transparent-header-meta":"","adv-header-id-meta":"","stick-header-meta":"","header-above-stick-meta":"","header-main-stick-meta":"","header-below-stick-meta":""},"pwb-brand":[157],"product_cat":[126],"product_tag":[],"class_list":{"0":"post-47390","1":"product","2":"type-product","3":"status-publish","5":"pwb-brand-ridex","6":"product_cat-hydraulinen-venttiilinnostin","7":"desktop-align-left","8":"tablet-align-left","9":"mobile-align-left","11":"first","12":"instock","13":"product-type-external"},"brands":[{"id":157,"name":"RIDEX","slug":"ridex"}],"_links":{"self":[{"href":"https:\/\/www.autonvaraosahaku.fi\/index.php?rest_route=\/wp\/v2\/product\/47390","targetHints":{"allow":["GET"]}}],"collection":[{"href":"https:\/\/www.autonvaraosahaku.fi\/index.php?rest_route=\/wp\/v2\/product"}],"about":[{"href":"https:\/\/www.autonvaraosahaku.fi\/index.php?rest_route=\/wp\/v2\/types\/product"}],"wp:attachment":[{"href":"https:\/\/www.autonvaraosahaku.fi\/index.php?rest_route=%2Fwp%2Fv2%2Fmedia&parent=47390"}],"wp:term":[{"taxonomy":"pwb-brand","embeddable":true,"href":"https:\/\/www.autonvaraosahaku.fi\/index.php?rest_route=%2Fwp%2Fv2%2Fpwb-brand&post=47390"},{"taxonomy":"product_cat","embeddable":true,"href":"https:\/\/www.autonvaraosahaku.fi\/index.php?rest_route=%2Fwp%2Fv2%2Fproduct_cat&post=47390"},{"taxonomy":"product_tag","embeddable":true,"href":"https:\/\/www.autonvaraosahaku.fi\/index.php?rest_route=%2Fwp%2Fv2%2Fproduct_tag&post=47390"}],"curies":[{"name":"wp","href":"https:\/\/api.w.org\/{rel}","templated":true}]}}