{"id":47392,"date":"2021-02-21T17:16:40","date_gmt":"2021-02-21T17:16:40","guid":{"rendered":"https:\/\/www.autonvaraosahaku.fi\/?product=lobro-190969-vetonivelen-suojakumi"},"modified":"2021-02-21T17:16:43","modified_gmt":"2021-02-21T17:16:43","slug":"lobro-190969-vetonivelen-suojakumi","status":"publish","type":"product","link":"https:\/\/www.autonvaraosahaku.fi\/?product=lobro-190969-vetonivelen-suojakumi","title":{"rendered":"L\u00d6BRO 190969 Vetonivelen suojakumi"},"content":{"rendered":"<p>Sis\u00e4l\u00e4pimitta 1 alkaen [mm]: 21; Sis\u00e4l\u00e4pimitta 1 enint\u00e4\u00e4n [mm]: 23; Sis\u00e4l\u00e4pimitta 2 alkaen [mm]: 57; Sis\u00e4l\u00e4pimitta 2 enint\u00e4\u00e4n [mm]: 60; Korkeus (mm): 90; Paljekumin materiaali: Neopreni; Versio: FlexBoot; Uusi osa: ; Valmistusvuoteen: 08\/2015; VW: GOLF IV 1J1,TRANSPORTER IV Bus 70XB, 70XC, 7DB, 7DW,GOLF IV Variant 1J5,TRANSPORTER V Bus 7HB, 7HJ, 7EB, 7EJ, 7EF,TOUAREG 7LA, 7L6, 7L7,MULTIVAN V 7HM, 7HN, 7HF, 7EF, 7EM, 7EN,BORA 1J2,TRANSPORTER IV Kasten 70XA,TRANSPORTER V Kasten 7HA, 7HH, 7EA, 7EH,NEW BEETLE 9C1, 1C1,PHAETON 3D_,BORA Kombi 1J6,TRANSPORTER III Bus,TRANSPORTER IV Pritsche\/Fahrgestell 70XD,BEETLE 5C1,JETTA IV 162, 163,TRANSPORTER V Pritsche\/Fahrgestell 7JD, 7JE, 7JL, 7JY, 7JZ,,TRANSPORTER III Kasten,BEETLE Cabriolet 5C7,TRANSPORTER III Pritsche\/Fahrgestell,MULTIVAN VI SGF, SGM, SGN,TRANSPORTER VI Bus SGB, SGG, SGJ,TRANSPORTER VI Kasten SGA, SGH,GOLF IV Van 1J1,TRANSPORTER VI Pritsche\/Fahrgestell SFD, SFE, SFL, SFZ; AUDI: A4 Avant 8K5, B8,A3 8L1,A4 8K2, B8,A5 8T3,A5 Sportback 8TA,Q7 4L,TT 8N3,A8 4E_,100 4A, C4,TT Roadster 8N9,100 Avant 4A, C4,A4 Allroad 8KH, B8,A5 Cabriolet 8F7,V8 44_, 4C_,R8 42,100 C1,100 43, C2,R8 Spyder,100 Avant 43, C2; MAZDA: CX-5 KE, GH,6 Kombi GH,3 BM,6 Kombi GJ, GH,6 Schr\u00e4gheck GH,6 GH,6 Stufenheck GJ, GH,323 P V BA,3 Stufenheck BM,BT-50 CD, UN,626 III GD,626 III Hatchback GD,626 III Coupe GD,626 III Station Wagon GV; NISSAN: MICRA III K12,NOTE E11,ALMERA TINO V10,ALMERA II Hatchback N16,NAVARA D40,JUKE F15,PATHFINDER R51,MICRA IV K13,PRIMERA Kombi WP12,PRIMERA P12,MICRA C+C K12,NAVARA Pritsche\/Fahrgestell D40,NOTE E12,PRIMERA Hatchback P12,ALMERA Mk II N16,QASHQAI J11, J11_,X-TRAIL T32; JEEP: GRAND CHEROKEE III WH, WK,COMMANDER XK,RENEGADE Gel\u00e4ndewagen geschlossen BU; DAEWOO: REZZO KLAU,LACETTI Schr\u00e4gheck KLAN,NUBIRA Stufenheck KLAN,NUBIRA Wagon KLAN,NUBIRA Wagon KLAJ,LEGANZA KLAV,NEXIA KLETN,NUBIRA Stufenheck KLAJ,ESPERO KLEJ,NUBIRA KLAJ,NEXIA Stufenheck KLETN,TOSCA,NUBIRA J150,NUBIRA Kombi J150,NUBIRA Stufenheck J150; SKODA: OCTAVIA Combi 1U5,OCTAVIA 1U2; SEAT: LEON 1M1,TOLEDO II 1M2,MARBELLA 28,RONDA 022A; CHEVROLET: CAPTIVA C100, C140,NUBIRA Kombi,EPICA KL1_,LACETTI J200,REZZO,EVANDA,NUBIRA Stufenheck,LACETTI Kombi J200,LACETTI Stufenheck; MERCEDES-BENZ: C-CLASS W203,C-CLASS T-Model S203,C-CLASS W202,190 W201,SLK R170,E-CLASS W210,Stufenheck W124,E-CLASS Kombi S210,CLK C208,SL R129,SL R107,C-CLASS Kombi S202,Stufenheck W123,S-CLASS W220,S-CLASS W126,KOMBI Kombi S124,E-CLASS W124,CLK Cabriolet A208,COUPE C124,S-CLASS W140,E-CLASS Kombi S124,COUPE C123,SPRINTER 3-t Kasten 903,SPRINTER 2-t Bus 901, 902,S-CLASS Coupe C126,SPRINTER 2-t Kasten 901, 902,SPRINTER 3-t Bus 903,KOMBI Kombi S123,SPRINTER 3-t Pritsche\/Fahrgestell 903,E-CLASS Cabriolet A124,SL Coupe C107,E-CLASS Coupe C124,SPRINTER 4-t Pritsche\/Fahrgestell 904,S-CLASS W222, V222, X222,SPRINTER 2-t Pritsche\/Fahrgestell 901, 902,S-CLASS Coupe C140,SPRINTER 4-t Kasten 904,C-CLASS T-Model S205,C-CLASS W205,C-CLASS Coupe C205,C-CLASS Cabriolet A205,S-CLASS Coupe C217,S-CLASS Cabriolet A217; Vetoakselin Suojakumi,Paljekumi, Vetoakseli<\/p>\n","protected":false},"excerpt":{"rendered":"<p>L\u00d6BRO Vetonivelen Suojakumi 190969 Vetoakselin Suojakumi,Paljekumi, Vetoakseli VW,AUDI,MAZDA,GOLF IV 1J1,TRANSPORTER IV Bus 70XB, 70XC, 7DB, 7DW<\/p>\n","protected":false},"featured_media":0,"template":"","meta":{"site-sidebar-layout":"default","site-content-layout":"default","ast-global-header-display":"","ast-main-header-display":"","ast-hfb-above-header-display":"","ast-hfb-below-header-display":"","ast-hfb-mobile-header-display":"","site-post-title":"","ast-breadcrumbs-content":"","ast-featured-img":"","footer-sml-layout":"","theme-transparent-header-meta":"","adv-header-id-meta":"","stick-header-meta":"","header-above-stick-meta":"","header-main-stick-meta":"","header-below-stick-meta":""},"pwb-brand":[272],"product_cat":[42],"product_tag":[],"class_list":{"0":"post-47392","1":"product","2":"type-product","3":"status-publish","5":"pwb-brand-lobro","6":"product_cat-vetonivelen-suojakumi","7":"desktop-align-left","8":"tablet-align-left","9":"mobile-align-left","11":"first","12":"instock","13":"product-type-external"},"brands":[{"id":272,"name":"L\u00d6BRO","slug":"lobro"}],"_links":{"self":[{"href":"https:\/\/www.autonvaraosahaku.fi\/index.php?rest_route=\/wp\/v2\/product\/47392","targetHints":{"allow":["GET"]}}],"collection":[{"href":"https:\/\/www.autonvaraosahaku.fi\/index.php?rest_route=\/wp\/v2\/product"}],"about":[{"href":"https:\/\/www.autonvaraosahaku.fi\/index.php?rest_route=\/wp\/v2\/types\/product"}],"wp:attachment":[{"href":"https:\/\/www.autonvaraosahaku.fi\/index.php?rest_route=%2Fwp%2Fv2%2Fmedia&parent=47392"}],"wp:term":[{"taxonomy":"pwb-brand","embeddable":true,"href":"https:\/\/www.autonvaraosahaku.fi\/index.php?rest_route=%2Fwp%2Fv2%2Fpwb-brand&post=47392"},{"taxonomy":"product_cat","embeddable":true,"href":"https:\/\/www.autonvaraosahaku.fi\/index.php?rest_route=%2Fwp%2Fv2%2Fproduct_cat&post=47392"},{"taxonomy":"product_tag","embeddable":true,"href":"https:\/\/www.autonvaraosahaku.fi\/index.php?rest_route=%2Fwp%2Fv2%2Fproduct_tag&post=47392"}],"curies":[{"name":"wp","href":"https:\/\/api.w.org\/{rel}","templated":true}]}}