{"id":47421,"date":"2021-02-21T17:16:51","date_gmt":"2021-02-21T17:16:51","guid":{"rendered":"https:\/\/www.autonvaraosahaku.fi\/?product=trw-jgm1009t-iskunvaimennin"},"modified":"2021-02-21T17:16:52","modified_gmt":"2021-02-21T17:16:52","slug":"trw-jgm1009t-iskunvaimennin","status":"publish","type":"product","link":"https:\/\/www.autonvaraosahaku.fi\/?product=trw-jgm1009t-iskunvaimennin","title":{"rendered":"TRW JGM1009T Iskunvaimennin"},"content":{"rendered":"<p>Lukum\u00e4\u00e4r\u00e4 akselille: 1; Asennuspuoli: Etuakseli; Iskunvaimennin tyyppi: Kaasupaine; Iskunvaimennin malli: Joustintuki; Iskunvaimennusj\u00e4rjestelm\u00e4: Kaksiputki; Iskunvaimennin asennustapa: Tappi ylh\u00e4\u00e4ll\u00e4, Silta alhaalla; Pituus 1 (mm): 517; Pituus 2 (mm): 391; L\u00e4pimitta [mm]: 54; Jousijalan l\u00e4pimitta [mm]: 25; Kierremitta: M14x1.5; Huomioi tekniset tiedot: ; Tuotelinja: TWIN; Alustarakenne: f\u00fcr Fahrzeuge mit Standard Fahrwerk; BMW: X5 E53; 1096271, 1096272, 31306754341, 31306754342, 31306754343, 31306754344, 31311096271, 31311096272, 31316764599, 31316764600, 31316764601, 31316764602, 31316764603, 31316764604, 31316764605, 31316764606, 31336750359, 31336750360, 6750359, 6750360, 6754341, 6754342, 6754343, 6754344, 6764599, 6764600, 6764601, 6764602, 6764603, 6764604, 6764605, 6764606; Iskarit,Iskunvaimennin<\/p>\n","protected":false},"excerpt":{"rendered":"<p>TRW Iskunvaimentimet JGM1009T Iskarit,Iskunvaimennin BMW,X5 E53<\/p>\n","protected":false},"featured_media":0,"template":"","meta":{"site-sidebar-layout":"default","site-content-layout":"default","ast-global-header-display":"","ast-main-header-display":"","ast-hfb-above-header-display":"","ast-hfb-below-header-display":"","ast-hfb-mobile-header-display":"","site-post-title":"","ast-breadcrumbs-content":"","ast-featured-img":"","footer-sml-layout":"","theme-transparent-header-meta":"","adv-header-id-meta":"","stick-header-meta":"","header-above-stick-meta":"","header-main-stick-meta":"","header-below-stick-meta":""},"pwb-brand":[332],"product_cat":[80],"product_tag":[],"class_list":{"0":"post-47421","1":"product","2":"type-product","3":"status-publish","5":"pwb-brand-trw","6":"product_cat-iskunvaimennin","7":"desktop-align-left","8":"tablet-align-left","9":"mobile-align-left","11":"first","12":"instock","13":"product-type-external"},"brands":[{"id":332,"name":"TRW","slug":"trw"}],"_links":{"self":[{"href":"https:\/\/www.autonvaraosahaku.fi\/index.php?rest_route=\/wp\/v2\/product\/47421","targetHints":{"allow":["GET"]}}],"collection":[{"href":"https:\/\/www.autonvaraosahaku.fi\/index.php?rest_route=\/wp\/v2\/product"}],"about":[{"href":"https:\/\/www.autonvaraosahaku.fi\/index.php?rest_route=\/wp\/v2\/types\/product"}],"wp:attachment":[{"href":"https:\/\/www.autonvaraosahaku.fi\/index.php?rest_route=%2Fwp%2Fv2%2Fmedia&parent=47421"}],"wp:term":[{"taxonomy":"pwb-brand","embeddable":true,"href":"https:\/\/www.autonvaraosahaku.fi\/index.php?rest_route=%2Fwp%2Fv2%2Fpwb-brand&post=47421"},{"taxonomy":"product_cat","embeddable":true,"href":"https:\/\/www.autonvaraosahaku.fi\/index.php?rest_route=%2Fwp%2Fv2%2Fproduct_cat&post=47421"},{"taxonomy":"product_tag","embeddable":true,"href":"https:\/\/www.autonvaraosahaku.fi\/index.php?rest_route=%2Fwp%2Fv2%2Fproduct_tag&post=47421"}],"curies":[{"name":"wp","href":"https:\/\/api.w.org\/{rel}","templated":true}]}}