{"id":47459,"date":"2021-02-21T17:17:03","date_gmt":"2021-02-21T17:17:03","guid":{"rendered":"https:\/\/www.autonvaraosahaku.fi\/?product=corteco-01034063b-tiivisteet"},"modified":"2021-02-21T17:17:03","modified_gmt":"2021-02-21T17:17:03","slug":"corteco-01034063b-tiivisteet","status":"publish","type":"product","link":"https:\/\/www.autonvaraosahaku.fi\/?product=corteco-01034063b-tiivisteet","title":{"rendered":"CORTECO 01034063B Tiivisteet"},"content":{"rendered":"<p>Sis\u00e4l\u00e4pimitta 1 [mm]: 35; Ulkol\u00e4pimitta 1 [mm]: 55; Korkeus 1 (mm): 10; Korkeus 2 (mm): 14; Materiaali: ACM (polyakryyli-kautsu); Suojavaippa: Suojakumilla; Rihlamalli: Vaihdettava kierre; Moottorinumero: B23A (08.84-12.84); VOLVO: V50 MW,XC60,XC90 I,V70 I LV,S60 I,850 Kombi LW,S80 I TS, XY,V60,S80 II AS,S60 II,940 Kombi 945,740 Kombi 745,960 II Kombi 965,740 744,S70 LS,960 II 964,940 944,V90 Kombi,760 704, 764,960 Kombi 965,760 Kombi 704, 765,960 964,S90,780; LAND ROVER: FREELANDER 2 FA_,RANGE ROVER EVOQUE LV,RANGE ROVER EVOQUE Cabriolet LV_; LR003144, LR023440, 1377058, 8653928<\/p>\n","protected":false},"excerpt":{"rendered":"<p>CORTECO Akselitiiviste, Tasauspy\u00f6r\u00e4st\u00f6 01034063B  VOLVO,LAND ROVER,V50 MW,XC60,XC90 I,V70 I LV,S60 I,850 Kombi LW,S80 I TS, XY,V60,S80 II AS,S60 II<\/p>\n","protected":false},"featured_media":0,"template":"","meta":{"site-sidebar-layout":"default","site-content-layout":"default","ast-global-header-display":"","ast-main-header-display":"","ast-hfb-above-header-display":"","ast-hfb-below-header-display":"","ast-hfb-mobile-header-display":"","site-post-title":"","ast-breadcrumbs-content":"","ast-featured-img":"","footer-sml-layout":"","theme-transparent-header-meta":"","adv-header-id-meta":"","stick-header-meta":"","header-above-stick-meta":"","header-main-stick-meta":"","header-below-stick-meta":""},"pwb-brand":[53],"product_cat":[27],"product_tag":[],"class_list":{"0":"post-47459","1":"product","2":"type-product","3":"status-publish","5":"pwb-brand-corteco","6":"product_cat-tiivisteet","7":"desktop-align-left","8":"tablet-align-left","9":"mobile-align-left","11":"first","12":"instock","13":"product-type-external"},"brands":[{"id":53,"name":"CORTECO","slug":"corteco"}],"_links":{"self":[{"href":"https:\/\/www.autonvaraosahaku.fi\/index.php?rest_route=\/wp\/v2\/product\/47459","targetHints":{"allow":["GET"]}}],"collection":[{"href":"https:\/\/www.autonvaraosahaku.fi\/index.php?rest_route=\/wp\/v2\/product"}],"about":[{"href":"https:\/\/www.autonvaraosahaku.fi\/index.php?rest_route=\/wp\/v2\/types\/product"}],"wp:attachment":[{"href":"https:\/\/www.autonvaraosahaku.fi\/index.php?rest_route=%2Fwp%2Fv2%2Fmedia&parent=47459"}],"wp:term":[{"taxonomy":"pwb-brand","embeddable":true,"href":"https:\/\/www.autonvaraosahaku.fi\/index.php?rest_route=%2Fwp%2Fv2%2Fpwb-brand&post=47459"},{"taxonomy":"product_cat","embeddable":true,"href":"https:\/\/www.autonvaraosahaku.fi\/index.php?rest_route=%2Fwp%2Fv2%2Fproduct_cat&post=47459"},{"taxonomy":"product_tag","embeddable":true,"href":"https:\/\/www.autonvaraosahaku.fi\/index.php?rest_route=%2Fwp%2Fv2%2Fproduct_tag&post=47459"}],"curies":[{"name":"wp","href":"https:\/\/api.w.org\/{rel}","templated":true}]}}