{"id":47460,"date":"2021-02-21T17:17:03","date_gmt":"2021-02-21T17:17:03","guid":{"rendered":"https:\/\/www.autonvaraosahaku.fi\/?product=vemo-v40-73-0003-peruutusvalon-kytkin"},"modified":"2021-02-21T17:17:03","modified_gmt":"2021-02-21T17:17:03","slug":"vemo-v40-73-0003-peruutusvalon-kytkin","status":"publish","type":"product","link":"https:\/\/www.autonvaraosahaku.fi\/?product=vemo-v40-73-0003-peruutusvalon-kytkin","title":{"rendered":"VEMO V40-73-0003 Peruutusvalon kytkin"},"content":{"rendered":"<p>Pistokemallin tunnus: 2-polig; Tarvittava kappalem\u00e4\u00e4r\u00e4: 1; Kierremitta: M12x1,5; V\u00e4ri: Musta; K\u00e4ytt\u00f6: S\u00e4hk\u00f6inen, Mekaaninen; Napojen m\u00e4\u00e4r\u00e4: 2; K\u00e4ytt\u00f6tapa: Painekytkin; Yhdistelm\u00e4kytkintoiminto: Sulkija; Nimellisj\u00e4nnite (V): 12; Korvaava tuote\/korvaava tiedote 2: ilman kaapelia; Kopan v\u00e4ri: Valkoinen; Pistokkeen kotelon muoto: Soikea; Paino [kg]: 0,03619; Pakkausleveys [cm]: 5,8; Pakkauskorkeus [mm]: 3,3; Pakkaussyvyys [cm]: 3; Tuotelinja: Original Quality; Alustanumerosta: K4000001; CHEVROLET: KALOS,AVEO Schr\u00e4gheck T250, T255,EPICA KL1_,LACETTI J200,REZZO; DAEWOO: KALOS KLAS,REZZO KLAU,LANOS KLAT,LACETTI Schr\u00e4gheck KLAN,NUBIRA Stufenheck KLAN,NUBIRA Wagon KLAN,NUBIRA Wagon KLAJ,LANOS Stufenheck KLAT,LEGANZA KLAV,NEXIA KLETN,NUBIRA Stufenheck KLAJ,ESPERO KLEJ,NUBIRA KLAJ,NEXIA Stufenheck KLETN,NEXIA Stufenheck; SAAB: 9-3 YS3F,9-5 Kombi YS3E,9-3 Kombi YS3F,9-3 YS3D,9-5 YS3E,9-3 Cabriolet YS3F,9-3 Cabriolet YS3D,9000 Schr\u00e4gheck,900 II Cabriolet,900 II,9000,900 II Coupe; ROVER: 75 RJ,75 Tourer RJ; SUZUKI: SWIFT III MZ, EZ; OPEL: CORSA C F08, F68,ZAFIRA B A05,ASTRA H Caravan L35,MERIVA,ZAFIRA A F75_,ASTRA G CC F48_, F08_,ASTRA H L48,ASTRA J Sports Tourer,ASTRA G Caravan F35_,CORSA B 73_, 78_, 79_,INSIGNIA Caravan,VECTRA C Caravan,ASTRA J,ASTRA H GTC L08,SIGNUM,VECTRA C,VECTRA B 36_,ASTRA F CC 53_, 54_, 58_, 59_,VECTRA C GTS,TIGRA TwinTop,VECTRA B Caravan 31_,ASTRA H TwinTop L67,INSIGNIA,ASTRA G Cabriolet F67,ASTRA F Caravan 51_, 52_,INSIGNIA Stufenheck,ASTRA G Coupe F07_,ASTRA G Stufenheck F69_,ZAFIRA B Van,CALIBRA A 85_,ASTRA GTC J,VECTRA B CC 38_,VECTRA A 86_, 87_,ASTRA F Cabriolet 53_B,ASTRA J Stufenheck,ASTRA F 56_, 57_,KADETT E CC 33_, 34_, 43_, 44_,SINTRA,FRONTERA A Sport 5_SUD2,TIGRA 95_,CORSA A CC 93_, 94_, 98_, 99_,CORSA C Kasten F08, W5L,ASTRA H Stufenheck L69,VECTRA A CC 88_, 89_,COMBO 71_,KADETT E Cabriolet 43B_,ASTRA H Kasten L70,ASTRA F CLASSIC CC,CORSA A TR 91_, 92_, 96_, 97_,ASTRA F CLASSIC Stufenheck,ASTRA F CLASSIC Caravan,KADETT E 39_, 49_,CORSA B Kasten 73_,ASTRA; MINI: MINI R50, R53,MINI Cabriolet R52; LANCIA: DELTA III 844,THESIS 841AX; FIAT: GRANDE PUNTO 199,PUNTO 188,DUCATO Kasten 250,STILO 192,BRAVO II 198,DUCATO Pritsche\/Fahrgestell 250,PUNTO EVO 199,DUCATO Bus 250,STILO Multi Wagon 192,CROMA 194,LINEA 323,PUNTO Van 199; CITRO\u00cbN: JUMPER Kasten,JUMPER Bus,JUMPER Pritsche\/Fahrgestell; 71719525, 71739582, 71745445, 23117518648, 7518648, 7527716, 21019137, 30560707, 88893293, 96192077, 96192077, 0000071719525, 71719525, 71739582, 71745445, 71719525, 71739582, 71745445, 1482377, 23117518648, 23117527716, 23141482377, 7518648, 7527716, 01239266, 01239271, 1239266, 1239271, 4236666, 4617668, 90245033, 90482454, 99660610300, 99660610301, 4236666, UMB100090, 4236666, 3761084E00000; Peruutusvalokytkin,Kytkin, Peruutusvalo<\/p>\n","protected":false},"excerpt":{"rendered":"<p>VEMO Peruutusvalon Kytkin V40-73-0003 Peruutusvalokytkin,Kytkin, Peruutusvalo CHEVROLET,DAEWOO,SAAB,KALOS,AVEO Schr\u00e4gheck T250, T255,EPICA KL1_<\/p>\n","protected":false},"featured_media":0,"template":"","meta":{"site-sidebar-layout":"default","site-content-layout":"default","ast-global-header-display":"","ast-main-header-display":"","ast-hfb-above-header-display":"","ast-hfb-below-header-display":"","ast-hfb-mobile-header-display":"","site-post-title":"","ast-breadcrumbs-content":"","ast-featured-img":"","footer-sml-layout":"","theme-transparent-header-meta":"","adv-header-id-meta":"","stick-header-meta":"","header-above-stick-meta":"","header-main-stick-meta":"","header-below-stick-meta":""},"pwb-brand":[168],"product_cat":[116],"product_tag":[],"class_list":{"0":"post-47460","1":"product","2":"type-product","3":"status-publish","5":"pwb-brand-vemo","6":"product_cat-peruutusvalon-kytkin","7":"desktop-align-left","8":"tablet-align-left","9":"mobile-align-left","11":"first","12":"instock","13":"product-type-external"},"brands":[{"id":168,"name":"VEMO","slug":"vemo"}],"_links":{"self":[{"href":"https:\/\/www.autonvaraosahaku.fi\/index.php?rest_route=\/wp\/v2\/product\/47460","targetHints":{"allow":["GET"]}}],"collection":[{"href":"https:\/\/www.autonvaraosahaku.fi\/index.php?rest_route=\/wp\/v2\/product"}],"about":[{"href":"https:\/\/www.autonvaraosahaku.fi\/index.php?rest_route=\/wp\/v2\/types\/product"}],"wp:attachment":[{"href":"https:\/\/www.autonvaraosahaku.fi\/index.php?rest_route=%2Fwp%2Fv2%2Fmedia&parent=47460"}],"wp:term":[{"taxonomy":"pwb-brand","embeddable":true,"href":"https:\/\/www.autonvaraosahaku.fi\/index.php?rest_route=%2Fwp%2Fv2%2Fpwb-brand&post=47460"},{"taxonomy":"product_cat","embeddable":true,"href":"https:\/\/www.autonvaraosahaku.fi\/index.php?rest_route=%2Fwp%2Fv2%2Fproduct_cat&post=47460"},{"taxonomy":"product_tag","embeddable":true,"href":"https:\/\/www.autonvaraosahaku.fi\/index.php?rest_route=%2Fwp%2Fv2%2Fproduct_tag&post=47460"}],"curies":[{"name":"wp","href":"https:\/\/api.w.org\/{rel}","templated":true}]}}