{"id":47472,"date":"2021-02-21T17:17:03","date_gmt":"2021-02-21T17:17:03","guid":{"rendered":"https:\/\/www.autonvaraosahaku.fi\/?product=japanparts-fo-406s-oljynsuodatin"},"modified":"2021-02-21T17:17:06","modified_gmt":"2021-02-21T17:17:06","slug":"japanparts-fo-406s-oljynsuodatin","status":"publish","type":"product","link":"https:\/\/www.autonvaraosahaku.fi\/?product=japanparts-fo-406s-oljynsuodatin","title":{"rendered":"JAPANPARTS FO-406S \u00d6ljynsuodatin"},"content":{"rendered":"<p>Suodatintyyppi: Ruuvattava suodatin; Pituus (mm): 102,3; Ulkol\u00e4pimitta [mm]: 78; Asennusl\u00e4pimitta [mm]: 63; Sis\u00e4kierre (mm): M20 x 1,5; MAZDA: RX 7 I SA,626 II GC,626 II Hatchback GC,929 III HC,929 II HB,626 I CB,929 II Kombi HV; HONDA: CIVIC IV Hatchback EC, ED, EE,PRELUDE III BA,CIVIC IV Stufenheck ED,PRELUDE II AB,ACCORD III CA,ACCORD III Aerodeck CA,CIVIC II Shuttle EE,ACCORD II Hatchback AC, AD,INTEGRA DA,ACCORD II AC, AD; SUBARU: OUTBACK BL, BP,XV,OUTBACK BM, BR,OUTBACK BS; OPEL: ASTRA F CC 53_, 54_, 58_, 59_,ASTRA F Caravan 51_, 52_,VECTRA A 86_, 87_,ASTRA F 56_, 57_,VECTRA A CC 88_, 89_; DAIHATSU: FOURTRAK F7, F8,ROCKY Soft Top F7, F8; MITSUBISHI: SPACE WAGON D0_V\/W,GALANT II A16_; ISUZU: GEMINI JT; 15400PH1003, 15400PK1003, 1560187310, 1560187310000, 8944128150, T8204, 022214300, 081323802, 086623802, 15400PC6003, 15400PC6004, 15400PC6405, 15400PFB014, 15400PH1003, 15400PH1004, 15400PH1014, 15400PH1F01, 15400PH1F02, 15400PH1F03, 15400PH3003, 15400PH3004, 15400PH9004, 15400PK1003, 15400PR3003, 15400PR3004, 15400PR3005, 15400PR3305, HE1923802, 8944128150, 817323802, F802238029A, Y70114302, MB162326, MD162327, 8944128150, 06490008, 6490008, 94412815, 15208AA110, 1560187310, 94412815<\/p>\n","protected":false},"excerpt":{"rendered":"<p>JAPANPARTS \u00d6ljynsuodatin FO-406S  MAZDA,HONDA,SUBARU,RX 7 I SA,626 II GC,626 II Hatchback GC,929 III HC,929 II HB,626 I CB,929 II Kombi HV<\/p>\n","protected":false},"featured_media":0,"template":"","meta":{"site-sidebar-layout":"default","site-content-layout":"default","ast-global-header-display":"","ast-main-header-display":"","ast-hfb-above-header-display":"","ast-hfb-below-header-display":"","ast-hfb-mobile-header-display":"","site-post-title":"","ast-breadcrumbs-content":"","ast-featured-img":"","footer-sml-layout":"","theme-transparent-header-meta":"","adv-header-id-meta":"","stick-header-meta":"","header-above-stick-meta":"","header-main-stick-meta":"","header-below-stick-meta":""},"pwb-brand":[334],"product_cat":[30],"product_tag":[],"class_list":{"0":"post-47472","1":"product","2":"type-product","3":"status-publish","5":"pwb-brand-japanparts","6":"product_cat-oljynsuodatin","7":"desktop-align-left","8":"tablet-align-left","9":"mobile-align-left","11":"first","12":"instock","13":"product-type-external"},"brands":[{"id":334,"name":"JAPANPARTS","slug":"japanparts"}],"_links":{"self":[{"href":"https:\/\/www.autonvaraosahaku.fi\/index.php?rest_route=\/wp\/v2\/product\/47472","targetHints":{"allow":["GET"]}}],"collection":[{"href":"https:\/\/www.autonvaraosahaku.fi\/index.php?rest_route=\/wp\/v2\/product"}],"about":[{"href":"https:\/\/www.autonvaraosahaku.fi\/index.php?rest_route=\/wp\/v2\/types\/product"}],"wp:attachment":[{"href":"https:\/\/www.autonvaraosahaku.fi\/index.php?rest_route=%2Fwp%2Fv2%2Fmedia&parent=47472"}],"wp:term":[{"taxonomy":"pwb-brand","embeddable":true,"href":"https:\/\/www.autonvaraosahaku.fi\/index.php?rest_route=%2Fwp%2Fv2%2Fpwb-brand&post=47472"},{"taxonomy":"product_cat","embeddable":true,"href":"https:\/\/www.autonvaraosahaku.fi\/index.php?rest_route=%2Fwp%2Fv2%2Fproduct_cat&post=47472"},{"taxonomy":"product_tag","embeddable":true,"href":"https:\/\/www.autonvaraosahaku.fi\/index.php?rest_route=%2Fwp%2Fv2%2Fproduct_tag&post=47472"}],"curies":[{"name":"wp","href":"https:\/\/api.w.org\/{rel}","templated":true}]}}