{"id":47477,"date":"2021-02-21T17:17:03","date_gmt":"2021-02-21T17:17:03","guid":{"rendered":"https:\/\/www.autonvaraosahaku.fi\/?product=ajusa-13079300-pakosarjan-tiivisteet"},"modified":"2021-02-21T17:17:07","modified_gmt":"2021-02-21T17:17:07","slug":"ajusa-13079300-pakosarjan-tiivisteet","status":"publish","type":"product","link":"https:\/\/www.autonvaraosahaku.fi\/?product=ajusa-13079300-pakosarjan-tiivisteet","title":{"rendered":"AJUSA 13079300 Pakosarjan tiivisteet"},"content":{"rendered":"<p>Asennuspuoli: Pakosarja; Paksuus [mm]: 1,5; Leveys (mm): 58; Pituus (mm): 90; Paino [g]: 9,841; Tarvittava kappalem\u00e4\u00e4r\u00e4: 4; FORD: MAVERICK UDS, UNS,MAVERICK VAN; NISSAN: TERRANO II R20,PICK UP D22,NAVARA D22,PATHFINDER R50,PICK UP D21,TERRANO I WD21,NAVARA Pick-up D21,TERRANO Van R20,TRADE Pritsche\/Fahrgestell,URVAN Bus E24,URVAN Kasten E24,CABSTAR Pick-up,CABSTAR Pritsche\/Fahrgestell F22, H40; 1403643G00; Tiiviste, Pakosarja<\/p>\n","protected":false},"excerpt":{"rendered":"<p>AJUSA Pakosarjan Tiivisteet 13079300 Tiiviste, Pakosarja FORD,NISSAN,MAVERICK UDS, UNS,MAVERICK VAN,TERRANO II R20,PICK UP D22,NAVARA D22<\/p>\n","protected":false},"featured_media":0,"template":"","meta":{"site-sidebar-layout":"default","site-content-layout":"default","ast-global-header-display":"","ast-main-header-display":"","ast-hfb-above-header-display":"","ast-hfb-below-header-display":"","ast-hfb-mobile-header-display":"","site-post-title":"","ast-breadcrumbs-content":"","ast-featured-img":"","footer-sml-layout":"","theme-transparent-header-meta":"","adv-header-id-meta":"","stick-header-meta":"","header-above-stick-meta":"","header-main-stick-meta":"","header-below-stick-meta":""},"pwb-brand":[211],"product_cat":[123],"product_tag":[],"class_list":{"0":"post-47477","1":"product","2":"type-product","3":"status-publish","5":"pwb-brand-ajusa","6":"product_cat-pakosarjan-tiivisteet","7":"desktop-align-left","8":"tablet-align-left","9":"mobile-align-left","11":"first","12":"instock","13":"product-type-external"},"brands":[{"id":211,"name":"AJUSA","slug":"ajusa"}],"_links":{"self":[{"href":"https:\/\/www.autonvaraosahaku.fi\/index.php?rest_route=\/wp\/v2\/product\/47477","targetHints":{"allow":["GET"]}}],"collection":[{"href":"https:\/\/www.autonvaraosahaku.fi\/index.php?rest_route=\/wp\/v2\/product"}],"about":[{"href":"https:\/\/www.autonvaraosahaku.fi\/index.php?rest_route=\/wp\/v2\/types\/product"}],"wp:attachment":[{"href":"https:\/\/www.autonvaraosahaku.fi\/index.php?rest_route=%2Fwp%2Fv2%2Fmedia&parent=47477"}],"wp:term":[{"taxonomy":"pwb-brand","embeddable":true,"href":"https:\/\/www.autonvaraosahaku.fi\/index.php?rest_route=%2Fwp%2Fv2%2Fpwb-brand&post=47477"},{"taxonomy":"product_cat","embeddable":true,"href":"https:\/\/www.autonvaraosahaku.fi\/index.php?rest_route=%2Fwp%2Fv2%2Fproduct_cat&post=47477"},{"taxonomy":"product_tag","embeddable":true,"href":"https:\/\/www.autonvaraosahaku.fi\/index.php?rest_route=%2Fwp%2Fv2%2Fproduct_tag&post=47477"}],"curies":[{"name":"wp","href":"https:\/\/api.w.org\/{rel}","templated":true}]}}