{"id":47480,"date":"2021-02-21T17:17:08","date_gmt":"2021-02-21T17:17:08","guid":{"rendered":"https:\/\/www.autonvaraosahaku.fi\/?product=optimal-922233-pyoranlaakerit"},"modified":"2021-02-21T17:17:09","modified_gmt":"2021-02-21T17:17:09","slug":"optimal-922233-pyoranlaakerit","status":"publish","type":"product","link":"https:\/\/www.autonvaraosahaku.fi\/?product=optimal-922233-pyoranlaakerit","title":{"rendered":"OPTIMAL 922233 Py\u00f6r\u00e4nlaakerit"},"content":{"rendered":"<p>Leveys (mm): 40, 40; Sis\u00e4l\u00e4pimitta [mm]: 42, 42; Ulkol\u00e4pimitta [mm]: 78, 78; Asennuspuoli: Vorderachse; KIA: CEE&#8217;D SW ED,CEE&#8217;D Schr\u00e4gheck ED,VENGA YN,PRO CEE&#8217;D ED,SOUL AM,CERATO II Stufenheck TD,SOUL II PS,CERATO YD Stufenheck,CERATO KOUP TD; HYUNDAI: i30 FD,i30 CW FD,ix20 JC,VELOSTER FS,ELANTRA Stufenheck MD, UD,ELANTRA Stufenheck HD; 517182H000, 517200Q000, 517202H000, 517202K000, 517551H000, 517182H000, 517200Q000, 517202H000, 517202K000, 517551H000; Py\u00f6r\u00e4nlaakerisarja<\/p>\n","protected":false},"excerpt":{"rendered":"<p>OPTIMAL Py\u00f6r\u00e4nlaakerit 922233 Py\u00f6r\u00e4nlaakerisarja KIA,HYUNDAI,CEE&#8217;D SW ED,CEE&#8217;D Schr\u00e4gheck ED,VENGA YN,PRO CEE&#8217;D ED,SOUL AM,CERATO II Stufenheck TD<\/p>\n","protected":false},"featured_media":0,"template":"","meta":{"site-sidebar-layout":"default","site-content-layout":"default","ast-global-header-display":"","ast-main-header-display":"","ast-hfb-above-header-display":"","ast-hfb-below-header-display":"","ast-hfb-mobile-header-display":"","site-post-title":"","ast-breadcrumbs-content":"","ast-featured-img":"","footer-sml-layout":"","theme-transparent-header-meta":"","adv-header-id-meta":"","stick-header-meta":"","header-above-stick-meta":"","header-main-stick-meta":"","header-below-stick-meta":""},"pwb-brand":[307],"product_cat":[83],"product_tag":[],"class_list":{"0":"post-47480","1":"product","2":"type-product","3":"status-publish","5":"pwb-brand-optimal","6":"product_cat-pyoranlaakerit","7":"desktop-align-left","8":"tablet-align-left","9":"mobile-align-left","11":"first","12":"instock","13":"product-type-external"},"brands":[{"id":307,"name":"OPTIMAL","slug":"optimal"}],"_links":{"self":[{"href":"https:\/\/www.autonvaraosahaku.fi\/index.php?rest_route=\/wp\/v2\/product\/47480","targetHints":{"allow":["GET"]}}],"collection":[{"href":"https:\/\/www.autonvaraosahaku.fi\/index.php?rest_route=\/wp\/v2\/product"}],"about":[{"href":"https:\/\/www.autonvaraosahaku.fi\/index.php?rest_route=\/wp\/v2\/types\/product"}],"wp:attachment":[{"href":"https:\/\/www.autonvaraosahaku.fi\/index.php?rest_route=%2Fwp%2Fv2%2Fmedia&parent=47480"}],"wp:term":[{"taxonomy":"pwb-brand","embeddable":true,"href":"https:\/\/www.autonvaraosahaku.fi\/index.php?rest_route=%2Fwp%2Fv2%2Fpwb-brand&post=47480"},{"taxonomy":"product_cat","embeddable":true,"href":"https:\/\/www.autonvaraosahaku.fi\/index.php?rest_route=%2Fwp%2Fv2%2Fproduct_cat&post=47480"},{"taxonomy":"product_tag","embeddable":true,"href":"https:\/\/www.autonvaraosahaku.fi\/index.php?rest_route=%2Fwp%2Fv2%2Fproduct_tag&post=47480"}],"curies":[{"name":"wp","href":"https:\/\/api.w.org\/{rel}","templated":true}]}}