{"id":47481,"date":"2021-02-21T17:17:08","date_gmt":"2021-02-21T17:17:08","guid":{"rendered":"https:\/\/www.autonvaraosahaku.fi\/?product=febi-bilstein-30841-iskunvaimentimen-tukilaakeri"},"modified":"2021-02-21T17:17:09","modified_gmt":"2021-02-21T17:17:09","slug":"febi-bilstein-30841-iskunvaimentimen-tukilaakeri","status":"publish","type":"product","link":"https:\/\/www.autonvaraosahaku.fi\/?product=febi-bilstein-30841-iskunvaimentimen-tukilaakeri","title":{"rendered":"FEBI BILSTEIN 30841 Iskunvaimentimen tukilaakeri"},"content":{"rendered":"<p>Leveys (mm): 44,0; Sis\u00e4l\u00e4pimitta [mm]: 35,0; Ulkol\u00e4pimitta [mm]: 107,0; Materiaali: Muovi; Laakerityyppi: S\u00e4teitt\u00e4iskuulalaakeri; Asennuspuoli: etuakseli molemminpuoleinen; Paino [kg]: 0,190, 0,190; TECDOC-moottorinumero: 25875; FORD: FOCUS II Kombi DA_,FOCUS II DA_,FOCUS III Turnier,FOCUS C-MAX,KUGA I,C-MAX DM2,FOCUS III,C-MAX II,KUGA II DM2,GRAND C-MAX,FOCUS Stufenheck DFW,FOCUS II Stufenheck DA_,FOCUS II Cabriolet,FOCUS III Stufenheck,GRAND C-MAX Van,C-MAX II Van,FOCUS III Kasten\/Schr\u00e4gheck; MAZDA: 5 CR19,3 BK,3 BL,3 Stufenheck BK,3 Stufenheck BL; VOLVO: V50 MW,C30,S40 II MS,C70 II Cabriolet,V40 Schr\u00e4gheck,XC40 536; 1223835, 1250820, 1255350, 1508111, 1674672, 1695818, 1783331, 1787358, 1820399, 1907038, 2084212, 3M513K099AC, 3M513K099AD, 3M515E211ND, 9M513K099AA, 9M513K099AB, DV613K099AB, DV613K099AC, DV613K099AD, DV613K099AF, BBM23438X, BP4K3438XA, BP4K3438XB, 30639948, 30666530, 31262470, 31451587, 31681448, 32221148<\/p>\n","protected":false},"excerpt":{"rendered":"<p>FEBI BILSTEIN Rullalaakeri, Jousijalkalaakeri 30841  FORD,MAZDA,VOLVO,FOCUS II Kombi DA_,FOCUS II DA_,FOCUS III Turnier,FOCUS C-MAX,KUGA I,C-MAX DM2<\/p>\n","protected":false},"featured_media":0,"template":"","meta":{"site-sidebar-layout":"default","site-content-layout":"default","ast-global-header-display":"","ast-main-header-display":"","ast-hfb-above-header-display":"","ast-hfb-below-header-display":"","ast-hfb-mobile-header-display":"","site-post-title":"","ast-breadcrumbs-content":"","ast-featured-img":"","footer-sml-layout":"","theme-transparent-header-meta":"","adv-header-id-meta":"","stick-header-meta":"","header-above-stick-meta":"","header-main-stick-meta":"","header-below-stick-meta":""},"pwb-brand":[50],"product_cat":[106],"product_tag":[],"class_list":{"0":"post-47481","1":"product","2":"type-product","3":"status-publish","5":"pwb-brand-febi-bilstein","6":"product_cat-iskunvaimentimen-tukilaakeri","7":"desktop-align-left","8":"tablet-align-left","9":"mobile-align-left","11":"first","12":"instock","13":"product-type-external"},"brands":[{"id":50,"name":"FEBI BILSTEIN","slug":"febi-bilstein"}],"_links":{"self":[{"href":"https:\/\/www.autonvaraosahaku.fi\/index.php?rest_route=\/wp\/v2\/product\/47481","targetHints":{"allow":["GET"]}}],"collection":[{"href":"https:\/\/www.autonvaraosahaku.fi\/index.php?rest_route=\/wp\/v2\/product"}],"about":[{"href":"https:\/\/www.autonvaraosahaku.fi\/index.php?rest_route=\/wp\/v2\/types\/product"}],"wp:attachment":[{"href":"https:\/\/www.autonvaraosahaku.fi\/index.php?rest_route=%2Fwp%2Fv2%2Fmedia&parent=47481"}],"wp:term":[{"taxonomy":"pwb-brand","embeddable":true,"href":"https:\/\/www.autonvaraosahaku.fi\/index.php?rest_route=%2Fwp%2Fv2%2Fpwb-brand&post=47481"},{"taxonomy":"product_cat","embeddable":true,"href":"https:\/\/www.autonvaraosahaku.fi\/index.php?rest_route=%2Fwp%2Fv2%2Fproduct_cat&post=47481"},{"taxonomy":"product_tag","embeddable":true,"href":"https:\/\/www.autonvaraosahaku.fi\/index.php?rest_route=%2Fwp%2Fv2%2Fproduct_tag&post=47481"}],"curies":[{"name":"wp","href":"https:\/\/api.w.org\/{rel}","templated":true}]}}