{"id":47511,"date":"2021-02-21T17:17:13","date_gmt":"2021-02-21T17:17:13","guid":{"rendered":"https:\/\/www.autonvaraosahaku.fi\/?product=trw-jar957-raidetangon-sisapaa"},"modified":"2021-02-21T17:17:16","modified_gmt":"2021-02-21T17:17:16","slug":"trw-jar957-raidetangon-sisapaa","status":"publish","type":"product","link":"https:\/\/www.autonvaraosahaku.fi\/?product=trw-jar957-raidetangon-sisapaa","title":{"rendered":"TRW JAR957 Raidetangon sis\u00e4p\u00e4\u00e4"},"content":{"rendered":"<p>Valmistaja rajaus: TRW; Lis\u00e4tarvike\/lis\u00e4tieto: Tarvikkeilla; Pituus (mm): 261; Kokonaispituus (mm): 300; Kierre 1: M18x1,5; kierre 2: M14x1,5; Huomioi tekniset tiedot: ; Asennuspuoli: Vorderachse beidseitig; OPEL: ASTRA H Caravan L35,ZAFIRA A F75_,ASTRA G CC F48_, F08_,ASTRA H L48,ASTRA G Caravan F35_,ASTRA H GTC L08,ASTRA H TwinTop L67,ASTRA G Cabriolet F67,ASTRA G Coupe F07_,ASTRA G Stufenheck F69_,ASTRA J Stufenheck,ASTRA H Stufenheck L69,ASTRA H Kasten L70,ASTRA G Kasten F70,ASTRA CLASSIC Caravan,ASTRA CLASSIC L48,ASTRA CLASSIC Stufenheck; VAUXHALL: ASTRA Mk V H CC,ZAFIRA Mk I A F75,ASTRA Mk V H Estate,ASTRA Mk V H Convertible,ASTRA Mk IV G CC,ASTRA Mk IV G Sedan,ASTRA Mk II CC,ASTRA Mk IV G Coupe F67,ASTRAVAN Mk IV G,ASTRAVAN Mk V H,ASTRA Mk IV G Convertible,ASTRA Mk IV G Estate; 1603216, 1603256, 1603302, 1603643, 9118128, 93179557, 93189450, 93191526, 1603216, 1603256, 1603302, 1603643, 9118128, 93179557, 93189450, 93191526; Raidetangon P\u00e4\u00e4 Sisempi,Raidetangon P\u00e4\u00e4, Suora<\/p>\n","protected":false},"excerpt":{"rendered":"<p>TRW Raidetangon Sis\u00e4p\u00e4\u00e4 JAR957 Raidetangon P\u00e4\u00e4 Sisempi,Raidetangon P\u00e4\u00e4, Suora OPEL,VAUXHALL,ASTRA H Caravan L35,ZAFIRA A F75_,ASTRA G CC F48_, F08_<\/p>\n","protected":false},"featured_media":0,"template":"","meta":{"site-sidebar-layout":"default","site-content-layout":"default","ast-global-header-display":"","ast-main-header-display":"","ast-hfb-above-header-display":"","ast-hfb-below-header-display":"","ast-hfb-mobile-header-display":"","site-post-title":"","ast-breadcrumbs-content":"","ast-featured-img":"","footer-sml-layout":"","theme-transparent-header-meta":"","adv-header-id-meta":"","stick-header-meta":"","header-above-stick-meta":"","header-main-stick-meta":"","header-below-stick-meta":""},"pwb-brand":[332],"product_cat":[208],"product_tag":[],"class_list":{"0":"post-47511","1":"product","2":"type-product","3":"status-publish","5":"pwb-brand-trw","6":"product_cat-raidetangon-sisapaa","7":"desktop-align-left","8":"tablet-align-left","9":"mobile-align-left","11":"first","12":"instock","13":"product-type-external"},"brands":[{"id":332,"name":"TRW","slug":"trw"}],"_links":{"self":[{"href":"https:\/\/www.autonvaraosahaku.fi\/index.php?rest_route=\/wp\/v2\/product\/47511","targetHints":{"allow":["GET"]}}],"collection":[{"href":"https:\/\/www.autonvaraosahaku.fi\/index.php?rest_route=\/wp\/v2\/product"}],"about":[{"href":"https:\/\/www.autonvaraosahaku.fi\/index.php?rest_route=\/wp\/v2\/types\/product"}],"wp:attachment":[{"href":"https:\/\/www.autonvaraosahaku.fi\/index.php?rest_route=%2Fwp%2Fv2%2Fmedia&parent=47511"}],"wp:term":[{"taxonomy":"pwb-brand","embeddable":true,"href":"https:\/\/www.autonvaraosahaku.fi\/index.php?rest_route=%2Fwp%2Fv2%2Fpwb-brand&post=47511"},{"taxonomy":"product_cat","embeddable":true,"href":"https:\/\/www.autonvaraosahaku.fi\/index.php?rest_route=%2Fwp%2Fv2%2Fproduct_cat&post=47511"},{"taxonomy":"product_tag","embeddable":true,"href":"https:\/\/www.autonvaraosahaku.fi\/index.php?rest_route=%2Fwp%2Fv2%2Fproduct_tag&post=47511"}],"curies":[{"name":"wp","href":"https:\/\/api.w.org\/{rel}","templated":true}]}}